{"id":32207,"date":"2014-06-26T04:55:39","date_gmt":"2014-06-26T04:55:39","guid":{"rendered":"https:\/\/www.myaquastore.com\/product\/bomba-submersa-suspensa-sunsun-hqj-900g-bomba-adicional-de-ar-bomba-de-filtro\/"},"modified":"2025-03-16T08:12:06","modified_gmt":"2025-03-16T08:12:06","slug":"bomba-submersa-suspensa-sunsun-hqj-900g-bomba-adicional-de-ar-bomba-de-filtro","status":"publish","type":"product","link":"https:\/\/www.myaquastore.com\/pt-br\/produto\/bomba-submersa-suspensa-sunsun-hqj-900g-bomba-adicional-de-ar-bomba-de-filtro\/","title":{"rendered":"Bomba submersa suspensa sunsun HQJ-900G, bomba adicional de ar, bomba de filtro"},"content":{"rendered":"<p><span style=\"font-size: large\">bomba submersa suspensa sunsun HQJ-900G, bomba de adi\u00e7\u00e3o de ar, bomba de filtro <\/span><\/p>\n<p><span style=\"font-size: large\">volts:220v 50hz<\/span><\/p>\n<p><span style=\"font-size: large\">pot\u00eancia:12w<\/span><\/p>\n<p><span style=\"font-size: large\">altura de sa\u00edda: 1,2 metros<\/span><\/p>\n<p><span style=\"font-size: large\">taxa de fluxo:900 litros\/hora<\/span><\/p>\n<p><span style=\"font-size: large\">Preven\u00e7\u00e3o de \u00e1gua com n\u00edvel IPX 8 <\/span><\/p>\n","protected":false},"excerpt":{"rendered":"<p>f\u00e1cil instala\u00e7\u00e3o<br \/>\n tanque fresco e marinho<\/p>\n","protected":false},"featured_media":221,"comment_status":"open","ping_status":"closed","template":"","meta":[],"product_brand":[],"product_cat":[1261],"product_tag":[],"class_list":{"0":"post-32207","1":"product","2":"type-product","3":"status-publish","4":"has-post-thumbnail","6":"product_cat-cabecas-poderosas","8":"first","9":"instock","10":"shipping-taxable","11":"purchasable","12":"product-type-simple"},"_links":{"self":[{"href":"https:\/\/www.myaquastore.com\/pt-br\/wp-json\/wp\/v2\/product\/32207","targetHints":{"allow":["GET"]}}],"collection":[{"href":"https:\/\/www.myaquastore.com\/pt-br\/wp-json\/wp\/v2\/product"}],"about":[{"href":"https:\/\/www.myaquastore.com\/pt-br\/wp-json\/wp\/v2\/types\/product"}],"replies":[{"embeddable":true,"href":"https:\/\/www.myaquastore.com\/pt-br\/wp-json\/wp\/v2\/comments?post=32207"}],"wp:featuredmedia":[{"embeddable":true,"href":"https:\/\/www.myaquastore.com\/pt-br\/wp-json\/wp\/v2\/media\/221"}],"wp:attachment":[{"href":"https:\/\/www.myaquastore.com\/pt-br\/wp-json\/wp\/v2\/media?parent=32207"}],"wp:term":[{"taxonomy":"product_brand","embeddable":true,"href":"https:\/\/www.myaquastore.com\/pt-br\/wp-json\/wp\/v2\/product_brand?post=32207"},{"taxonomy":"product_cat","embeddable":true,"href":"https:\/\/www.myaquastore.com\/pt-br\/wp-json\/wp\/v2\/product_cat?post=32207"},{"taxonomy":"product_tag","embeddable":true,"href":"https:\/\/www.myaquastore.com\/pt-br\/wp-json\/wp\/v2\/product_tag?post=32207"}],"curies":[{"name":"wp","href":"https:\/\/api.w.org\/{rel}","templated":true}]}}