{"id":32209,"date":"2014-06-26T05:26:20","date_gmt":"2014-06-26T05:26:20","guid":{"rendered":"https:\/\/www.myaquastore.com\/product\/bomba-de-submersao-sunsun-jtp-3800-bomba-de-frequencia-variavel-50-de-economia-de-energia\/"},"modified":"2025-03-16T08:12:07","modified_gmt":"2025-03-16T08:12:07","slug":"bomba-de-submersao-sunsun-jtp-3800-bomba-de-frequencia-variavel-50-de-economia-de-energia","status":"publish","type":"product","link":"https:\/\/www.myaquastore.com\/pt-br\/produto\/bomba-de-submersao-sunsun-jtp-3800-bomba-de-frequencia-variavel-50-de-economia-de-energia\/","title":{"rendered":"Bomba de submers\u00e3o sunsun jtp-3800, bomba de frequ\u00eancia vari\u00e1vel, 50% de economia de energia"},"content":{"rendered":"<p><span style=\"font-size: small;color: #3366ff\">Bomba Jtp-3800, marca sunsun, fun\u00e7\u00e3o de frequ\u00eancia vari\u00e1vel, economiza 50% de energia<\/span><\/p>\n<p><span style=\"font-size: small;color: #3366ff\">volts:220v 50z<\/span><\/p>\n<p><span style=\"font-size: small;color: #3366ff\">pot\u00eancia:25w<\/span><\/p>\n<p><span style=\"font-size: small;color: #3366ff\">Eleva\u00e7\u00e3o da bomba: 3,8 metros<\/span><\/p>\n<p><span style=\"font-size: small;color: #3366ff\">vaz\u00e3o: 3.800 litros\/hora<\/span><\/p>\n<p><span style=\"font-size: small;color: #3366ff\">tamanho: 175mmX115mmX75mm<\/span><\/p>\n<p><span style=\"font-size: small;color: #3366ff\">rotor feito de tombarthite, adequado para aqu\u00e1rios frescos e salgados, n\u00e3o enferruja<\/span><\/p>\n","protected":false},"excerpt":{"rendered":"<p>alto efeito, fun\u00e7\u00e3o de frequ\u00eancia vari\u00e1vel, economia de energia de 50%<\/p>\n","protected":false},"featured_media":237,"comment_status":"open","ping_status":"closed","template":"","meta":[],"product_brand":[],"product_cat":[777],"product_tag":[],"class_list":{"0":"post-32209","1":"product","2":"type-product","3":"status-publish","4":"has-post-thumbnail","6":"product_cat-bombas-de-agua","8":"first","9":"instock","10":"shipping-taxable","11":"purchasable","12":"product-type-simple"},"_links":{"self":[{"href":"https:\/\/www.myaquastore.com\/pt-br\/wp-json\/wp\/v2\/product\/32209","targetHints":{"allow":["GET"]}}],"collection":[{"href":"https:\/\/www.myaquastore.com\/pt-br\/wp-json\/wp\/v2\/product"}],"about":[{"href":"https:\/\/www.myaquastore.com\/pt-br\/wp-json\/wp\/v2\/types\/product"}],"replies":[{"embeddable":true,"href":"https:\/\/www.myaquastore.com\/pt-br\/wp-json\/wp\/v2\/comments?post=32209"}],"wp:featuredmedia":[{"embeddable":true,"href":"https:\/\/www.myaquastore.com\/pt-br\/wp-json\/wp\/v2\/media\/237"}],"wp:attachment":[{"href":"https:\/\/www.myaquastore.com\/pt-br\/wp-json\/wp\/v2\/media?parent=32209"}],"wp:term":[{"taxonomy":"product_brand","embeddable":true,"href":"https:\/\/www.myaquastore.com\/pt-br\/wp-json\/wp\/v2\/product_brand?post=32209"},{"taxonomy":"product_cat","embeddable":true,"href":"https:\/\/www.myaquastore.com\/pt-br\/wp-json\/wp\/v2\/product_cat?post=32209"},{"taxonomy":"product_tag","embeddable":true,"href":"https:\/\/www.myaquastore.com\/pt-br\/wp-json\/wp\/v2\/product_tag?post=32209"}],"curies":[{"name":"wp","href":"https:\/\/api.w.org\/{rel}","templated":true}]}}