{"id":32211,"date":"2014-06-26T05:57:27","date_gmt":"2014-06-26T05:57:27","guid":{"rendered":"https:\/\/www.myaquastore.com\/product\/bomba-sunsun-jvp110-waver-maker-para-nano-tanque-2-5w-2000l-h-versao-110v-220v\/"},"modified":"2025-03-16T08:12:07","modified_gmt":"2025-03-16T08:12:07","slug":"bomba-sunsun-jvp110-waver-maker-para-nano-tanque-2-5w-2000l-h-versao-110v-220v","status":"publish","type":"product","link":"https:\/\/www.myaquastore.com\/pt-br\/produto\/bomba-sunsun-jvp110-waver-maker-para-nano-tanque-2-5w-2000l-h-versao-110v-220v\/","title":{"rendered":"Bomba sunsun jvp110 waver maker para nano tanque 2.5w 2000L\/h vers\u00e3o 110v\/220v"},"content":{"rendered":"<p><span style=\"font-size: small;color: #0000ff\"><strong>bomba sunsun jvp110 Wave Maker<\/strong><\/span><\/p>\n<ul>\n<li><span style=\"font-size: small;color: #0000ff\">Dire\u00e7\u00e3o da onda ajust\u00e1vel<\/span><\/li>\n<li><span style=\"font-size: small;color: #0000ff\">pot\u00eancia:2,5w<\/span><\/li>\n<li><span style=\"font-size: small;color: #0000ff\">vaz\u00e3o: 2000L\/H<\/span><\/li>\n<li><span style=\"font-size: small;color: #0000ff\">Ventosa poderosa para fixar o gerador de ondas ao tanque<\/span><\/li>\n<li><span style=\"font-size: small;color: #0000ff\">Design de h\u00e9lice exclusivo para criar uma onda natural em aqu\u00e1rios<\/span><\/li>\n<li><span style=\"font-size: small;color: #0000ff\">tamanho 4cm x 5,8cm x 7cm<\/span><\/li>\n<li><span style=\"font-size: small;color: #0000ff\">Fonte de alimenta\u00e7\u00e3o 220v\/110v 50hz\/60hz<\/span><\/li>\n<\/ul>\n","protected":false},"excerpt":{"rendered":"<p>para nano tanque,<br \/>\n uso f\u00e1cil<\/p>\n","protected":false},"featured_media":255,"comment_status":"open","ping_status":"closed","template":"","meta":[],"product_brand":[],"product_cat":[795],"product_tag":[],"class_list":{"0":"post-32211","1":"product","2":"type-product","3":"status-publish","4":"has-post-thumbnail","6":"product_cat-criadores-de-ondas","8":"first","9":"instock","10":"shipping-taxable","11":"purchasable","12":"product-type-simple"},"_links":{"self":[{"href":"https:\/\/www.myaquastore.com\/pt-br\/wp-json\/wp\/v2\/product\/32211","targetHints":{"allow":["GET"]}}],"collection":[{"href":"https:\/\/www.myaquastore.com\/pt-br\/wp-json\/wp\/v2\/product"}],"about":[{"href":"https:\/\/www.myaquastore.com\/pt-br\/wp-json\/wp\/v2\/types\/product"}],"replies":[{"embeddable":true,"href":"https:\/\/www.myaquastore.com\/pt-br\/wp-json\/wp\/v2\/comments?post=32211"}],"wp:featuredmedia":[{"embeddable":true,"href":"https:\/\/www.myaquastore.com\/pt-br\/wp-json\/wp\/v2\/media\/255"}],"wp:attachment":[{"href":"https:\/\/www.myaquastore.com\/pt-br\/wp-json\/wp\/v2\/media?parent=32211"}],"wp:term":[{"taxonomy":"product_brand","embeddable":true,"href":"https:\/\/www.myaquastore.com\/pt-br\/wp-json\/wp\/v2\/product_brand?post=32211"},{"taxonomy":"product_cat","embeddable":true,"href":"https:\/\/www.myaquastore.com\/pt-br\/wp-json\/wp\/v2\/product_cat?post=32211"},{"taxonomy":"product_tag","embeddable":true,"href":"https:\/\/www.myaquastore.com\/pt-br\/wp-json\/wp\/v2\/product_tag?post=32211"}],"curies":[{"name":"wp","href":"https:\/\/api.w.org\/{rel}","templated":true}]}}