{"id":32227,"date":"2014-06-27T06:15:09","date_gmt":"2014-06-27T06:15:09","guid":{"rendered":"https:\/\/www.myaquastore.com\/product\/ornamento-para-aquario-com-vista-para-a-montanha-casa-na-arvore-ponte-decoracao-de-tanque-de-peixes-11\/"},"modified":"2025-03-16T08:12:10","modified_gmt":"2025-03-16T08:12:10","slug":"ornamento-para-aquario-com-vista-para-a-montanha-casa-na-arvore-ponte-decoracao-de-tanque-de-peixes-11","status":"publish","type":"product","link":"https:\/\/www.myaquastore.com\/pt-br\/produto\/ornamento-para-aquario-com-vista-para-a-montanha-casa-na-arvore-ponte-decoracao-de-tanque-de-peixes-11\/","title":{"rendered":"Ornamento para aqu\u00e1rio com vista para a montanha, casa na \u00e1rvore, ponte, decora\u00e7\u00e3o de tanque de peixes #11"},"content":{"rendered":"<p><span style=\"color: #99cc00;font-family: 'Century Gothic'\"><strong>Descri\u00e7\u00e3o<\/strong><\/span><\/p>\n<p><span style=\"color: #ff0066;font-family: 'Century Gothic'\"><span>&#8211; O ornamento \u00e9 feito de<em><strong> resina n\u00e3o t\u00f3xica <\/strong><\/em><\/span><\/span><span><span style=\"color: #000006;font-family: Verdana, Arial, Helvetica, sans-serif\"><span>e \u00e9 um enfeite emocionante em qualquer aqu\u00e1rio.<br \/><\/span><\/span><span style=\"color: #008000;font-family: 'Century Gothic'\">&#8211; Oferece a sensa\u00e7\u00e3o de ambiente natural.<\/span><span style=\"color: #ff0066;font-family: 'Century Gothic'\"><br \/>&#8211; Transforme seu aqu\u00e1rio em um belo cen\u00e1rio.<br \/><\/span><span style=\"color: #008000;font-family: 'Century Gothic'\">&#8211; \u00c9 vividamente e com cores detalhadas para adicionar vida viva e natural ao seu aqu\u00e1rio.<\/span><span style=\"color: #ff0066;font-family: 'Century Gothic'\"><br \/>&#8211; \u00c9 \u00f3timo decorar seu aqu\u00e1rio o tempo todo com o m\u00ednimo de responsabilidade e manuten\u00e7\u00e3o.<br \/><\/span><span style=\"color: #008000;font-family: 'Century Gothic'\">&#8211; <\/span><\/span><span style=\"color: #000000\"><span><span style=\"color: #008000;font-family: 'Century Gothic'\"><span>Eles s\u00e3o absolutamente seguros para peixes e o melhor de tudo, n\u00e3o morrem, apodrecem ou causam problemas de algas.<\/span><\/span><\/span><\/span><\/p>\n<p><span style=\"color: #000000;font-family: Verdana, Arial, Helvetica, sans-serif\"><span><span style=\"color: #008000;font-family: 'Century Gothic'\"><span>antes de coloc\u00e1-lo no aqu\u00e1rio, coloque-o na \u00e1gua por 24 horas<\/span><\/span><\/span><\/span><\/p>\n","protected":false},"excerpt":{"rendered":"<p>Vista para a montanha<\/p>\n","protected":false},"featured_media":353,"comment_status":"open","ping_status":"closed","template":"","meta":[],"product_brand":[],"product_cat":[1263],"product_tag":[],"class_list":{"0":"post-32227","1":"product","2":"type-product","3":"status-publish","4":"has-post-thumbnail","6":"product_cat-rochas-artificiais-e-madeira","8":"first","9":"instock","10":"shipping-taxable","11":"purchasable","12":"product-type-simple"},"_links":{"self":[{"href":"https:\/\/www.myaquastore.com\/pt-br\/wp-json\/wp\/v2\/product\/32227","targetHints":{"allow":["GET"]}}],"collection":[{"href":"https:\/\/www.myaquastore.com\/pt-br\/wp-json\/wp\/v2\/product"}],"about":[{"href":"https:\/\/www.myaquastore.com\/pt-br\/wp-json\/wp\/v2\/types\/product"}],"replies":[{"embeddable":true,"href":"https:\/\/www.myaquastore.com\/pt-br\/wp-json\/wp\/v2\/comments?post=32227"}],"wp:featuredmedia":[{"embeddable":true,"href":"https:\/\/www.myaquastore.com\/pt-br\/wp-json\/wp\/v2\/media\/353"}],"wp:attachment":[{"href":"https:\/\/www.myaquastore.com\/pt-br\/wp-json\/wp\/v2\/media?parent=32227"}],"wp:term":[{"taxonomy":"product_brand","embeddable":true,"href":"https:\/\/www.myaquastore.com\/pt-br\/wp-json\/wp\/v2\/product_brand?post=32227"},{"taxonomy":"product_cat","embeddable":true,"href":"https:\/\/www.myaquastore.com\/pt-br\/wp-json\/wp\/v2\/product_cat?post=32227"},{"taxonomy":"product_tag","embeddable":true,"href":"https:\/\/www.myaquastore.com\/pt-br\/wp-json\/wp\/v2\/product_tag?post=32227"}],"curies":[{"name":"wp","href":"https:\/\/api.w.org\/{rel}","templated":true}]}}