{"id":32232,"date":"2014-06-28T14:18:12","date_gmt":"2014-06-28T14:18:12","guid":{"rendered":"https:\/\/www.myaquastore.com\/product\/bomba-sunsun-jvp-102a-jvp-102b-wave-maker\/"},"modified":"2025-03-16T08:12:12","modified_gmt":"2025-03-16T08:12:12","slug":"bomba-sunsun-jvp-102a-jvp-102b-wave-maker","status":"publish","type":"product","link":"https:\/\/www.myaquastore.com\/pt-br\/produto\/bomba-sunsun-jvp-102a-jvp-102b-wave-maker\/","title":{"rendered":"Bomba Sunsun JVP-102A JVP-102B Wave Maker"},"content":{"rendered":"<p><span style=\"color: #0000ff;font-size: large\"><strong>SUNSUN \u00e9 uma nova e inovadora linha de bombas de circula\u00e7\u00e3o para aqu\u00e1rios. O design e a tecnologia exclusivos Hydor garantem um fluxo de \u00e1gua cont\u00ednuo e poderoso. Alto desempenho, baixo consumo de energia, manuten\u00e7\u00e3o r\u00e1pida e f\u00e1cil. <\/strong><\/span><\/p>\n<p><span style=\"color: #0000ff;font-size: large\"><strong>material de borracha de alta qualidade, tr\u00eas bandejas de absor\u00e7\u00e3o refor\u00e7adas, adequadas para fixar superf\u00edcies lisas. <\/strong><\/span><\/p>\n<p><span style=\"color: #0000ff;font-size: large\"><strong>circungira\u00e7\u00e3o de 360 \u200b\u200bgraus <\/strong><\/span><br \/><span style=\"color: #0000ff;font-size: large\"><strong>Impulsor de grande fluxo <\/strong><\/span><\/p>\n<p><span style=\"color: #0000ff;font-size: grande\"><strong>Tens\u00e3o:110V\/220V\/240V <\/strong><\/span><br \/><span style=\"color: #0000ff\"><strong>Frequ\u00eancia:50Hz\/60Hz <\/strong><\/span><br \/><span style=\"color: #0000ff\"><strong>Pot\u00eancia: 12W; <\/strong><\/span><br \/><span style=\"color: #0000ff;font-size: large\"><strong>H-Max:0,6m <\/strong><\/span><br \/><span style=\"color: #0000ff;font-size: large\"><strong>Sa\u00edda:5000\/H <\/strong><\/span><br \/><span style=\"color: #0000ff;font-size: grande\"><strong>Peso: 0,5kg<\/strong><\/span><\/p>\n<p><span style=\"color: #0000ff;font-size: large\"><strong>Tamanho:11cm*9cm<\/strong><\/span><\/p>\n<p><span style=\"color: #0000ff;font-size: large\"><strong>ventosa ou suporte magn\u00e9tico<\/strong><\/span><\/p>\n","protected":false},"excerpt":{"rendered":"<p>bomba pequena do fabricante de oscila\u00e7\u00e3o<br \/>\n para uso em nanotanque<\/p>\n","protected":false},"featured_media":387,"comment_status":"open","ping_status":"closed","template":"","meta":[],"product_brand":[],"product_cat":[795],"product_tag":[],"class_list":{"0":"post-32232","1":"product","2":"type-product","3":"status-publish","4":"has-post-thumbnail","6":"product_cat-criadores-de-ondas","8":"first","9":"instock","10":"shipping-taxable","11":"purchasable","12":"product-type-simple"},"_links":{"self":[{"href":"https:\/\/www.myaquastore.com\/pt-br\/wp-json\/wp\/v2\/product\/32232","targetHints":{"allow":["GET"]}}],"collection":[{"href":"https:\/\/www.myaquastore.com\/pt-br\/wp-json\/wp\/v2\/product"}],"about":[{"href":"https:\/\/www.myaquastore.com\/pt-br\/wp-json\/wp\/v2\/types\/product"}],"replies":[{"embeddable":true,"href":"https:\/\/www.myaquastore.com\/pt-br\/wp-json\/wp\/v2\/comments?post=32232"}],"wp:featuredmedia":[{"embeddable":true,"href":"https:\/\/www.myaquastore.com\/pt-br\/wp-json\/wp\/v2\/media\/387"}],"wp:attachment":[{"href":"https:\/\/www.myaquastore.com\/pt-br\/wp-json\/wp\/v2\/media?parent=32232"}],"wp:term":[{"taxonomy":"product_brand","embeddable":true,"href":"https:\/\/www.myaquastore.com\/pt-br\/wp-json\/wp\/v2\/product_brand?post=32232"},{"taxonomy":"product_cat","embeddable":true,"href":"https:\/\/www.myaquastore.com\/pt-br\/wp-json\/wp\/v2\/product_cat?post=32232"},{"taxonomy":"product_tag","embeddable":true,"href":"https:\/\/www.myaquastore.com\/pt-br\/wp-json\/wp\/v2\/product_tag?post=32232"}],"curies":[{"name":"wp","href":"https:\/\/api.w.org\/{rel}","templated":true}]}}