{"id":32239,"date":"2014-06-28T09:57:11","date_gmt":"2014-06-28T09:57:11","guid":{"rendered":"https:\/\/www.myaquastore.com\/product\/bomba-de-ar-dc-resun-mpq-902\/"},"modified":"2025-03-16T08:12:14","modified_gmt":"2025-03-16T08:12:14","slug":"bomba-de-ar-dc-resun-mpq-902","status":"publish","type":"product","link":"https:\/\/www.myaquastore.com\/pt-br\/produto\/bomba-de-ar-dc-resun-mpq-902\/","title":{"rendered":"Bomba de ar DC Resun MPQ-902"},"content":{"rendered":"<p><span style=\"color: #3366ff\">CARACTER\u00cdSTICAS DO PRODUTO:<\/span><br \/><span style=\"color: #3366ff\">1.Baixo ru\u00eddo, economia de energia e favor\u00e1vel ao meio ambiente sem \u00f3leo.<\/span><br \/><span style=\"color: #3366ff\">2.Longa vida \u00fatil com diafragma resistente a libras, rolamento de alta qualidade e centr\u00edfugo eixo.<\/span><br \/><span style=\"color: #3366ff\">3.Conveniente para obter ar puro assim que as baterias de armazenamento correspondentes estiverem conectadas.<\/span><\/p>\n<p><span style=\"color: #3366ff\">AVISO DE SEGURAN\u00c7A:<\/span><br \/><span style=\"color: #3366ff\">1.Verifique se a tens\u00e3o fornecida est\u00e1 de acordo com os requisitos.<\/span><br \/><span style=\"color: #3366ff\">2. Evite coloc\u00e1-lo na \u00e1gua, na insola\u00e7\u00e3o e bater para garantir sua vida normal.<\/span><\/p>\n<p><span style=\"color: #3366ff\">ESCOPO DE APLICA\u00c7\u00c3O:<\/span><br \/><span style=\"color: #3366ff\">Usado para fornecer oxig\u00eanio aos peixes vivos em ve\u00edculos, lojas e restaurantes.<\/span><\/p>\n<p><span style=\"color: #3366ff\">PAR\u00c2METRO T\u00c9CNICO:<\/span><br \/><span style=\"color: #3366ff\">VOLT:12V<\/span><br \/><span style=\"color: #3366ff\">POT\u00caNCIA:18W<\/span><br \/><span style=\"color: #3366ff\">ATUAL:1,2A<\/span><br \/><span style=\"color: #3366ff\">PRESS\u00c3O:0,060MPa<\/span><br \/><span style=\"color: #3366ff\">SA\u00cdDA:38L\/min<\/span><br \/><span style=\"color: #3366ff\">DIA.OF SA\u00cdDA:10mm<\/span><br \/><span style=\"color: #3366ff\">ESPEC.OF DMDER:6<\/span><br \/><span style=\"color: #3366ff\">PESO:0,53kg<\/span><br \/><span style=\"color: #3366ff\">DIMENS\u00c3O:177x98x127mm<\/span><\/p>\n","protected":false},"excerpt":{"rendered":"<p>Bomba de ar DC Resun MPQ-902<\/p>\n","protected":false},"featured_media":446,"comment_status":"open","ping_status":"closed","template":"","meta":[],"product_brand":[],"product_cat":[1264],"product_tag":[],"class_list":{"0":"post-32239","1":"product","2":"type-product","3":"status-publish","4":"has-post-thumbnail","6":"product_cat-bombas-de-ar-para-aquario","8":"first","9":"instock","10":"shipping-taxable","11":"purchasable","12":"product-type-simple"},"_links":{"self":[{"href":"https:\/\/www.myaquastore.com\/pt-br\/wp-json\/wp\/v2\/product\/32239","targetHints":{"allow":["GET"]}}],"collection":[{"href":"https:\/\/www.myaquastore.com\/pt-br\/wp-json\/wp\/v2\/product"}],"about":[{"href":"https:\/\/www.myaquastore.com\/pt-br\/wp-json\/wp\/v2\/types\/product"}],"replies":[{"embeddable":true,"href":"https:\/\/www.myaquastore.com\/pt-br\/wp-json\/wp\/v2\/comments?post=32239"}],"wp:featuredmedia":[{"embeddable":true,"href":"https:\/\/www.myaquastore.com\/pt-br\/wp-json\/wp\/v2\/media\/446"}],"wp:attachment":[{"href":"https:\/\/www.myaquastore.com\/pt-br\/wp-json\/wp\/v2\/media?parent=32239"}],"wp:term":[{"taxonomy":"product_brand","embeddable":true,"href":"https:\/\/www.myaquastore.com\/pt-br\/wp-json\/wp\/v2\/product_brand?post=32239"},{"taxonomy":"product_cat","embeddable":true,"href":"https:\/\/www.myaquastore.com\/pt-br\/wp-json\/wp\/v2\/product_cat?post=32239"},{"taxonomy":"product_tag","embeddable":true,"href":"https:\/\/www.myaquastore.com\/pt-br\/wp-json\/wp\/v2\/product_tag?post=32239"}],"curies":[{"name":"wp","href":"https:\/\/api.w.org\/{rel}","templated":true}]}}