{"id":32251,"date":"2014-06-29T02:28:56","date_gmt":"2014-06-29T02:28:56","guid":{"rendered":"https:\/\/www.myaquastore.com\/product\/bombas-submersiveis-para-tanque-de-peixes-aquario-fresco-marinho-bomba-de-agua-hqb-3900-100w\/"},"modified":"2025-03-16T08:12:17","modified_gmt":"2025-03-16T08:12:17","slug":"bombas-submersiveis-para-tanque-de-peixes-aquario-fresco-marinho-bomba-de-agua-hqb-3900-100w","status":"publish","type":"product","link":"https:\/\/www.myaquastore.com\/pt-br\/produto\/bombas-submersiveis-para-tanque-de-peixes-aquario-fresco-marinho-bomba-de-agua-hqb-3900-100w\/","title":{"rendered":"Bombas submers\u00edveis para tanque de peixes, aqu\u00e1rio fresco marinho, bomba de \u00e1gua HQB-3900 100W"},"content":{"rendered":"<div align=\"left\"><span style=\"font-size: large;color: #0000ff\">Bomba de submers\u00e3o HQB-3900<br \/><\/span><\/div>\n<div> <\/div>\n<p align=\"left\"><span style=\"font-size: large;color: #0000ff\">Especifica\u00e7\u00f5es:<\/span><\/p>\n<div>\n<ul>\n<li>\n<div align=\"left\"><span style=\"color: #0000ff\">220V &#8211; 50Hz<\/span><\/div>\n<\/li>\n<li>\n<div align=\"left\"><span style=\"color: #0000ff\">Watts: 100W<\/span><\/div>\n<\/li>\n<li>\n<div align=\"left\"><span style=\"color: #0000ff\">eleva\u00e7\u00e3o: 4 metros<\/span><\/div>\n<\/li>\n<li>\n<div align=\"left\"><span style=\"color: #0000ff\">Vaz\u00e3o: 3.500 litros\/hora<\/span><\/div>\n<\/li>\n<li>\n<div align=\"left\"><span style=\"color: #0000ff\"><span>tamanho\uff08LxBxH\uff09\uff1a175x140x170mm<\/span><\/span><\/div>\n<\/li>\n<\/ul><\/div>\n","protected":false},"excerpt":{"rendered":"<p>f\u00e1cil de usar e limpar<br \/>\n para aqu\u00e1rio marinho e fresco<\/p>\n","protected":false},"featured_media":516,"comment_status":"open","ping_status":"closed","template":"","meta":[],"product_brand":[],"product_cat":[777],"product_tag":[],"class_list":{"0":"post-32251","1":"product","2":"type-product","3":"status-publish","4":"has-post-thumbnail","6":"product_cat-bombas-de-agua","8":"first","9":"instock","10":"shipping-taxable","11":"purchasable","12":"product-type-simple"},"_links":{"self":[{"href":"https:\/\/www.myaquastore.com\/pt-br\/wp-json\/wp\/v2\/product\/32251","targetHints":{"allow":["GET"]}}],"collection":[{"href":"https:\/\/www.myaquastore.com\/pt-br\/wp-json\/wp\/v2\/product"}],"about":[{"href":"https:\/\/www.myaquastore.com\/pt-br\/wp-json\/wp\/v2\/types\/product"}],"replies":[{"embeddable":true,"href":"https:\/\/www.myaquastore.com\/pt-br\/wp-json\/wp\/v2\/comments?post=32251"}],"wp:featuredmedia":[{"embeddable":true,"href":"https:\/\/www.myaquastore.com\/pt-br\/wp-json\/wp\/v2\/media\/516"}],"wp:attachment":[{"href":"https:\/\/www.myaquastore.com\/pt-br\/wp-json\/wp\/v2\/media?parent=32251"}],"wp:term":[{"taxonomy":"product_brand","embeddable":true,"href":"https:\/\/www.myaquastore.com\/pt-br\/wp-json\/wp\/v2\/product_brand?post=32251"},{"taxonomy":"product_cat","embeddable":true,"href":"https:\/\/www.myaquastore.com\/pt-br\/wp-json\/wp\/v2\/product_cat?post=32251"},{"taxonomy":"product_tag","embeddable":true,"href":"https:\/\/www.myaquastore.com\/pt-br\/wp-json\/wp\/v2\/product_tag?post=32251"}],"curies":[{"name":"wp","href":"https:\/\/api.w.org\/{rel}","templated":true}]}}