{"id":32274,"date":"2014-05-06T19:18:59","date_gmt":"2014-05-06T19:18:59","guid":{"rendered":"https:\/\/www.myaquastore.com\/product\/filtro-bio-esponja-reproducao-fry-betta-camarao-nano-aquario-de-peixes-ate-20-galoes\/"},"modified":"2025-03-16T08:12:28","modified_gmt":"2025-03-16T08:12:28","slug":"filtro-bio-esponja-reproducao-fry-betta-camarao-nano-aquario-de-peixes-ate-20-galoes","status":"publish","type":"product","link":"https:\/\/www.myaquastore.com\/pt-br\/produto\/filtro-bio-esponja-reproducao-fry-betta-camarao-nano-aquario-de-peixes-ate-20-galoes\/","title":{"rendered":"Filtro Bio Esponja Reprodu\u00e7\u00e3o Fry Betta Camar\u00e3o Nano Aqu\u00e1rio de peixes at\u00e9 20 gal\u00f5es"},"content":{"rendered":"<p><span style=\"font-size: large;color: #3366ff\">Filtro biol\u00f3gico f\u00e1cil de usar para peixes de aqu\u00e1rio tropicais<\/span><\/p>\n<p><span style=\"font-size: large;color: #3366ff\">Esponja de filtro de aqu\u00e1rio para filtragem biol\u00f3gica eficiente<\/span><\/p>\n<p><span style=\"font-size: large;color: #3366ff\">\u00d3timo filtro biol\u00f3gico para aqu\u00e1rios de reprodu\u00e7\u00e3o ou desova<\/span><\/p>\n<p><span style=\"font-size: large;color: #3366ff\">Produzido a partir de material de filtro hidrof\u00edlico de alta qualidade. O design multiestratos oferece grande \u00e1rea de superf\u00edcie para filtragem ideal.<\/span><\/p>\n<p><span style=\"font-size: large;color: #3366ff\">Fornece o local ideal para coloniza\u00e7\u00e3o bacteriana.<\/span><\/p>\n<p><span style=\"font-size: large;color: #3366ff\">Operado por uma bomba de ar para criar in\u00fameras bolhas min\u00fasculas para aumentar o conte\u00fado de oxig\u00eanio dissolvido.<\/span><\/p>\n<p><span style=\"font-size: large;color: #3366ff\">Esponja de filtro substitu\u00edvel permite uso duradouro.<\/span><\/p>\n<p><span style=\"font-size: large;color: #3366ff\">N\u00e3o prende peixes fritos. Filtro adequado para reprodu\u00e7\u00e3o e desova de Discus, cicl\u00eddeos an\u00f5es, guppies e killifish.<\/span><\/p>\n<p><span style=\"font-size: grande\"> <\/span><\/p>\n<p><span style=\"font-size: large;color: #3366ff\">Esses filtros permitem cultivar bact\u00e9rias nitrificantes para uma filtragem biol\u00f3gica excelente. \u00d3timo para aqu\u00e1rios de alevins e incubat\u00f3rios de art\u00e9mia porque evitam que os alevins fiquem presos no meio filtrante. Opera silenciosamente, criando in\u00fameras bolhas min\u00fasculas para aumentar o fluxo de oxig\u00eanio.<\/span><\/p>\n<p><span style=\"font-size: grande\"> <\/span><\/p>\n<p><span style=\"font-size: large;color: #3366ff\">Cada um requer uma bomba de ar e um tubo de ventila\u00e7\u00e3o, vendidos separadamente.<\/span><\/p>\n<p><span style=\"font-size: grande\"> <\/span><\/p>\n<p><span style=\"font-size: large;color: #3366ff\">Manuten\u00e7\u00e3o<\/span><\/p>\n<p><span style=\"font-size: grande\"> <\/span><\/p>\n<p><span style=\"font-size: large;color: #3366ff\">Enx\u00e1gue a esponja com \u00e1gua corrente fria ou morna semanalmente. N\u00c3O use \u00e1gua quente ou muito fria, pois isso destruir\u00e1 as bact\u00e9rias que colonizam a esponja.<\/span><\/p>\n<p><span style=\"font-size: large;color: #3366ff\">N\u00e3o use sab\u00e3o ou detergente ao enxaguar a esponja.<\/span><\/p>\n","protected":false},"excerpt":{"rendered":"<p>pequeno filtro de esponja Bio para tanque pequeno<\/p>\n","protected":false},"featured_media":708,"comment_status":"open","ping_status":"closed","template":"","meta":[],"product_brand":[],"product_cat":[1266],"product_tag":[],"class_list":{"0":"post-32274","1":"product","2":"type-product","3":"status-publish","4":"has-post-thumbnail","6":"product_cat-filtros-de-esponja-para-aquario","8":"first","9":"instock","10":"shipping-taxable","11":"purchasable","12":"product-type-simple"},"_links":{"self":[{"href":"https:\/\/www.myaquastore.com\/pt-br\/wp-json\/wp\/v2\/product\/32274","targetHints":{"allow":["GET"]}}],"collection":[{"href":"https:\/\/www.myaquastore.com\/pt-br\/wp-json\/wp\/v2\/product"}],"about":[{"href":"https:\/\/www.myaquastore.com\/pt-br\/wp-json\/wp\/v2\/types\/product"}],"replies":[{"embeddable":true,"href":"https:\/\/www.myaquastore.com\/pt-br\/wp-json\/wp\/v2\/comments?post=32274"}],"wp:featuredmedia":[{"embeddable":true,"href":"https:\/\/www.myaquastore.com\/pt-br\/wp-json\/wp\/v2\/media\/708"}],"wp:attachment":[{"href":"https:\/\/www.myaquastore.com\/pt-br\/wp-json\/wp\/v2\/media?parent=32274"}],"wp:term":[{"taxonomy":"product_brand","embeddable":true,"href":"https:\/\/www.myaquastore.com\/pt-br\/wp-json\/wp\/v2\/product_brand?post=32274"},{"taxonomy":"product_cat","embeddable":true,"href":"https:\/\/www.myaquastore.com\/pt-br\/wp-json\/wp\/v2\/product_cat?post=32274"},{"taxonomy":"product_tag","embeddable":true,"href":"https:\/\/www.myaquastore.com\/pt-br\/wp-json\/wp\/v2\/product_tag?post=32274"}],"curies":[{"name":"wp","href":"https:\/\/api.w.org\/{rel}","templated":true}]}}