{"id":32275,"date":"2014-05-06T19:34:51","date_gmt":"2014-05-06T19:34:51","guid":{"rendered":"https:\/\/www.myaquastore.com\/product\/50-pecas-1-bio-bolas-para-midia-de-filtro-de-aquario-tanque-de-peixes-em-saco\/"},"modified":"2025-03-16T08:12:29","modified_gmt":"2025-03-16T08:12:29","slug":"50-pecas-1-bio-bolas-para-midia-de-filtro-de-aquario-tanque-de-peixes-em-saco","status":"publish","type":"product","link":"https:\/\/www.myaquastore.com\/pt-br\/produto\/50-pecas-1-bio-bolas-para-midia-de-filtro-de-aquario-tanque-de-peixes-em-saco\/","title":{"rendered":"50 pe\u00e7as 1 &#8220;bio bolas para m\u00eddia de filtro de aqu\u00e1rio tanque de peixes em saco"},"content":{"rendered":"<p><span style=\"color: #0000ff;font-size: large\">Esclare\u00e7a sua \u00e1gua naturalmente e cultive bact\u00e9rias ben\u00e9ficas com estas Biobolas de Polipropileno.<\/span><\/p>\n<p><span style=\"color: #0000ff;font-size: large\">Eles promovem as trocas gasosas e aumentam os n\u00edveis de oxig\u00eanio dissolvido e, em seguida, filtram a \u00e1gua \u00e0 medida que as biobolas se combinam com os res\u00edduos org\u00e2nicos para dissolv\u00ea-la.<\/span><\/p>\n<p><span style=\"color: #0000ff;font-size: large\">Para uso em aqu\u00e1rios de \u00e1gua doce e salgada. \u00d3timo para nano tanques.<\/span><\/p>\n<p><span style=\"color: #0000ff;font-size: large\">A bioesponja interna fornece mais \u00e1rea de superf\u00edcie para o crescimento de bact\u00e9rias ben\u00e9ficas Bio-Spira.<\/span><\/p>\n<p><span style=\"color: #0000ff;font-size: large\">BIO-Balls n\u00e3o precisam ser substitu\u00eddas, a menos que sejam danificadas ou destru\u00eddas.<\/span><\/p>\n<p><span style=\"color: #0000ff;font-size: large\">Di\u00e2metro da bola biol\u00f3gica: aproximadamente 2,5 cm (1 polegada)<\/span><\/p>\n","protected":false},"excerpt":{"rendered":"<p>Esfera BIO para meio filtrante<\/p>\n","protected":false},"featured_media":718,"comment_status":"open","ping_status":"closed","template":"","meta":[],"product_brand":[],"product_cat":[687],"product_tag":[],"class_list":{"0":"post-32275","1":"product","2":"type-product","3":"status-publish","4":"has-post-thumbnail","6":"product_cat-meios-biologicos","8":"first","9":"instock","10":"shipping-taxable","11":"purchasable","12":"product-type-simple"},"_links":{"self":[{"href":"https:\/\/www.myaquastore.com\/pt-br\/wp-json\/wp\/v2\/product\/32275","targetHints":{"allow":["GET"]}}],"collection":[{"href":"https:\/\/www.myaquastore.com\/pt-br\/wp-json\/wp\/v2\/product"}],"about":[{"href":"https:\/\/www.myaquastore.com\/pt-br\/wp-json\/wp\/v2\/types\/product"}],"replies":[{"embeddable":true,"href":"https:\/\/www.myaquastore.com\/pt-br\/wp-json\/wp\/v2\/comments?post=32275"}],"wp:featuredmedia":[{"embeddable":true,"href":"https:\/\/www.myaquastore.com\/pt-br\/wp-json\/wp\/v2\/media\/718"}],"wp:attachment":[{"href":"https:\/\/www.myaquastore.com\/pt-br\/wp-json\/wp\/v2\/media?parent=32275"}],"wp:term":[{"taxonomy":"product_brand","embeddable":true,"href":"https:\/\/www.myaquastore.com\/pt-br\/wp-json\/wp\/v2\/product_brand?post=32275"},{"taxonomy":"product_cat","embeddable":true,"href":"https:\/\/www.myaquastore.com\/pt-br\/wp-json\/wp\/v2\/product_cat?post=32275"},{"taxonomy":"product_tag","embeddable":true,"href":"https:\/\/www.myaquastore.com\/pt-br\/wp-json\/wp\/v2\/product_tag?post=32275"}],"curies":[{"name":"wp","href":"https:\/\/api.w.org\/{rel}","templated":true}]}}