{"id":32289,"date":"2014-08-08T06:07:39","date_gmt":"2014-08-08T06:07:39","guid":{"rendered":"https:\/\/www.myaquastore.com\/product\/tubo-de-ar-fixo-otario-cupula\/"},"modified":"2025-03-16T08:12:36","modified_gmt":"2025-03-16T08:12:36","slug":"tubo-de-ar-fixo-otario-cupula","status":"publish","type":"product","link":"https:\/\/www.myaquastore.com\/pt-br\/produto\/tubo-de-ar-fixo-otario-cupula\/","title":{"rendered":"tubo de ar fixo ot\u00e1rio c\u00fapula"},"content":{"rendered":"<p><strong><span style=\"color: #0000ff;font-size: large\">tubo de ar fixo C\u00fapula de suc\u00e7\u00e3o<\/span><\/strong><\/p>\n<p><strong><span style=\"color: #0000ff;font-size: large\">trabalhar com tubo de ar de 4 mm a 8 mm<\/span><\/strong><\/p>\n","protected":false},"excerpt":{"rendered":"<p>tubo de ar fixo ot\u00e1rio c\u00fapula<\/p>\n","protected":false},"featured_media":835,"comment_status":"open","ping_status":"closed","template":"","meta":[],"product_brand":[],"product_cat":[621],"product_tag":[],"class_list":{"0":"post-32289","1":"product","2":"type-product","3":"status-publish","4":"has-post-thumbnail","6":"product_cat-tubulacao-da-bomba-de-ar","8":"first","9":"instock","10":"shipping-taxable","11":"purchasable","12":"product-type-simple"},"_links":{"self":[{"href":"https:\/\/www.myaquastore.com\/pt-br\/wp-json\/wp\/v2\/product\/32289","targetHints":{"allow":["GET"]}}],"collection":[{"href":"https:\/\/www.myaquastore.com\/pt-br\/wp-json\/wp\/v2\/product"}],"about":[{"href":"https:\/\/www.myaquastore.com\/pt-br\/wp-json\/wp\/v2\/types\/product"}],"replies":[{"embeddable":true,"href":"https:\/\/www.myaquastore.com\/pt-br\/wp-json\/wp\/v2\/comments?post=32289"}],"wp:featuredmedia":[{"embeddable":true,"href":"https:\/\/www.myaquastore.com\/pt-br\/wp-json\/wp\/v2\/media\/835"}],"wp:attachment":[{"href":"https:\/\/www.myaquastore.com\/pt-br\/wp-json\/wp\/v2\/media?parent=32289"}],"wp:term":[{"taxonomy":"product_brand","embeddable":true,"href":"https:\/\/www.myaquastore.com\/pt-br\/wp-json\/wp\/v2\/product_brand?post=32289"},{"taxonomy":"product_cat","embeddable":true,"href":"https:\/\/www.myaquastore.com\/pt-br\/wp-json\/wp\/v2\/product_cat?post=32289"},{"taxonomy":"product_tag","embeddable":true,"href":"https:\/\/www.myaquastore.com\/pt-br\/wp-json\/wp\/v2\/product_tag?post=32289"}],"curies":[{"name":"wp","href":"https:\/\/api.w.org\/{rel}","templated":true}]}}