{"id":32293,"date":"2014-07-09T22:46:36","date_gmt":"2014-07-09T22:46:36","guid":{"rendered":"https:\/\/www.myaquastore.com\/product\/jebao-wp-10-wp10-criador-de-ondas-de-aquario-mais-novos-12-modos\/"},"modified":"2025-03-16T08:12:38","modified_gmt":"2025-03-16T08:12:38","slug":"jebao-wp-10-wp10-criador-de-ondas-de-aquario-mais-novos-12-modos","status":"publish","type":"product","link":"https:\/\/www.myaquastore.com\/pt-br\/produto\/jebao-wp-10-wp10-criador-de-ondas-de-aquario-mais-novos-12-modos\/","title":{"rendered":"Jebao WP-10 WP10 criador de ondas de aqu\u00e1rio mais novos 12 modos"},"content":{"rendered":"<div><span style=\"font-size: large\"><strong><span style=\"color: #0000ff\">Recursos<\/span><\/strong><\/span><\/div>\n<div><span style=\"font-size: large\"><strong><span style=\"color: #0000ff\"> <\/span><\/strong><\/span><\/div>\n<ul>\n<li><span style=\"font-size: large\"><strong><span style=\"color: #0000ff\">F\u00e1cil instala\u00e7\u00e3o e manuten\u00e7\u00e3o.<\/span><\/strong><\/span><\/li>\n<li><span style=\"font-size: large\"><strong><span style=\"color: #0000ff\">Rota\u00e7\u00e3o de 360 \u200b\u200bgraus em um suporte magn\u00e9tico<\/span><\/strong><\/span><\/li>\n<li><span style=\"font-size: large\"><strong><span style=\"color: #0000ff\">12 modos de opera\u00e7\u00e3o diferentes, incluindo modos de pulso vari\u00e1veis \u200b\u200bpara gera\u00e7\u00e3o de ondas e um modo Reef Stream que gera um padr\u00e3o de fluxo aleat\u00f3rio semelhante ao encontrado em um recife natural<\/span><\/strong><\/span><\/li>\n<li><span style=\"font-size: large\"><strong><span style=\"color: #0000ff\">Modo de alimenta\u00e7\u00e3o com um toque &#8211; retarda a bomba por um per\u00edodo de 10 minutos.<\/span><\/strong><\/span><\/li>\n<li><span style=\"font-size: large\"><strong><span style=\"color: #0000ff\">Alto desempenho, fluxo de \u00e1gua potente combinado com baixo consumo de energia.<\/span><\/strong><\/span><\/li>\n<li><span style=\"font-size: large\"><strong><span style=\"color: #0000ff\">Eixo de cer\u00e2mica para longa vida e durabilidade<\/span><\/strong><\/span><\/li>\n<li><span style=\"font-size: large\"><strong><span style=\"color: #0000ff\">Sistema de controle inteligente para gerar v\u00e1rios padr\u00f5es de ondas adequados ao seu tanque.<\/span><\/strong><\/span><\/li>\n<li><span style=\"font-size: large\"><strong><span style=\"color: #0000ff\">Cabo extra longo para facilidade e conforto de coloca\u00e7\u00e3o, mesmo em tanques maiores.<\/span><\/strong><\/span><\/li>\n<li><span style=\"font-size: large\"><strong><span style=\"color: #0000ff\">Fonte de alimenta\u00e7\u00e3o de baixa tens\u00e3o, segura e confi\u00e1vel. \u2022 Adequado para \u00e1gua doce e salgada.<\/span><\/strong><\/span><\/li>\n<\/ul>\n<div><span style=\"font-size: large\"><strong><span style=\"color: #0000ff\"> <\/span><\/strong><\/span><\/div>\n<div><span style=\"font-size: large\"><strong><span style=\"color: #0000ff\">Especifica\u00e7\u00f5es<\/span><\/strong><\/span><\/div>\n<div><span style=\"font-size: large\"><strong><span style=\"color: #0000ff\"> <\/span><\/strong><\/span><\/div>\n<ul>\n<li><span style=\"font-size: large\"><strong><span style=\"color: #0000ff\">Alimenta\u00e7\u00e3o &#8211; 110V a 240V 50\/60Hz<\/span><\/strong><\/span><\/li>\n<li><span style=\"font-size: large\"><strong><span style=\"color: #0000ff\">Pot\u00eancia &#8211; 6W a 15W dependendo do modo<\/span><\/strong><\/span><\/li>\n<li><span style=\"font-size: large\"><strong><span style=\"color: #0000ff\">Tamanho &#8211; 5,2 cm x 6,7 cm <\/span><\/strong><\/span><\/li>\n<li><span style=\"font-size: large\"><strong><span style=\"color: #0000ff\">Cabo de alimenta\u00e7\u00e3o &#8211; 140 cm de comprimento (extens\u00edvel) da fonte de alimenta\u00e7\u00e3o at\u00e9 a caixa de controle <\/span><\/strong><\/span><\/li>\n<li><span style=\"font-size: large\"><strong><span style=\"color: #0000ff\">Cabo de controle da bomba &#8211; 160 cm de comprimento, da caixa de controle at\u00e9 a bomba (320 cm de comprimento de cabo combinado)<\/span><\/strong><\/span><\/li>\n<\/ul>\n","protected":false},"excerpt":{"rendered":"<p>bomba pequena waver maker, f\u00e1cil de usar para tanque nano<\/p>\n","protected":false},"featured_media":872,"comment_status":"open","ping_status":"closed","template":"","meta":[],"product_brand":[],"product_cat":[795],"product_tag":[],"class_list":{"0":"post-32293","1":"product","2":"type-product","3":"status-publish","4":"has-post-thumbnail","6":"product_cat-criadores-de-ondas","8":"first","9":"instock","10":"shipping-taxable","11":"purchasable","12":"product-type-simple"},"_links":{"self":[{"href":"https:\/\/www.myaquastore.com\/pt-br\/wp-json\/wp\/v2\/product\/32293","targetHints":{"allow":["GET"]}}],"collection":[{"href":"https:\/\/www.myaquastore.com\/pt-br\/wp-json\/wp\/v2\/product"}],"about":[{"href":"https:\/\/www.myaquastore.com\/pt-br\/wp-json\/wp\/v2\/types\/product"}],"replies":[{"embeddable":true,"href":"https:\/\/www.myaquastore.com\/pt-br\/wp-json\/wp\/v2\/comments?post=32293"}],"wp:featuredmedia":[{"embeddable":true,"href":"https:\/\/www.myaquastore.com\/pt-br\/wp-json\/wp\/v2\/media\/872"}],"wp:attachment":[{"href":"https:\/\/www.myaquastore.com\/pt-br\/wp-json\/wp\/v2\/media?parent=32293"}],"wp:term":[{"taxonomy":"product_brand","embeddable":true,"href":"https:\/\/www.myaquastore.com\/pt-br\/wp-json\/wp\/v2\/product_brand?post=32293"},{"taxonomy":"product_cat","embeddable":true,"href":"https:\/\/www.myaquastore.com\/pt-br\/wp-json\/wp\/v2\/product_cat?post=32293"},{"taxonomy":"product_tag","embeddable":true,"href":"https:\/\/www.myaquastore.com\/pt-br\/wp-json\/wp\/v2\/product_tag?post=32293"}],"curies":[{"name":"wp","href":"https:\/\/api.w.org\/{rel}","templated":true}]}}