{"id":32298,"date":"2014-07-10T05:26:56","date_gmt":"2014-07-10T05:26:56","guid":{"rendered":"https:\/\/www.myaquastore.com\/product\/sunsun-hw-303b-303a-filtro-de-algodao-produto-original-de-fabrica\/"},"modified":"2025-03-16T08:12:40","modified_gmt":"2025-03-16T08:12:40","slug":"sunsun-hw-303b-303a-filtro-de-algodao-produto-original-de-fabrica","status":"publish","type":"product","link":"https:\/\/www.myaquastore.com\/pt-br\/produto\/sunsun-hw-303b-303a-filtro-de-algodao-produto-original-de-fabrica\/","title":{"rendered":"Sunsun hw-303B 303A filtro de algod\u00e3o produto original de f\u00e1brica"},"content":{"rendered":"<p><span style=\"font-size: large\"><strong><span style=\"color: #0000ff\">sunsun hw-303B 303A filtro de algod\u00e3o produto original de f\u00e1brica<\/span><\/strong><\/span><\/p>\n<p><span style=\"font-size: large\"><strong><span style=\"color: #0000ff\">voc\u00ea pode us\u00e1-lo diretamente no filtro sunsun HW-303A HW-303B<\/span><\/strong><\/span><\/p>\n","protected":false},"excerpt":{"rendered":"<p>pe\u00e7a de reposi\u00e7\u00e3o original de f\u00e1brica<\/p>\n","protected":false},"featured_media":912,"comment_status":"open","ping_status":"closed","template":"","meta":[],"product_brand":[],"product_cat":[687],"product_tag":[],"class_list":{"0":"post-32298","1":"product","2":"type-product","3":"status-publish","4":"has-post-thumbnail","6":"product_cat-meios-biologicos","8":"first","9":"instock","10":"shipping-taxable","11":"purchasable","12":"product-type-simple"},"_links":{"self":[{"href":"https:\/\/www.myaquastore.com\/pt-br\/wp-json\/wp\/v2\/product\/32298","targetHints":{"allow":["GET"]}}],"collection":[{"href":"https:\/\/www.myaquastore.com\/pt-br\/wp-json\/wp\/v2\/product"}],"about":[{"href":"https:\/\/www.myaquastore.com\/pt-br\/wp-json\/wp\/v2\/types\/product"}],"replies":[{"embeddable":true,"href":"https:\/\/www.myaquastore.com\/pt-br\/wp-json\/wp\/v2\/comments?post=32298"}],"wp:featuredmedia":[{"embeddable":true,"href":"https:\/\/www.myaquastore.com\/pt-br\/wp-json\/wp\/v2\/media\/912"}],"wp:attachment":[{"href":"https:\/\/www.myaquastore.com\/pt-br\/wp-json\/wp\/v2\/media?parent=32298"}],"wp:term":[{"taxonomy":"product_brand","embeddable":true,"href":"https:\/\/www.myaquastore.com\/pt-br\/wp-json\/wp\/v2\/product_brand?post=32298"},{"taxonomy":"product_cat","embeddable":true,"href":"https:\/\/www.myaquastore.com\/pt-br\/wp-json\/wp\/v2\/product_cat?post=32298"},{"taxonomy":"product_tag","embeddable":true,"href":"https:\/\/www.myaquastore.com\/pt-br\/wp-json\/wp\/v2\/product_tag?post=32298"}],"curies":[{"name":"wp","href":"https:\/\/api.w.org\/{rel}","templated":true}]}}