{"id":32301,"date":"2014-07-10T23:44:43","date_gmt":"2014-07-10T23:44:43","guid":{"rendered":"https:\/\/www.myaquastore.com\/product\/soquete-de-lampada-t8-a-prova-dagua-2-pecas\/"},"modified":"2025-03-16T08:12:41","modified_gmt":"2025-03-16T08:12:41","slug":"soquete-de-lampada-t8-a-prova-dagua-2-pecas","status":"publish","type":"product","link":"https:\/\/www.myaquastore.com\/pt-br\/produto\/soquete-de-lampada-t8-a-prova-dagua-2-pecas\/","title":{"rendered":"SOQUETE DE L\u00c2MPADA T8 \u00e0 prova d&#8217;\u00e1gua 2 pe\u00e7as"},"content":{"rendered":"<p><span style=\"color: #0000ff;font-size: large\"><strong>PE\u00c7A DIY PARA SOQUETE DE L\u00c2MPADA T5HO T5 \u00e0 prova d&#8217;\u00e1gua<\/strong><\/span><\/p>\n<p><span style=\"color: #0000ff;font-size: large\"><strong>o pre\u00e7o de 1 par (2 unidades)<\/strong><\/span><\/p>\n","protected":false},"excerpt":{"rendered":"<p>SOQUETE DE L\u00c2MPADA T8 \u00e0 prova d&#8217;\u00e1gua 2 pe\u00e7as<\/p>\n","protected":false},"featured_media":930,"comment_status":"open","ping_status":"closed","template":"","meta":[],"product_brand":[],"product_cat":[1271],"product_tag":[],"class_list":{"0":"post-32301","1":"product","2":"type-product","3":"status-publish","4":"has-post-thumbnail","6":"product_cat-tampas-finais-e-amp-soquetes","8":"first","9":"instock","10":"shipping-taxable","11":"purchasable","12":"product-type-simple"},"_links":{"self":[{"href":"https:\/\/www.myaquastore.com\/pt-br\/wp-json\/wp\/v2\/product\/32301","targetHints":{"allow":["GET"]}}],"collection":[{"href":"https:\/\/www.myaquastore.com\/pt-br\/wp-json\/wp\/v2\/product"}],"about":[{"href":"https:\/\/www.myaquastore.com\/pt-br\/wp-json\/wp\/v2\/types\/product"}],"replies":[{"embeddable":true,"href":"https:\/\/www.myaquastore.com\/pt-br\/wp-json\/wp\/v2\/comments?post=32301"}],"wp:featuredmedia":[{"embeddable":true,"href":"https:\/\/www.myaquastore.com\/pt-br\/wp-json\/wp\/v2\/media\/930"}],"wp:attachment":[{"href":"https:\/\/www.myaquastore.com\/pt-br\/wp-json\/wp\/v2\/media?parent=32301"}],"wp:term":[{"taxonomy":"product_brand","embeddable":true,"href":"https:\/\/www.myaquastore.com\/pt-br\/wp-json\/wp\/v2\/product_brand?post=32301"},{"taxonomy":"product_cat","embeddable":true,"href":"https:\/\/www.myaquastore.com\/pt-br\/wp-json\/wp\/v2\/product_cat?post=32301"},{"taxonomy":"product_tag","embeddable":true,"href":"https:\/\/www.myaquastore.com\/pt-br\/wp-json\/wp\/v2\/product_tag?post=32301"}],"curies":[{"name":"wp","href":"https:\/\/api.w.org\/{rel}","templated":true}]}}