{"id":32309,"date":"2014-07-12T04:21:14","date_gmt":"2014-07-12T04:21:14","guid":{"rendered":"https:\/\/www.myaquastore.com\/product\/ozonizador-weipro-et50-50mg\/"},"modified":"2025-03-16T08:12:44","modified_gmt":"2025-03-16T08:12:44","slug":"ozonizador-weipro-et50-50mg","status":"publish","type":"product","link":"https:\/\/www.myaquastore.com\/pt-br\/produto\/ozonizador-weipro-et50-50mg\/","title":{"rendered":"ozonizador weipro ET50 50mg"},"content":{"rendered":"<p><span style=\"font-size: large;color: #0000ff\"><strong>Recurso<\/strong><\/span><\/p>\n<p><span style=\"font-size: large;color: #0000ff\"><strong>1. Fa\u00e7a oz\u00f4nio do ar normal para o lago e tanque Ozonizador<\/strong><\/span><br \/><span style=\"font-size: large;color: #0000ff\"><strong>2. Fornecendo \u00e1gua limpa e saud\u00e1vel para seus peixes, reduzindo a carga microbiana da \u00e1gua.<\/strong><\/span><br \/><span style=\"font-size: large;color: #0000ff\"><strong>3. Reduzindo altamente o nitrato, a am\u00f4nia e os poluentes na \u00e1gua<\/strong><\/span><br \/><span style=\"font-size: large;color: #0000ff\"><strong>4. Melhorar o teor de oxig\u00eanio do potencial de redu\u00e7\u00e3o de oxida\u00e7\u00e3o na<\/strong><\/span><br \/><span style=\"font-size: large;color: #0000ff\"><strong>na \u00e1gua.<\/strong><\/span><br \/><span style=\"font-size: large;color: #0000ff\"><strong>5. Controle el\u00e9trico da produ\u00e7\u00e3o de oz\u00f4nio<\/strong><\/span><br \/><span style=\"font-size: large;color: #0000ff\"><strong>6. Conecte-se ao skimmer e \u00e0 bomba de ar usando<\/strong><\/span><br \/><span style=\"font-size: large;color: #0000ff\"><strong>7. Adequado para tanque de 20-500 litros<\/strong><\/span><br \/><span style=\"font-size: large;color: #0000ff\"><strong>8. Adequado para \u00e1gua doce e \u00e1gua salgada<\/strong><\/span><\/p>\n<p><span style=\"font-size: large;color: #0000ff\"><strong>Especifica\u00e7\u00f5es<\/strong><\/span><\/p>\n<p><span style=\"font-size: large;color: #0000ff\"><strong>ET-50 50mg\/h<\/strong><\/span><\/p>\n","protected":false},"excerpt":{"rendered":"<p>Tanque de 20 a 500 litros<br \/>\n trabalhando com bomba de ar<\/p>\n","protected":false},"featured_media":973,"comment_status":"open","ping_status":"closed","template":"","meta":[],"product_brand":[],"product_cat":[799],"product_tag":[],"class_list":{"0":"post-32309","1":"product","2":"type-product","3":"status-publish","4":"has-post-thumbnail","6":"product_cat-ozonizador","8":"first","9":"instock","10":"shipping-taxable","11":"purchasable","12":"product-type-simple"},"_links":{"self":[{"href":"https:\/\/www.myaquastore.com\/pt-br\/wp-json\/wp\/v2\/product\/32309","targetHints":{"allow":["GET"]}}],"collection":[{"href":"https:\/\/www.myaquastore.com\/pt-br\/wp-json\/wp\/v2\/product"}],"about":[{"href":"https:\/\/www.myaquastore.com\/pt-br\/wp-json\/wp\/v2\/types\/product"}],"replies":[{"embeddable":true,"href":"https:\/\/www.myaquastore.com\/pt-br\/wp-json\/wp\/v2\/comments?post=32309"}],"wp:featuredmedia":[{"embeddable":true,"href":"https:\/\/www.myaquastore.com\/pt-br\/wp-json\/wp\/v2\/media\/973"}],"wp:attachment":[{"href":"https:\/\/www.myaquastore.com\/pt-br\/wp-json\/wp\/v2\/media?parent=32309"}],"wp:term":[{"taxonomy":"product_brand","embeddable":true,"href":"https:\/\/www.myaquastore.com\/pt-br\/wp-json\/wp\/v2\/product_brand?post=32309"},{"taxonomy":"product_cat","embeddable":true,"href":"https:\/\/www.myaquastore.com\/pt-br\/wp-json\/wp\/v2\/product_cat?post=32309"},{"taxonomy":"product_tag","embeddable":true,"href":"https:\/\/www.myaquastore.com\/pt-br\/wp-json\/wp\/v2\/product_tag?post=32309"}],"curies":[{"name":"wp","href":"https:\/\/api.w.org\/{rel}","templated":true}]}}