{"id":32314,"date":"2014-09-10T20:51:13","date_gmt":"2014-09-10T20:51:13","guid":{"rendered":"https:\/\/www.myaquastore.com\/product\/microplaqueta-conduzida-de-3w-6500k\/"},"modified":"2025-03-16T08:12:46","modified_gmt":"2025-03-16T08:12:46","slug":"microplaqueta-conduzida-de-3w-6500k","status":"publish","type":"product","link":"https:\/\/www.myaquastore.com\/pt-br\/produto\/microplaqueta-conduzida-de-3w-6500k\/","title":{"rendered":"microplaqueta conduzida de 3w 6500k"},"content":{"rendered":"<p><span style=\"color: #0000ff;font-size: large\"><strong>pot\u00eancia:3w<\/strong><\/span><\/p>\n<p><span style=\"color: #0000ff;font-size: large\"><strong>volts: 3,2-3,4 volts<\/strong><\/span><\/p>\n<p><span style=\"color: #0000ff;font-size: large\"><strong>LM: 80-90<\/strong><\/span><\/p>\n<p><span style=\"color: #0000ff;font-size: large\"><strong>moeda: 600-700mA<\/strong><\/span><\/p>\n<p><span style=\"color: #0000ff;font-size: large\"><strong>comprimento de onda: 460 nm<\/strong><\/span><\/p>\n<p><span style=\"color: #0000ff;font-size: large\"><strong>Temperatura de trabalho: -20&#8211;70 graus<\/strong><\/span><\/p>\n<p><span style=\"color: #0000ff;font-size: large\"><strong>\u00c2ngulo de vis\u00e3o: 120 graus adequado para ilumina\u00e7\u00e3o de cultivo de plantas em tanques frescos<\/strong><\/span><\/p>\n","protected":false},"excerpt":{"rendered":"<p>Chip LED 3w 6500k para cultivo de plantas<\/p>\n","protected":false},"featured_media":1008,"comment_status":"open","ping_status":"closed","template":"","meta":[],"product_brand":[],"product_cat":[641],"product_tag":[],"class_list":{"0":"post-32314","1":"product","2":"type-product","3":"status-publish","4":"has-post-thumbnail","6":"product_cat-drivers-acessorios-de-led","8":"first","9":"instock","10":"shipping-taxable","11":"purchasable","12":"product-type-simple"},"_links":{"self":[{"href":"https:\/\/www.myaquastore.com\/pt-br\/wp-json\/wp\/v2\/product\/32314","targetHints":{"allow":["GET"]}}],"collection":[{"href":"https:\/\/www.myaquastore.com\/pt-br\/wp-json\/wp\/v2\/product"}],"about":[{"href":"https:\/\/www.myaquastore.com\/pt-br\/wp-json\/wp\/v2\/types\/product"}],"replies":[{"embeddable":true,"href":"https:\/\/www.myaquastore.com\/pt-br\/wp-json\/wp\/v2\/comments?post=32314"}],"wp:featuredmedia":[{"embeddable":true,"href":"https:\/\/www.myaquastore.com\/pt-br\/wp-json\/wp\/v2\/media\/1008"}],"wp:attachment":[{"href":"https:\/\/www.myaquastore.com\/pt-br\/wp-json\/wp\/v2\/media?parent=32314"}],"wp:term":[{"taxonomy":"product_brand","embeddable":true,"href":"https:\/\/www.myaquastore.com\/pt-br\/wp-json\/wp\/v2\/product_brand?post=32314"},{"taxonomy":"product_cat","embeddable":true,"href":"https:\/\/www.myaquastore.com\/pt-br\/wp-json\/wp\/v2\/product_cat?post=32314"},{"taxonomy":"product_tag","embeddable":true,"href":"https:\/\/www.myaquastore.com\/pt-br\/wp-json\/wp\/v2\/product_tag?post=32314"}],"curies":[{"name":"wp","href":"https:\/\/api.w.org\/{rel}","templated":true}]}}