{"id":32328,"date":"2014-07-13T22:51:07","date_gmt":"2014-07-13T22:51:07","guid":{"rendered":"https:\/\/www.myaquastore.com\/product\/boyu-by-28-interruptor-de-agua-maquina-de-lavar-areia-trocador-de-agua\/"},"modified":"2025-03-16T08:12:53","modified_gmt":"2025-03-16T08:12:53","slug":"boyu-by-28-interruptor-de-agua-maquina-de-lavar-areia-trocador-de-agua","status":"publish","type":"product","link":"https:\/\/www.myaquastore.com\/pt-br\/produto\/boyu-by-28-interruptor-de-agua-maquina-de-lavar-areia-trocador-de-agua\/","title":{"rendered":"Boyu by-28 interruptor de \u00e1gua m\u00e1quina de lavar areia trocador de \u00e1gua"},"content":{"rendered":"<p class=\"ordinary-output\"><span style=\"font-size: large;color: #0000ff\"><strong><span lang=\"EN-US\"><span class=\"high-light-bg\">aqu\u00e1rio<\/span><span class=\"apple-converted-space\"> <\/span>material de limpeza<span class=\"apple-converted-space\"> <\/span>interruptor<span class=\"apple-converted-space\"> <\/span>aqu\u00e1rio<span class=\"apple-converted-space\"> <\/span>aqu\u00e1rio de peixes<span class=\"apple-converted-space\"> <\/span>Boyu com dreno<span class=\"apple-converted-space\"> <\/span>trocador de \u00e1gua<span class=\"apple-converted-space\"> <\/span>lavagem de areia<span class=\"apple-converted-space\"> <\/span>dispositivo<\/span><\/strong><\/span><\/p>\n<p class=\"ordinary-output\"><span style=\"font-size: large;color: #0000ff\"><strong><span lang=\"EN-US\">Nome do produto:<span class=\"apple-converted-space\"> <\/span>semi<span class=\"apple-converted-space\"> <\/span>autom\u00e1tico<span class=\"apple-converted-space\"> <\/span>interruptor<span class=\"apple-converted-space\"> <\/span>trocador de \u00e1gua<\/span><\/strong><\/span><\/p>\n<p class=\"ordinary-output\"><span style=\"font-size: large;color: #0000ff\"><strong><span lang=\"EN-US\">Especifica\u00e7\u00e3o: um,<span class=\"apple-converted-space\"> <\/span>o comprimento total de<span class=\"apple-converted-space\"> <\/span>2,55M<\/span><\/strong><\/span><\/p>\n<p class=\"ordinary-output\"><span style=\"font-size: large;color: #0000ff\"><strong><span lang=\"EN-US\">Dois,<span class=\"apple-converted-space\"> <\/span>com switch!<span class=\"apple-converted-space\"> <\/span>controle de<span class=\"apple-converted-space\"> <\/span> v\u00e1lvula.<\/span><\/strong><\/span><\/p>\n<p class=\"ordinary-output\"><span style=\"font-size: large;color: #0000ff\"><strong><span lang=\"EN-US\">Tr\u00eas,<span class=\"apple-converted-space\"> <\/span>equipado com<span class=\"apple-converted-space\"> <\/span>3<span class=\"apple-converted-space\"> <\/span>mangueira!<\/span><\/strong><\/span><\/p>\n<p class=\"ordinary-output\"><span style=\"font-size: large;color: #0000ff\"><strong><span lang=\"EN-US\">Quatro,<span class=\"apple-converted-space\"> <\/span>\u00e9<span class=\"apple-converted-space\"> <\/span>para<span class=\"apple-converted-space\"> <\/span>o<span class=\"apple-converted-space\"> <\/span>\u00e1gua<span class=\"apple-converted-space\"> <\/span>palha<span class=\"apple-converted-space\"> <\/span>materiais<span class=\"apple-converted-space\"> <\/span>o<span class=\"apple-converted-space\"> <\/span>p\u00e9.<\/span><\/strong><\/span><\/p>\n<p class=\"ordinary-output\"><span style=\"font-size: large;color: #0000ff\"><strong><span lang=\"EN-US\">Caracter\u00edstica.<\/span><\/strong><\/span><\/p>\n<p class=\"ordinary-output\"><span style=\"font-size: large;color: #0000ff\"><strong><span lang=\"EN-US\">1:<span class=\"apple-converted-space\"> <\/span>design inovador,<span class=\"apple-converted-space\"> <\/span>uso conveniente e r\u00e1pido.<\/span><\/strong><\/span><\/p>\n<p class=\"ordinary-output\"><span style=\"font-size: large;color: #0000ff\"><strong><span lang=\"EN-US\">2: o<span class=\"apple-converted-space\"> <\/span>filtro integrado,<span class=\"apple-converted-space\"> <\/span>para evitar o<span class=\"apple-converted-space\"> <\/span>juvenil<span class=\"apple-converted-space\"> <\/span>\u00e1gua<span class=\"apple-converted-space\"> <\/span>ou<span class=\"apple-converted-space\"> <\/span>areia<span class=\"apple-converted-space\"> <\/span>cilindro de aspira\u00e7\u00e3o.<\/span><\/strong><\/span><\/p>\n<p class=\"ordinary-output\"><span style=\"font-size: large;color: #0000ff\"><strong><span lang=\"EN-US\">M\u00e9todo de uso:<\/span><\/strong><\/span><\/p>\n<p class=\"ordinary-output\"><span style=\"font-size: large;color: #0000ff\"><strong><span lang=\"EN-US\">1: a<span class=\"apple-converted-space\"> <\/span>r\u00e1pida<span class=\"apple-converted-space\"> <\/span>lavagem de areia<span class=\"apple-converted-space\"> <\/span>em o<span class=\"apple-converted-space\"> <\/span>aqu\u00e1rio de peixes.<\/span><\/strong><\/span><\/p>\n<p class=\"ordinary-output\"><span style=\"font-size: large;color: #0000ff\"><strong><span lang=\"EN-US\">2:<span class=\"apple-converted-space\"> <\/span>o<span class=\"apple-converted-space\"> <\/span>outro<span class=\"apple-converted-space\"> <\/span>um<span class=\"apple-converted-space\"> <\/span>balde no<span class=\"apple-converted-space\"> <\/span>compress\u00e3o<span class=\"apple-converted-space\"> <\/span>primavera,<span class=\"apple-converted-space\"> <\/span>pode ser<span class=\"apple-converted-space\"> <\/span>suavemente<span class=\"apple-converted-space\"> <\/span>com a m\u00e3o.<\/span><\/strong><\/span><\/p>\n<p class=\"ordinary-output\"><span style=\"font-size: large;color: #0000ff\"><strong><span lang=\"EN-US\">3: reduzir<span class=\"apple-converted-space\"> <\/span>ingest\u00e3o<span class=\"apple-converted-space\"> <\/span>para<span class=\"apple-converted-space\"> <\/span>sugar os<span class=\"apple-converted-space\"> <\/span>peixes<span class=\"apple-converted-space\"> <\/span>fezes e<span class=\"apple-converted-space\"> <\/span>res\u00edduos de alimentos<span class=\"apple-converted-space\"> <\/span>na areia<\/span><\/strong><\/span><\/p>\n","protected":false},"excerpt":{"rendered":"<p>uso f\u00e1cil<\/p>\n","protected":false},"featured_media":1096,"comment_status":"open","ping_status":"closed","template":"","meta":[],"product_brand":[],"product_cat":[659],"product_tag":[],"class_list":{"0":"post-32328","1":"product","2":"type-product","3":"status-publish","4":"has-post-thumbnail","6":"product_cat-kits-de-manutencao","8":"first","9":"instock","10":"shipping-taxable","11":"purchasable","12":"product-type-simple"},"_links":{"self":[{"href":"https:\/\/www.myaquastore.com\/pt-br\/wp-json\/wp\/v2\/product\/32328","targetHints":{"allow":["GET"]}}],"collection":[{"href":"https:\/\/www.myaquastore.com\/pt-br\/wp-json\/wp\/v2\/product"}],"about":[{"href":"https:\/\/www.myaquastore.com\/pt-br\/wp-json\/wp\/v2\/types\/product"}],"replies":[{"embeddable":true,"href":"https:\/\/www.myaquastore.com\/pt-br\/wp-json\/wp\/v2\/comments?post=32328"}],"wp:featuredmedia":[{"embeddable":true,"href":"https:\/\/www.myaquastore.com\/pt-br\/wp-json\/wp\/v2\/media\/1096"}],"wp:attachment":[{"href":"https:\/\/www.myaquastore.com\/pt-br\/wp-json\/wp\/v2\/media?parent=32328"}],"wp:term":[{"taxonomy":"product_brand","embeddable":true,"href":"https:\/\/www.myaquastore.com\/pt-br\/wp-json\/wp\/v2\/product_brand?post=32328"},{"taxonomy":"product_cat","embeddable":true,"href":"https:\/\/www.myaquastore.com\/pt-br\/wp-json\/wp\/v2\/product_cat?post=32328"},{"taxonomy":"product_tag","embeddable":true,"href":"https:\/\/www.myaquastore.com\/pt-br\/wp-json\/wp\/v2\/product_tag?post=32328"}],"curies":[{"name":"wp","href":"https:\/\/api.w.org\/{rel}","templated":true}]}}