{"id":32336,"date":"2014-07-15T23:15:13","date_gmt":"2014-07-15T23:15:13","guid":{"rendered":"https:\/\/www.myaquastore.com\/product\/reator-de-iluminacao-para-aquario-sunsun-t8-2x36w\/"},"modified":"2025-03-16T08:12:57","modified_gmt":"2025-03-16T08:12:57","slug":"reator-de-iluminacao-para-aquario-sunsun-t8-2x36w","status":"publish","type":"product","link":"https:\/\/www.myaquastore.com\/pt-br\/produto\/reator-de-iluminacao-para-aquario-sunsun-t8-2x36w\/","title":{"rendered":"reator de ilumina\u00e7\u00e3o para aqu\u00e1rio sunsun, T8 2X36w"},"content":{"rendered":"<p><span style=\"font-size: large\"><strong><span style=\"color: #0000ff\">Tens\u00e3o nominal<\/span><span style=\"color: #0000ff\">:AC22O-240V50HZ<br \/>Fator de pot\u00eancia<\/span><span style=\"color: #0000ff\">:0,95<br \/>Corrente nominal<\/span><span style=\"color: #0000ff\">:0,26A<br \/>L\u00famen<\/span><span style=\"color: #0000ff\">:95%<br \/>Pot\u00eancia nominal<\/span><span style=\"color: #0000ff\">:2x36W<br \/>L\u00e2mpada:T8<\/span><\/strong><\/span><\/p>\n","protected":false},"excerpt":{"rendered":"<p>Reator T8 36w X 2<\/p>\n","protected":false},"featured_media":1155,"comment_status":"open","ping_status":"closed","template":"","meta":[],"product_brand":[],"product_cat":[636],"product_tag":[],"class_list":{"0":"post-32336","1":"product","2":"type-product","3":"status-publish","4":"has-post-thumbnail","6":"product_cat-reatores","8":"first","9":"instock","10":"shipping-taxable","11":"purchasable","12":"product-type-simple"},"_links":{"self":[{"href":"https:\/\/www.myaquastore.com\/pt-br\/wp-json\/wp\/v2\/product\/32336","targetHints":{"allow":["GET"]}}],"collection":[{"href":"https:\/\/www.myaquastore.com\/pt-br\/wp-json\/wp\/v2\/product"}],"about":[{"href":"https:\/\/www.myaquastore.com\/pt-br\/wp-json\/wp\/v2\/types\/product"}],"replies":[{"embeddable":true,"href":"https:\/\/www.myaquastore.com\/pt-br\/wp-json\/wp\/v2\/comments?post=32336"}],"wp:featuredmedia":[{"embeddable":true,"href":"https:\/\/www.myaquastore.com\/pt-br\/wp-json\/wp\/v2\/media\/1155"}],"wp:attachment":[{"href":"https:\/\/www.myaquastore.com\/pt-br\/wp-json\/wp\/v2\/media?parent=32336"}],"wp:term":[{"taxonomy":"product_brand","embeddable":true,"href":"https:\/\/www.myaquastore.com\/pt-br\/wp-json\/wp\/v2\/product_brand?post=32336"},{"taxonomy":"product_cat","embeddable":true,"href":"https:\/\/www.myaquastore.com\/pt-br\/wp-json\/wp\/v2\/product_cat?post=32336"},{"taxonomy":"product_tag","embeddable":true,"href":"https:\/\/www.myaquastore.com\/pt-br\/wp-json\/wp\/v2\/product_tag?post=32336"}],"curies":[{"name":"wp","href":"https:\/\/api.w.org\/{rel}","templated":true}]}}