{"id":32342,"date":"2014-07-17T21:40:12","date_gmt":"2014-07-17T21:40:12","guid":{"rendered":"https:\/\/www.myaquastore.com\/product\/bomba-de-filtro-submersivel-esterilizador-uv-sunsun-jup-01-9w\/"},"modified":"2025-03-16T08:12:59","modified_gmt":"2025-03-16T08:12:59","slug":"bomba-de-filtro-submersivel-esterilizador-uv-sunsun-jup-01-9w","status":"publish","type":"product","link":"https:\/\/www.myaquastore.com\/pt-br\/produto\/bomba-de-filtro-submersivel-esterilizador-uv-sunsun-jup-01-9w\/","title":{"rendered":"Bomba de filtro submers\u00edvel esterilizador UV SunSun JUP-01 9W"},"content":{"rendered":"<p><span style=\"font-size: large;color: #0000ff\"><strong>JUP- 01 UV \u00e9 uma nova marca que combina bomba de filtragem e luz UV, cubagem pequena, apar\u00eancia bonita. bact\u00e9rias, algas esplanct\u00f4nicas com grande velocidade. Al\u00e9m disso, esta bomba pode ser instalada em qualquer lugar do aqu\u00e1rio e do viveiro de peixes.<\/strong><\/span><\/p>\n<p><span style=\"font-size: large;color: #0000ff\"><strong>N\u00e3o irradiar peixes, plantas aqu\u00e1ticas e pessoas!<\/strong><\/span><\/p>\n<p><span style=\"font-size: large;color: #0000ff\"><strong>Deve estar em um recipiente lacrado ao usar a luz ultravioleta no aqu\u00e1rio!<\/strong><\/span><\/p>\n<p><span style=\"font-size: large;color: #0000ff\"><strong> <\/strong><\/span><\/p>\n<p><span style=\"font-size: large;color: #0000ff\"><strong>N\u00e3o h\u00e1 muito tempo trabalhando com a luz ultravioleta, meia hora por dia ou semana est\u00e1 ok!<\/strong><\/span><\/p>\n<p><span style=\"font-size: large;color: #0000ff\"><strong> <\/strong><\/span><\/p>\n<p><span style=\"font-size: large;color: #0000ff\"><strong>par\u00e2metro<\/strong><\/span><\/p>\n<p><span style=\"font-size: large;color: #0000ff\"><strong>Modelo: JUP- 01 UV<\/strong><\/span><\/p>\n<p><span style=\"font-size: large;color: #0000ff\"><strong>Tens\u00e3o:CA 220-240V\/50-60Hz<\/strong><\/span><\/p>\n<p><span style=\"font-size: large;color: #0000ff\"><strong>Pot\u00eancia da luz UV:9w<\/strong><\/span><\/p>\n<p><span style=\"font-size: large;color: #0000ff\"><strong>Pot\u00eancia da bomba: 8w<\/strong><\/span><\/p>\n<p><span style=\"font-size: large;color: #0000ff\"><strong>Maior quantidade de fluxo:800L\/h<\/strong><\/span><\/p>\n<p><span style=\"font-size: large;color: #0000ff\"><strong>Cabe\u00e7ote de bombeamento mais alto: 0,6m<\/strong><\/span><\/p>\n<p><span style=\"font-size: large;color: #0000ff\"><strong>Peso: 1kg<\/strong><\/span><\/p>\n<p><span style=\"font-size: large;color: #0000ff\"><strong>Tamanho: 98*90*305mm<\/strong><\/span><\/p>\n","protected":false},"excerpt":{"rendered":"<p>9w uv com cabe\u00e7ote<br \/>\n f\u00e1cil utiliza\u00e7\u00e3o melhor qualidade<\/p>\n","protected":false},"featured_media":1181,"comment_status":"open","ping_status":"closed","template":"","meta":[],"product_brand":[],"product_cat":[772],"product_tag":[],"class_list":{"0":"post-32342","1":"product","2":"type-product","3":"status-publish","4":"has-post-thumbnail","6":"product_cat-esterilizadores-uv","8":"first","9":"instock","10":"shipping-taxable","11":"purchasable","12":"product-type-simple"},"_links":{"self":[{"href":"https:\/\/www.myaquastore.com\/pt-br\/wp-json\/wp\/v2\/product\/32342","targetHints":{"allow":["GET"]}}],"collection":[{"href":"https:\/\/www.myaquastore.com\/pt-br\/wp-json\/wp\/v2\/product"}],"about":[{"href":"https:\/\/www.myaquastore.com\/pt-br\/wp-json\/wp\/v2\/types\/product"}],"replies":[{"embeddable":true,"href":"https:\/\/www.myaquastore.com\/pt-br\/wp-json\/wp\/v2\/comments?post=32342"}],"wp:featuredmedia":[{"embeddable":true,"href":"https:\/\/www.myaquastore.com\/pt-br\/wp-json\/wp\/v2\/media\/1181"}],"wp:attachment":[{"href":"https:\/\/www.myaquastore.com\/pt-br\/wp-json\/wp\/v2\/media?parent=32342"}],"wp:term":[{"taxonomy":"product_brand","embeddable":true,"href":"https:\/\/www.myaquastore.com\/pt-br\/wp-json\/wp\/v2\/product_brand?post=32342"},{"taxonomy":"product_cat","embeddable":true,"href":"https:\/\/www.myaquastore.com\/pt-br\/wp-json\/wp\/v2\/product_cat?post=32342"},{"taxonomy":"product_tag","embeddable":true,"href":"https:\/\/www.myaquastore.com\/pt-br\/wp-json\/wp\/v2\/product_tag?post=32342"}],"curies":[{"name":"wp","href":"https:\/\/api.w.org\/{rel}","templated":true}]}}