{"id":32344,"date":"2014-07-17T22:21:16","date_gmt":"2014-07-17T22:21:16","guid":{"rendered":"https:\/\/www.myaquastore.com\/product\/filtro-interno-sunsun-jup-21-8w-com-esterilizador-uv-facil-instalacao-e-limpeza\/"},"modified":"2025-03-16T08:12:59","modified_gmt":"2025-03-16T08:12:59","slug":"filtro-interno-sunsun-jup-21-8w-com-esterilizador-uv-facil-instalacao-e-limpeza","status":"publish","type":"product","link":"https:\/\/www.myaquastore.com\/pt-br\/produto\/filtro-interno-sunsun-jup-21-8w-com-esterilizador-uv-facil-instalacao-e-limpeza\/","title":{"rendered":"Filtro interno sunsun jup-21 8w com esterilizador uv, f\u00e1cil instala\u00e7\u00e3o e limpeza"},"content":{"rendered":"<p><span style=\"font-size: large;color: #0000ff\"><strong>VOLTS: 220V\/240V 50hz<br \/>pot\u00eancia: 8W<br \/>Pot\u00eancia da l\u00e2mpada UV:7W<br \/>eleva\u00e7\u00e3o:0,6m<br \/>taxa de fluxo:800L\/h<\/strong><\/span><br \/><span style=\"font-size: grande\"><strong>tamanho:95x80x265mm<\/strong><\/span><\/p>\n","protected":false},"excerpt":{"rendered":"<p>Filtro UV 8w com cabe\u00e7ote<\/p>\n","protected":false},"featured_media":1198,"comment_status":"open","ping_status":"closed","template":"","meta":[],"product_brand":[],"product_cat":[772],"product_tag":[],"class_list":{"0":"post-32344","1":"product","2":"type-product","3":"status-publish","4":"has-post-thumbnail","6":"product_cat-esterilizadores-uv","8":"first","9":"instock","10":"shipping-taxable","11":"purchasable","12":"product-type-simple"},"_links":{"self":[{"href":"https:\/\/www.myaquastore.com\/pt-br\/wp-json\/wp\/v2\/product\/32344","targetHints":{"allow":["GET"]}}],"collection":[{"href":"https:\/\/www.myaquastore.com\/pt-br\/wp-json\/wp\/v2\/product"}],"about":[{"href":"https:\/\/www.myaquastore.com\/pt-br\/wp-json\/wp\/v2\/types\/product"}],"replies":[{"embeddable":true,"href":"https:\/\/www.myaquastore.com\/pt-br\/wp-json\/wp\/v2\/comments?post=32344"}],"wp:featuredmedia":[{"embeddable":true,"href":"https:\/\/www.myaquastore.com\/pt-br\/wp-json\/wp\/v2\/media\/1198"}],"wp:attachment":[{"href":"https:\/\/www.myaquastore.com\/pt-br\/wp-json\/wp\/v2\/media?parent=32344"}],"wp:term":[{"taxonomy":"product_brand","embeddable":true,"href":"https:\/\/www.myaquastore.com\/pt-br\/wp-json\/wp\/v2\/product_brand?post=32344"},{"taxonomy":"product_cat","embeddable":true,"href":"https:\/\/www.myaquastore.com\/pt-br\/wp-json\/wp\/v2\/product_cat?post=32344"},{"taxonomy":"product_tag","embeddable":true,"href":"https:\/\/www.myaquastore.com\/pt-br\/wp-json\/wp\/v2\/product_tag?post=32344"}],"curies":[{"name":"wp","href":"https:\/\/api.w.org\/{rel}","templated":true}]}}