{"id":32353,"date":"2014-07-19T04:46:44","date_gmt":"2014-07-19T04:46:44","guid":{"rendered":"https:\/\/www.myaquastore.com\/product\/aquecedor-atman-hch-50w-100w-200w-300w\/"},"modified":"2025-03-16T08:13:04","modified_gmt":"2025-03-16T08:13:04","slug":"aquecedor-atman-hch-50w-100w-200w-300w","status":"publish","type":"product","link":"https:\/\/www.myaquastore.com\/pt-br\/produto\/aquecedor-atman-hch-50w-100w-200w-300w\/","title":{"rendered":"Aquecedor Atman HCH 50w 100w 200w 300w"},"content":{"rendered":"<p><span style=\"color: #0000ff;font-size: large\"><strong>Aquecedor Atman HCH 50w 100w 200w 300w<\/strong><\/span><\/p>\n<p><span style=\"color: #0000ff;font-size: large\"><strong><span id=\"blng_part_tran_1_2\" class=\"highLight\" data-aligning=\"#blng_part_src_1_1,#blng_part_tran_1_2\">veda\u00e7\u00e3o dupla \u00e0 prova d&#8217;\u00e1gua, <span>vidro \u00e0 prova de explos\u00e3o <\/span><\/span><\/strong><\/span><\/p>\n<p><span style=\"color: #ff0000;font-size: large\"><strong>HCH 50w<\/strong><\/span><\/p>\n<p><span style=\"color: #0000ff;font-size: large\"><strong>pot\u00eancia: 50w<\/strong><\/span><\/p>\n<p><span style=\"color: #0000ff;font-size: large\"><strong>volts:220v 50hz<\/strong><\/span><\/p>\n<p><span style=\"color: #0000ff;font-size: large\"><strong>comprimento:25cm<\/strong><\/span><\/p>\n<p><span style=\"color: #0000ff;font-size: large\"><strong>comprimento do cabo: 1,4 metros<\/strong><\/span><\/p>\n<\/p>\n<p><span style=\"color: #ff0000;font-size: large\"><strong>HCH 100w<\/strong><\/span><\/p>\n<p><span style=\"color: #0000ff;font-size: large\"><strong>pot\u00eancia: 100w<\/strong><\/span><\/p>\n<p><span style=\"color: #0000ff;font-size: large\"><strong>volts:220v 50hz<\/strong><\/span><\/p>\n<p><span style=\"color: #0000ff;font-size: large\"><strong>comprimento:29cm<\/strong><\/span><\/p>\n<p><span style=\"color: #0000ff;font-size: large\"><strong>comprimento do cabo: 1,4 metros<\/strong><\/span><\/p>\n<p><span style=\"color: #0000ff;font-size: large\"><strong><br \/><\/strong><\/span><\/p>\n<p><span style=\"color: #ff0000;font-size: large\"><strong>HCH 200w<\/strong><\/span><\/p>\n<p><span style=\"color: #0000ff;font-size: large\"><strong>pot\u00eancia: 200w<\/strong><\/span><\/p>\n<p><span style=\"color: #0000ff;font-size: large\"><strong>volts:220v 50hz<\/strong><\/span><\/p>\n<p><span style=\"color: #0000ff;font-size: large\"><strong>comprimento:40cm<\/strong><\/span><\/p>\n<p><span style=\"color: #0000ff;font-size: large\"><strong>comprimento do cabo: 1,4 metros<\/strong><\/span><\/p>\n<p><span style=\"color: #0000ff;font-size: large\"><strong><br \/><\/strong><\/span><\/p>\n<p><span style=\"color: #ff0000;font-size: large\"><strong>HCH 300w<\/strong><\/span><\/p>\n<p><span style=\"color: #0000ff;font-size: large\"><strong>pot\u00eancia: 300w<\/strong><\/span><\/p>\n<p><span style=\"color: #0000ff;font-size: large\"><strong>volts:220v 50hz<\/strong><\/span><\/p>\n<p><span style=\"color: #0000ff;font-size: large\"><strong>comprimento:40cm<\/strong><\/span><\/p>\n<p><span style=\"color: #0000ff;font-size: large\"><strong>comprimento do cabo: 1,4 metros<\/strong><\/span><\/p>\n","protected":false},"excerpt":{"rendered":"<p>Aquecedor Atman HCH 50w 100w 200w 300w<\/p>\n<p> veda\u00e7\u00e3o dupla \u00e0 prova d&#8217;\u00e1gua, vidro \u00e0 prova de explos\u00e3o<\/p>\n","protected":false},"featured_media":1281,"comment_status":"open","ping_status":"closed","template":"","meta":[],"product_brand":[],"product_cat":[800],"product_tag":[],"class_list":{"0":"post-32353","1":"product","2":"type-product","3":"status-publish","4":"has-post-thumbnail","6":"product_cat-aquecedor-de-aquario-controlador-de-temperatura","8":"first","9":"instock","10":"shipping-taxable","11":"purchasable","12":"product-type-simple"},"_links":{"self":[{"href":"https:\/\/www.myaquastore.com\/pt-br\/wp-json\/wp\/v2\/product\/32353","targetHints":{"allow":["GET"]}}],"collection":[{"href":"https:\/\/www.myaquastore.com\/pt-br\/wp-json\/wp\/v2\/product"}],"about":[{"href":"https:\/\/www.myaquastore.com\/pt-br\/wp-json\/wp\/v2\/types\/product"}],"replies":[{"embeddable":true,"href":"https:\/\/www.myaquastore.com\/pt-br\/wp-json\/wp\/v2\/comments?post=32353"}],"wp:featuredmedia":[{"embeddable":true,"href":"https:\/\/www.myaquastore.com\/pt-br\/wp-json\/wp\/v2\/media\/1281"}],"wp:attachment":[{"href":"https:\/\/www.myaquastore.com\/pt-br\/wp-json\/wp\/v2\/media?parent=32353"}],"wp:term":[{"taxonomy":"product_brand","embeddable":true,"href":"https:\/\/www.myaquastore.com\/pt-br\/wp-json\/wp\/v2\/product_brand?post=32353"},{"taxonomy":"product_cat","embeddable":true,"href":"https:\/\/www.myaquastore.com\/pt-br\/wp-json\/wp\/v2\/product_cat?post=32353"},{"taxonomy":"product_tag","embeddable":true,"href":"https:\/\/www.myaquastore.com\/pt-br\/wp-json\/wp\/v2\/product_tag?post=32353"}],"curies":[{"name":"wp","href":"https:\/\/api.w.org\/{rel}","templated":true}]}}