{"id":32369,"date":"2014-07-20T20:13:23","date_gmt":"2014-07-20T20:13:23","guid":{"rendered":"https:\/\/www.myaquastore.com\/product\/clipe-xilong-13w-na-ideia-de-iluminacao-para-pequenos-tanques-de-plantas\/"},"modified":"2025-03-16T08:13:09","modified_gmt":"2025-03-16T08:13:09","slug":"clipe-xilong-13w-na-ideia-de-iluminacao-para-pequenos-tanques-de-plantas","status":"publish","type":"product","link":"https:\/\/www.myaquastore.com\/pt-br\/produto\/clipe-xilong-13w-na-ideia-de-iluminacao-para-pequenos-tanques-de-plantas\/","title":{"rendered":"clipe xilong 13w na ideia de ilumina\u00e7\u00e3o para pequenos tanques de plantas"},"content":{"rendered":"<p><span style=\"font-size: large;color: #0000ff\"><strong>clipe xilong 13w na ideia de ilumina\u00e7\u00e3o para aqu\u00e1rios de plantas pequenas<\/strong><\/span><\/p>\n<p><span style=\"font-size: large;color: #0000ff\"><strong>pot\u00eancia:13w<\/strong><\/span><\/p>\n<p><span style=\"font-size: large;color: #0000ff\"><strong>volts: 220\/240 volts 50hz<\/strong><\/span><\/p>\n<p><span style=\"font-size: large;color: #0000ff\"><strong>tamanho da ilumina\u00e7\u00e3o:22cmX9cm<\/strong><\/span><\/p>\n<p><span style=\"font-size: large;color: #0000ff\"><strong>cor da l\u00e2mpada:6500k<\/strong><\/span><\/p>\n<p><span style=\"font-size: large;color: #0000ff\"><strong>tamanho do clipe: 5 cm pode segurar vidro com menos de 0,7 cm de espessura<\/strong><\/span><\/p>\n","protected":false},"excerpt":{"rendered":"<p>Clipe de 13 W na ideia de ilumina\u00e7\u00e3o para pequenos tanques de plantas<br \/>\n f\u00e1cil instala\u00e7\u00e3o e longa vida \u00fatil<\/p>\n","protected":false},"featured_media":1396,"comment_status":"open","ping_status":"closed","template":"","meta":[],"product_brand":[],"product_cat":[1287],"product_tag":[],"class_list":{"0":"post-32369","1":"product","2":"type-product","3":"status-publish","4":"has-post-thumbnail","6":"product_cat-suplementos-para-plantas-aquaticas","8":"first","9":"instock","10":"shipping-taxable","11":"purchasable","12":"product-type-simple"},"_links":{"self":[{"href":"https:\/\/www.myaquastore.com\/pt-br\/wp-json\/wp\/v2\/product\/32369","targetHints":{"allow":["GET"]}}],"collection":[{"href":"https:\/\/www.myaquastore.com\/pt-br\/wp-json\/wp\/v2\/product"}],"about":[{"href":"https:\/\/www.myaquastore.com\/pt-br\/wp-json\/wp\/v2\/types\/product"}],"replies":[{"embeddable":true,"href":"https:\/\/www.myaquastore.com\/pt-br\/wp-json\/wp\/v2\/comments?post=32369"}],"wp:featuredmedia":[{"embeddable":true,"href":"https:\/\/www.myaquastore.com\/pt-br\/wp-json\/wp\/v2\/media\/1396"}],"wp:attachment":[{"href":"https:\/\/www.myaquastore.com\/pt-br\/wp-json\/wp\/v2\/media?parent=32369"}],"wp:term":[{"taxonomy":"product_brand","embeddable":true,"href":"https:\/\/www.myaquastore.com\/pt-br\/wp-json\/wp\/v2\/product_brand?post=32369"},{"taxonomy":"product_cat","embeddable":true,"href":"https:\/\/www.myaquastore.com\/pt-br\/wp-json\/wp\/v2\/product_cat?post=32369"},{"taxonomy":"product_tag","embeddable":true,"href":"https:\/\/www.myaquastore.com\/pt-br\/wp-json\/wp\/v2\/product_tag?post=32369"}],"curies":[{"name":"wp","href":"https:\/\/api.w.org\/{rel}","templated":true}]}}