{"id":32374,"date":"2014-07-24T20:59:09","date_gmt":"2014-07-24T20:59:09","guid":{"rendered":"https:\/\/www.myaquastore.com\/product\/criador-de-ondas-de-alta-rotacao\/"},"modified":"2025-03-16T08:13:11","modified_gmt":"2025-03-16T08:13:11","slug":"criador-de-ondas-de-alta-rotacao","status":"publish","type":"product","link":"https:\/\/www.myaquastore.com\/pt-br\/produto\/criador-de-ondas-de-alta-rotacao\/","title":{"rendered":"Criador de ondas de alta rota\u00e7\u00e3o"},"content":{"rendered":"<p><span style=\"font-size: large;color: #0000ff\"><strong>Recursos<\/strong><\/span><\/p>\n<ul>\n<li><span style=\"font-size: large;color: #0000ff\"><strong>Semelhante ao defletor de \u00e1gua Hydor Flo<\/strong><\/span><\/li>\n<li><span style=\"font-size: large;color: #0000ff\"><strong>Fornece uma rota\u00e7\u00e3o de \u00e1gua de 360 \u200b\u200bgraus impulsionada pelo fluxo de \u00e1gua<\/strong><\/span><\/li>\n<li><span style=\"font-size: large;color: #0000ff\"><strong>Ideia para aqu\u00e1rios de \u00e1gua doce ou marinhos<\/strong><\/span><\/li>\n<li><span style=\"font-size: large;color: #0000ff\"><strong>Aumentar a oxigena\u00e7\u00e3o de plantas vivas e aqu\u00e1rios de recife<\/strong><\/span><\/li>\n<li><span style=\"font-size: large;color: #0000ff\"><strong>Adequado para vaz\u00f5es de 80-310 gal\u00f5es\/bomba de 800 litros a 2.200 litros<\/strong><\/span><\/li>\n<\/ul>\n<p><span style=\"font-size: large;color: #0000ff\"><strong>Especifica\u00e7\u00f5es<\/strong><\/span><\/p>\n<ul>\n<li><span style=\"font-size: large;color: #0000ff\"><strong>Instale um tubo de ar (n\u00e3o inclu\u00eddo) entre o defletor de \u00e1gua e a bomba<\/strong><\/span><\/li>\n<li><span style=\"font-size: large;color: #0000ff\"><strong>F\u00e1cil instala\u00e7\u00e3o<\/strong><\/span><\/li>\n<\/ul>\n","protected":false},"excerpt":{"rendered":"<p>f\u00e1cil instala\u00e7\u00e3o e f\u00e1cil uso<\/p>\n","protected":false},"featured_media":1434,"comment_status":"open","ping_status":"closed","template":"","meta":[],"product_brand":[],"product_cat":[795],"product_tag":[],"class_list":{"0":"post-32374","1":"product","2":"type-product","3":"status-publish","4":"has-post-thumbnail","6":"product_cat-criadores-de-ondas","8":"first","9":"instock","10":"shipping-taxable","11":"purchasable","12":"product-type-simple"},"_links":{"self":[{"href":"https:\/\/www.myaquastore.com\/pt-br\/wp-json\/wp\/v2\/product\/32374","targetHints":{"allow":["GET"]}}],"collection":[{"href":"https:\/\/www.myaquastore.com\/pt-br\/wp-json\/wp\/v2\/product"}],"about":[{"href":"https:\/\/www.myaquastore.com\/pt-br\/wp-json\/wp\/v2\/types\/product"}],"replies":[{"embeddable":true,"href":"https:\/\/www.myaquastore.com\/pt-br\/wp-json\/wp\/v2\/comments?post=32374"}],"wp:featuredmedia":[{"embeddable":true,"href":"https:\/\/www.myaquastore.com\/pt-br\/wp-json\/wp\/v2\/media\/1434"}],"wp:attachment":[{"href":"https:\/\/www.myaquastore.com\/pt-br\/wp-json\/wp\/v2\/media?parent=32374"}],"wp:term":[{"taxonomy":"product_brand","embeddable":true,"href":"https:\/\/www.myaquastore.com\/pt-br\/wp-json\/wp\/v2\/product_brand?post=32374"},{"taxonomy":"product_cat","embeddable":true,"href":"https:\/\/www.myaquastore.com\/pt-br\/wp-json\/wp\/v2\/product_cat?post=32374"},{"taxonomy":"product_tag","embeddable":true,"href":"https:\/\/www.myaquastore.com\/pt-br\/wp-json\/wp\/v2\/product_tag?post=32374"}],"curies":[{"name":"wp","href":"https:\/\/api.w.org\/{rel}","templated":true}]}}