{"id":32375,"date":"2014-07-24T21:24:03","date_gmt":"2014-07-24T21:24:03","guid":{"rendered":"https:\/\/www.myaquastore.com\/product\/enchimento-automatico-de-agua-nao-precisa-de-energia\/"},"modified":"2025-03-16T08:13:11","modified_gmt":"2025-03-16T08:13:11","slug":"enchimento-automatico-de-agua-nao-precisa-de-energia","status":"publish","type":"product","link":"https:\/\/www.myaquastore.com\/pt-br\/produto\/enchimento-automatico-de-agua-nao-precisa-de-energia\/","title":{"rendered":"Enchimento autom\u00e1tico de \u00e1gua, n\u00e3o precisa de energia"},"content":{"rendered":"<p><span style=\"color: #0000ff;font-family: arial;font-size: large\"><strong>Recursos<\/strong><\/span><\/p>\n<ul>\n<li><span style=\"font-size: large;color: #0000ff\"><span style=\"font-family: arial\"><strong>Produto DIY fa\u00e7a voc\u00ea mesmo para encher automaticamente \u00e1gua em seu tanque<\/strong><\/span><\/span><\/li>\n<li>\n<div class=\"style21\"><span style=\"color: #0000ff;font-family: arial;font-size: large\"><strong>Evite abaixo do n\u00edvel da \u00e1gua em seu aqu\u00e1rio<\/strong><\/span><\/div>\n<\/li>\n<li>\n<div class=\"style21\"><span style=\"color: #0000ff;font-family: arial;font-size: large\"><strong>Muito f\u00e1cil de instalar ~ Sem qualquer habilidade t\u00e9cnica<\/strong><\/span><\/div>\n<\/li>\n<li>\n<div class=\"style21\"><span style=\"color: #0000ff;font-family: arial;font-size: large\"><strong>Tamb\u00e9m pode ser conectado ao seu sistema RO se voc\u00ea precisar<\/strong><\/span><\/div>\n<\/li>\n<li>\n<div class=\"style21\"><span style=\"font-size: large;color: #0000ff\"><strong><span style=\"font-family: arial\">Voc\u00ea pode conectar com diferentes tipos de garrafa pastosa (depende da sua necessidade para garrafas de 1,25 litros ou 2 litros ou 5 litros)<\/span><\/strong><\/span><\/div>\n<\/li>\n<\/ul>\n<p class=\"style21\"><span style=\"color: #0000ff;font-family: arial;font-size: large\"><strong>Especifica\u00e7\u00f5es<\/strong><\/span><\/p>\n<ul>\n<li><span style=\"font-size: large;color: #0000ff\"><span style=\"font-family: arial\"><strong>Tubo de ar inclu\u00eddo<\/strong><\/span><\/span><\/li>\n<li><span style=\"font-size: large;color: #0000ff\"><span style=\"font-family: arial\"><strong>Suporte inclu\u00eddo (19cm)<\/strong><\/span><\/span><\/li>\n<li><span style=\"font-size: large;color: #0000ff\"><strong><span style=\"font-family: arial\">V\u00e1lvula de reten\u00e7\u00e3o de ar inclu\u00edda<\/span><\/strong><\/span><\/li>\n<\/ul>\n","protected":false},"excerpt":{"rendered":"<p>Enchimento autom\u00e1tico de \u00e1gua, n\u00e3o precisa de energia<br \/>\n f\u00e1cil instala\u00e7\u00e3o<\/p>\n","protected":false},"featured_media":1440,"comment_status":"open","ping_status":"closed","template":"","meta":[],"product_brand":[],"product_cat":[701],"product_tag":[],"class_list":{"0":"post-32375","1":"product","2":"type-product","3":"status-publish","4":"has-post-thumbnail","6":"product_cat-controlador-de-nivel-de-agua-do-aquario","8":"first","9":"instock","10":"shipping-taxable","11":"purchasable","12":"product-type-simple"},"_links":{"self":[{"href":"https:\/\/www.myaquastore.com\/pt-br\/wp-json\/wp\/v2\/product\/32375","targetHints":{"allow":["GET"]}}],"collection":[{"href":"https:\/\/www.myaquastore.com\/pt-br\/wp-json\/wp\/v2\/product"}],"about":[{"href":"https:\/\/www.myaquastore.com\/pt-br\/wp-json\/wp\/v2\/types\/product"}],"replies":[{"embeddable":true,"href":"https:\/\/www.myaquastore.com\/pt-br\/wp-json\/wp\/v2\/comments?post=32375"}],"wp:featuredmedia":[{"embeddable":true,"href":"https:\/\/www.myaquastore.com\/pt-br\/wp-json\/wp\/v2\/media\/1440"}],"wp:attachment":[{"href":"https:\/\/www.myaquastore.com\/pt-br\/wp-json\/wp\/v2\/media?parent=32375"}],"wp:term":[{"taxonomy":"product_brand","embeddable":true,"href":"https:\/\/www.myaquastore.com\/pt-br\/wp-json\/wp\/v2\/product_brand?post=32375"},{"taxonomy":"product_cat","embeddable":true,"href":"https:\/\/www.myaquastore.com\/pt-br\/wp-json\/wp\/v2\/product_cat?post=32375"},{"taxonomy":"product_tag","embeddable":true,"href":"https:\/\/www.myaquastore.com\/pt-br\/wp-json\/wp\/v2\/product_tag?post=32375"}],"curies":[{"name":"wp","href":"https:\/\/api.w.org\/{rel}","templated":true}]}}