{"id":32376,"date":"2014-07-24T22:00:54","date_gmt":"2014-07-24T22:00:54","guid":{"rendered":"https:\/\/www.myaquastore.com\/product\/controlador-digital-de-aquecedor-e-resfriador-modo-duplo-atc800\/"},"modified":"2025-03-16T08:13:12","modified_gmt":"2025-03-16T08:13:12","slug":"controlador-digital-de-aquecedor-e-resfriador-modo-duplo-atc800","status":"publish","type":"product","link":"https:\/\/www.myaquastore.com\/pt-br\/produto\/controlador-digital-de-aquecedor-e-resfriador-modo-duplo-atc800\/","title":{"rendered":"Controlador digital de aquecedor e resfriador MODO DUPLO ATC800+"},"content":{"rendered":"<p><span style=\"font-size: large;color: #0000ff\"><strong>Caracter\u00edsticas: <\/strong><\/span><br \/><span style=\"font-size: large;color: #0000ff\"><strong>Altera\u00e7\u00e3o autom\u00e1tica entre o modelo de refrigera\u00e7\u00e3o e aquecimento, alarme de erro de sonda, alarme de excesso de limite de temperatura, refrigera\u00e7\u00e3o for\u00e7ada por 3 minutos de atraso para proteger, temperatura faixa: 0\u2103\u223d+45\u2103, faixa de temperatura de controle: 5\u2103\u223d+40\u2103, precis\u00e3o: 5\u2103\u223d, aplicada \u00e0 temperatura constante do gabinete de frutos do mar. <\/strong><\/span><\/p>\n<p><span style=\"font-size: large;color: #0000ff\"><strong>O controlador de temperatura de modo duplo ATC800 \u00e9 um pacote completo que n\u00e3o apenas controla o aquecimento do seu aqu\u00e1rio\/ambiente, mas tamb\u00e9m o resfriamento. <\/strong><\/span><\/p>\n<p><span style=\"font-size: large;color: #0000ff\"><strong>Para operar a unidade, basta conectar seu aquecedor e equipamento de resfriamento ao ATC800 e definir a temperatura desejada e, em seguida, simplesmente configurar sua temperatura diferencial (a quantidade que voc\u00ea deseja que o controlador fique acima ou abaixo do valor definido antes de ligar qualquer dispositivo) e ent\u00e3o deixar a unidade automatizar seu aqu\u00e1rio\/ambiente automaticamente. <\/strong><\/span><\/p>\n<p><span style=\"font-size: large;color: #0000ff\"><strong>o ATC800 \u00e9 equipado com um circuito \u00e0 prova de falhas em caso de falha do sensor, e o circuito de resfriamento possui um atraso integrado de 3 minutos entre a comuta\u00e7\u00e3o para proteger qualquer compressor do chiller contra comuta\u00e7\u00e3o cont\u00ednua <\/strong><\/span><\/p>\n<p><span style=\"font-size: large;color: #0000ff\"><strong>Sonda totalmente segura para \u00e1gua salgada &#8211; ideal para uso em recifes marinhos, bem como em todos os ambientes de \u00e1gua doce <\/strong><\/span><\/p>\n<p><span style=\"font-size: large;color: #0000ff\"><strong>a unidade tem um design de montagem em painel e requer montagem em uma caixa adequada <\/strong><\/span><\/p>\n<p><span style=\"font-size: large color: #0000ff\"><strong>Par\u00e2metro t\u00e9cnico: <\/strong><\/span><br \/><span style=\"font-size: large;color: #0000ff\"><strong>Faixa de medi\u00e7\u00e3o:0\u2103\u223d+45\u2103 <\/strong><\/span><br \/><span style=\"font-size: large color: #0000ff\"><strong>Taxa de distin\u00e7\u00e3o: 0,1\u2103 <\/strong><\/span><br \/><span style=\"font-size: large;color: #0000ff\"><strong>Faixa de controle:5\u2103\u223d+40\u2103 <\/strong><\/span><br \/><span style=\"font-size: grande;color: #0000ff\"><strong>Diferen\u00e7a de regula\u00e7\u00e3o de temperatura:1\u2103\u223d5\u2103 <\/strong><\/span><br \/><span style=\"font-size: large\"><strong>ajust\u00e1vel <\/strong><\/span><br \/><span style=\"font-size: grande;color: #0000ff\"><strong>Atraso de prote\u00e7\u00e3o do compressor:3 minutos <\/strong><\/span><br \/><span style=\"font-size: large;color: #0000ff\"><strong>Alimenta\u00e7\u00e3o: 220V CA: 50Hz <\/strong><\/span><br \/><span style=\"font-size: grande;color: #0000ff\"><strong>Consumo de energia:5W <\/strong><\/span><br \/><span style=\"font-size: grande;color: #0000ff\"><strong>Capacidade de contato de pelagem: aquecimento 10A m\u00e1x. <\/strong><\/span><br \/><span style=\"font-size: grande;color: #0000ff\"><strong>refrigera\u00e7\u00e3o 25A m\u00e1x. <\/strong><\/span><br \/><span style=\"font-size: grande\"><strong>Tamanho do produto:180 00 4<\/strong><\/span><\/p>\n","protected":false},"excerpt":{"rendered":"<p>opera\u00e7\u00e3o f\u00e1cil<br \/>\n boa qualidade<\/p>\n","protected":false},"featured_media":1444,"comment_status":"open","ping_status":"closed","template":"","meta":[],"product_brand":[],"product_cat":[1285],"product_tag":[],"class_list":{"0":"post-32376","1":"product","2":"type-product","3":"status-publish","4":"has-post-thumbnail","6":"product_cat-aquecedor-de-aquario-e-amp-controlador-de-temperatura","8":"first","9":"instock","10":"shipping-taxable","11":"purchasable","12":"product-type-simple"},"_links":{"self":[{"href":"https:\/\/www.myaquastore.com\/pt-br\/wp-json\/wp\/v2\/product\/32376","targetHints":{"allow":["GET"]}}],"collection":[{"href":"https:\/\/www.myaquastore.com\/pt-br\/wp-json\/wp\/v2\/product"}],"about":[{"href":"https:\/\/www.myaquastore.com\/pt-br\/wp-json\/wp\/v2\/types\/product"}],"replies":[{"embeddable":true,"href":"https:\/\/www.myaquastore.com\/pt-br\/wp-json\/wp\/v2\/comments?post=32376"}],"wp:featuredmedia":[{"embeddable":true,"href":"https:\/\/www.myaquastore.com\/pt-br\/wp-json\/wp\/v2\/media\/1444"}],"wp:attachment":[{"href":"https:\/\/www.myaquastore.com\/pt-br\/wp-json\/wp\/v2\/media?parent=32376"}],"wp:term":[{"taxonomy":"product_brand","embeddable":true,"href":"https:\/\/www.myaquastore.com\/pt-br\/wp-json\/wp\/v2\/product_brand?post=32376"},{"taxonomy":"product_cat","embeddable":true,"href":"https:\/\/www.myaquastore.com\/pt-br\/wp-json\/wp\/v2\/product_cat?post=32376"},{"taxonomy":"product_tag","embeddable":true,"href":"https:\/\/www.myaquastore.com\/pt-br\/wp-json\/wp\/v2\/product_tag?post=32376"}],"curies":[{"name":"wp","href":"https:\/\/api.w.org\/{rel}","templated":true}]}}