{"id":32377,"date":"2014-07-24T22:09:45","date_gmt":"2014-07-24T22:09:45","guid":{"rendered":"https:\/\/www.myaquastore.com\/product\/controlador-de-nivel-de-agua-para-aquario-automatico-hl-233\/"},"modified":"2025-03-16T08:13:12","modified_gmt":"2025-03-16T08:13:12","slug":"controlador-de-nivel-de-agua-para-aquario-automatico-hl-233","status":"publish","type":"product","link":"https:\/\/www.myaquastore.com\/pt-br\/produto\/controlador-de-nivel-de-agua-para-aquario-automatico-hl-233\/","title":{"rendered":"Controlador de n\u00edvel de \u00e1gua para aqu\u00e1rio autom\u00e1tico HL-233"},"content":{"rendered":"<p><span style=\"font-size: large;color: #0000ff\"><strong>Especifica\u00e7\u00e3o t\u00e9cnica: <\/strong><\/span><\/p>\n<p><span style=\"font-size: large;color: #0000ff\"><strong>Modelo: HL-233 <\/strong><\/span><\/p>\n<p><span style=\"font-size: large\"><strong>Fonte de alimenta\u00e7\u00e3o: AC 110V\/220V 50Hz <\/strong><\/span><\/p>\n<p><span style=\"font-size: large color: #0000ff\"><strong>Ambiente: Temperatura: 0~50\u2103, Umidade&lt;95% <\/strong><\/span><\/p>\n<p><span style=\"font-size: cor grande: #0000ff\"><strong>Consumo de energia: 2 watts <\/strong><\/span><\/p>\n<p><span style=\"font-size: large color: #0000ff\"><strong>Dimens\u00f5es: 150mm5mm2mm <\/strong><\/span><\/p>\n<p><span style=\"font-size: grande\"><strong>Peso: 690g <\/strong><\/span><\/p>\n<p><span style=\"font-size: large;color: #0000ff\"><strong>O controlador de n\u00edvel eletr\u00f4nico com 2 sensores automatizar\u00e1 o abastecimento de \u00e1gua do aqu\u00e1rio. Como a seguran\u00e7a \u00e9 a nossa preocupa\u00e7\u00e3o n\u00famero um, inclu\u00edmos dois sensores de boia em nosso controlador eletr\u00f4nico de n\u00edvel de \u00e1gua. O primeiro sensor do interruptor flutuante aciona a bomba de alimenta\u00e7\u00e3o (vendida separadamente) para manter o n\u00edvel de \u00e1gua desejado. O segundo sensor do interruptor flutuante garante confiabilidade e oferece prote\u00e7\u00e3o contra transbordamento. Nosso controlador de n\u00edvel de \u00e1gua tamb\u00e9m pode ser usado para proteger a bomba contra funcionamento a seco. Ele pode ser utilizado de tr\u00eas maneiras: <\/strong><\/span><br \/><span style=\"font-size: large;color: #0000ff\"><strong>1.Neste modo, a fonte de alimenta\u00e7\u00e3o ser\u00e1 ligada se o n\u00edvel de \u00e1gua no reservat\u00f3rio estiver baixo E houver \u00e1gua suficiente no tanque de armazenamento. A fonte de alimenta\u00e7\u00e3o ser\u00e1 desligada se o n\u00edvel de \u00e1gua no reservat\u00f3rio estiver alto E n\u00e3o houver \u00e1gua suficiente no tanque de armazenamento. <\/strong><\/span><br \/><span style=\"font-size: large;color: #0000ff\"><strong>(Ver diagrama de opera\u00e7\u00e3o, MODO A-1) <\/strong><\/span><br \/><span style=\"font-size: large;color: #0000ff\"><strong>Com esta configura\u00e7\u00e3o, a fonte de alimenta\u00e7\u00e3o ser\u00e1 ligada assim que o n\u00edvel de \u00e1gua no reservat\u00f3rio cair abaixo do n\u00edvel definido. A fonte de alimenta\u00e7\u00e3o ser\u00e1 desligada se o n\u00edvel de \u00e1gua no reservat\u00f3rio for superior ao n\u00edvel definido. <\/strong><\/span><br \/><span style=\"font-size: large;color: #0000ff\"><strong>(Ver diagrama de opera\u00e7\u00e3o, MODO A-2) <\/strong><\/span><br \/><span style=\"font-size: large;color: #0000ff\"><strong>2. A fonte de alimenta\u00e7\u00e3o ser\u00e1 ligada quando o n\u00edvel cair abaixo do n\u00edvel m\u00ednimo do sensor de flutua\u00e7\u00e3o1 e ser\u00e1 desligada quando a \u00e1gua subir at\u00e9 o ponto de ajuste do sensor de fluxo1. O sensor de flutua\u00e7\u00e3o2 atua como um sensor de backup caso o sensor de flutua\u00e7\u00e3o1 esteja preso. O controlador de n\u00edvel n\u00e3o permitir\u00e1 que a fonte de alimenta\u00e7\u00e3o seja ligada se o n\u00edvel da \u00e1gua no reservat\u00f3rio atingir o n\u00edvel m\u00e1ximo do sensor de flutua\u00e7\u00e3o2. <\/strong><\/span><br \/><span style=\"font-size: large;color: #0000ff\"><strong>(ver diagrama de opera\u00e7\u00e3o, MODO B) <\/strong><\/span><br \/><span style=\"font-size: large;color: #0000ff\"><strong>3. Mergulhe o sensor1 e o sensor2 na solu\u00e7\u00e3o medida (reservat\u00f3rio). Com esta configura\u00e7\u00e3o a fonte de alimenta\u00e7\u00e3o ser\u00e1 ligada quando ambos os sensores detectarem que o n\u00edvel da \u00e1gua est\u00e1 abaixo do n\u00edvel m\u00ednimo e parar\u00e1 somente quando a \u00e1gua atingir o n\u00edvel m\u00e1ximo de ambos os sensores. <\/strong><\/span><br \/><span style=\"font-size: large;color: #0000ff\"><strong>(Ver diagrama de opera\u00e7\u00e3o, MODO C) <\/strong><\/span><\/p>\n<p><span style=\"font-size: large;color: #0000ff\"><strong>Existem vers\u00f5es de 110v (para Am\u00e9rica do Norte) e vers\u00f5es de 220v (para Europa, \u00c1sia, Austr\u00e1lia e assim por diante), por favor, deixe-me saiba qual vers\u00e3o voc\u00ea deseja<\/strong><\/span><\/p>\n","protected":false},"excerpt":{"rendered":"<p>Controlador de \u00e1gua de 4 modelos<br \/>\n configura\u00e7\u00e3o f\u00e1cil<\/p>\n","protected":false},"featured_media":1450,"comment_status":"open","ping_status":"closed","template":"","meta":[],"product_brand":[],"product_cat":[701],"product_tag":[],"class_list":{"0":"post-32377","1":"product","2":"type-product","3":"status-publish","4":"has-post-thumbnail","6":"product_cat-controlador-de-nivel-de-agua-do-aquario","8":"first","9":"instock","10":"shipping-taxable","11":"purchasable","12":"product-type-simple"},"_links":{"self":[{"href":"https:\/\/www.myaquastore.com\/pt-br\/wp-json\/wp\/v2\/product\/32377","targetHints":{"allow":["GET"]}}],"collection":[{"href":"https:\/\/www.myaquastore.com\/pt-br\/wp-json\/wp\/v2\/product"}],"about":[{"href":"https:\/\/www.myaquastore.com\/pt-br\/wp-json\/wp\/v2\/types\/product"}],"replies":[{"embeddable":true,"href":"https:\/\/www.myaquastore.com\/pt-br\/wp-json\/wp\/v2\/comments?post=32377"}],"wp:featuredmedia":[{"embeddable":true,"href":"https:\/\/www.myaquastore.com\/pt-br\/wp-json\/wp\/v2\/media\/1450"}],"wp:attachment":[{"href":"https:\/\/www.myaquastore.com\/pt-br\/wp-json\/wp\/v2\/media?parent=32377"}],"wp:term":[{"taxonomy":"product_brand","embeddable":true,"href":"https:\/\/www.myaquastore.com\/pt-br\/wp-json\/wp\/v2\/product_brand?post=32377"},{"taxonomy":"product_cat","embeddable":true,"href":"https:\/\/www.myaquastore.com\/pt-br\/wp-json\/wp\/v2\/product_cat?post=32377"},{"taxonomy":"product_tag","embeddable":true,"href":"https:\/\/www.myaquastore.com\/pt-br\/wp-json\/wp\/v2\/product_tag?post=32377"}],"curies":[{"name":"wp","href":"https:\/\/api.w.org\/{rel}","templated":true}]}}