{"id":32385,"date":"2014-07-26T19:14:32","date_gmt":"2014-07-26T19:14:32","guid":{"rendered":"https:\/\/www.myaquastore.com\/product\/enchimento-automatico-de-agua-nao-precisa-de-energia-facil-instalacao\/"},"modified":"2025-03-16T08:13:14","modified_gmt":"2025-03-16T08:13:14","slug":"enchimento-automatico-de-agua-nao-precisa-de-energia-facil-instalacao","status":"publish","type":"product","link":"https:\/\/www.myaquastore.com\/pt-br\/produto\/enchimento-automatico-de-agua-nao-precisa-de-energia-facil-instalacao\/","title":{"rendered":"Enchimento autom\u00e1tico de \u00e1gua, n\u00e3o precisa de energia, f\u00e1cil instala\u00e7\u00e3o"},"content":{"rendered":"<p><span>Descri\u00e7\u00e3o do item<\/span>:<\/span><\/span><\/span>\n <\/p>\n<p>&lt;span style=&quot;margem: 0px; preenchimento: 0px; borda: 0px; fam\u00edlia de fontes: herdar; tamanho da fonte: 24px; estilo da fonte: herdar; variante da fonte: herdar; peso da fonte: herdar; altura da linha: herdar;<br \/>\n <br \/><\/span>\n <\/p>\n<div align=\"left\">\n<div>\n<div><span><span><span>Recursos<\/span><\/span><\/span>\n <\/div>\n<div>\n <\/div>\n<div><span style=\"vertical-align: linha de base\"><span style=\"margin: 0px;padding: 0px;line-height: herdar;vertical-align: linha de base\"><span style=\"font-weight: 700\">Produto DIY enchimento autom\u00e1tico de \u00e1gua no seu tanque<\/span><\/span><\/span>\n <\/div>\n<div><span style=\"vertical-align: linha de base\"><span style=\"margin: 0px;padding: 0px;line-height: herdar;font-style: base\"><span style=\"font-weight: 700\">Evitar abaixo do n\u00edvel da \u00e1gua seu tanque<\/span><\/span><\/span>\n <\/div>\n<div><span style=\"vertical-align: linha de base\"><span style=\"margin: 0px;padding: 0px;line-height: herdar;font-style: base\"><span style=\"font-weight: 700\">Muito f\u00e1cil de instalar N\u00e3o h\u00e1 nenhum t\u00e9cnico habilidade<\/span><\/span><\/span>\n <\/div>\n<div><span style=\"vertical-align: linha de base\"><span style=\"margin: 0px;padding: 0px;line-height: herdar;font-style: base\"><span style=\"font-weight: 700\">Tamb\u00e9m pode ser conectado com seu RO sistema se precisar<\/span><\/span><\/span>\n <\/div>\n<div><span style=\"vertical-align: linha de base\"><span style=\"margin: 0px;padding: 0px;line-height: herdar;font-style: base\"><span style=\"font-weight: 700\">Voc\u00ea pode conectar com tipo diferente de pastico garrafa (depende da sua necessidade para garrafas de 1,25 litros ou 2 litros ou 5 litros)<\/span><\/span><\/span>\n <\/div>\n<div>\n <\/div>\n<div><span><span><span>Especifica\u00e7\u00e3o<\/span><\/span><\/span>\n <\/div>\n<div>\n <\/div>\n<div><span><span><span style=\"font-weight: 700\">Tubula\u00e7\u00e3o de ar inclu\u00eddo<\/span><\/span><\/span>\n <\/div>\n<div><span><span><span style=\"font-weight: 700\">Montagem inclu\u00edda (19cm)<\/span><\/span><\/span>\n <\/div>\n<div><span style=\"vertical-align: linha de base\"><span style=\"padding: 0px;line-height: herdar;vertical-align: linha de base\"><span style=\"font-weight: 700\">V\u00e1lvula de reten\u00e7\u00e3o de ar Inclu\u00eddo<\/span><\/span><\/span>\n <\/div><\/div><\/div>\n<div align=\"left\"><span><span style=\"-serifa\"><br \/>\n <br \/><\/span><\/span><\/span>\n <\/div>\n<div align=\"left\"><span><span style=\"-serifa\"><br \/>\n <br \/><\/span><\/span><\/span>\n <\/div>\n<p><span style=\"isso;heran\u00e7a\"><br \/>\n <br \/><\/span><\/span><\/span><\/span>\n <\/p>\n<p><span style=\"isso;heran\u00e7a\">Pagamento<\/span>:<\/span><\/span><\/span>\n <\/p>\n<p><span style=\"isso;font-variant: herdar;font-weight: herdar;line-height: herdar\"><br \/>\n <br \/><\/span><\/span><\/span>\n <\/p>\n<p>&lt;span style=&quot;margem: 0px; preenchimento: 0px; border: 0px; font-family: herdar; font-size: 16px; font-style: herdar; font-variant: herdar; font-weight: herdar; line-height: herdar;<br \/>\n <br \/><\/span>\n <\/p>\n<p>\n \n <\/p>\n<p><span style=\"isso;heran\u00e7a\">Envio<\/span>:<\/span><\/span><\/span>\n <\/p>\n<p><span style=\"isso;font-variant: herdar;font-weight: herdar;line-height: herdar\"><br \/>\n <br \/><\/span><\/span><\/span>\n <\/p>\n<p><span>se escolher o frete normal, o prazo de entrega \u00e9 de 2 a 4 semanas<\/span>\n <\/p>\n<p><span>se escolher o frete expresso, o prazo de entrega \u00e9 de 7 a 9 dias \u00fateis<\/span>\n <\/p>\n<p><span>ap\u00f3s o pagamento, enviaremos seu pedido no pr\u00f3ximo dia \u00fatil<\/span>\n <\/p>\n<p><span>por favor, entenda que estamos enviando para o exterior, o tempo de envio \u00e9 um pouco maior do que o envio dentro do pa\u00eds<\/span>\n <\/p>\n<p><span><br \/>\n <br \/><\/span>\n <\/p>\n<p><span><br \/>\n <br \/><\/span>\n <\/p>\n<p><span style=\"isso;heran\u00e7a;line-height: herdar\">Devolu\u00e7\u00e3o e garantia<\/span>:<\/span><\/span><\/span>\n <\/p>\n<p><span><span style=\"font-weight: 700\">&lt;span style=&quot;margin: 0px; padding: 0px; tamanho da fonte: herdar; estilo da fonte: herdar; variante da fonte: herdar; peso da fonte: herdar; altura da linha: herdar;<br \/>\n <br \/><\/span><\/span><\/span>\n <\/p>\n<p><span><span style=\"font-weight: 700\"><span style=\"margin: 0px;padding: 0px\">Return<\/span>:<\/span><br \/>\n <br \/><\/span>\n <\/p>\n<p>aceitamos devolu\u00e7\u00e3o e reembolso de dinheiro dentro de 2 semanas\n <\/p>\n<p>\n \n <\/p>\n<p><span><span style=\"isso;font-variant: herdar;font-weight: herdar;line-height: herdar\"><span style=\"font-weight: 700\">Garantia:<\/span><\/span><\/p>\n<p><\/span>\n <\/p>\n<p><span> Todos os produtos v\u00eam com garantia do vendedor de 3 meses, se o item tiver algum problema dentro de 3 meses, enviaremos a pe\u00e7a de reposi\u00e7\u00e3o para substitui\u00e7\u00e3o, \u00e9 gratuita.<br \/>\n <br \/>se for fora de 3 meses, podemos fornecer a pe\u00e7a de reposi\u00e7\u00e3o gratuitamente, o cliente precisa pagar a taxa de envio<\/span>\n <\/p>\n<p><span style=\"isso;heran\u00e7a\"><br \/>\n <br \/><\/span><\/span><\/span><\/span>\n <\/p>\n<p><span style=\"isso;heran\u00e7a\">Feedback<\/span>:<\/span><\/span><\/span>\n <\/p>\n<p><span><br \/>\n <br \/><\/span>\n <\/p>\n<p>&lt;span style=&quot;margem: 0px; preenchimento: 0px; border: 0px; font-family: herdar; font-size: 16px; font-style: herdar; font-variant: herdar; font-weight: herdar; line-height: herdar;\n <\/p>\n<p>&lt;span style=&quot;margem: 0px; preenchimento: 0px; border: 0px; font-family: herdar; font-size: 16px; font-style: herdar; font-variant: herdar; font-weight: herdar; line-height: herdar;\n <\/p>\n<p>&lt;span style=&quot;margem: 0px; preenchimento: 0px; borda: 0px; font-family: herdar; font-size: 16px; font-style: herdar; font-variant: herdar; font-weight: herdar; line-height: herdar;\n <\/p>\n<p>se voc\u00ea n\u00e3o gostar de nossos produtos, por favor me avise\n <\/p>\n<p>aceitamos reembolso de dinheiro\n <\/p>\n<p>\n \n <\/p>\n<p><font color=\"#0000ff\" size=\"5\"><span><b>Sobre n\u00f3s:<\/b><\/span><\/font>\n <\/p>\n<p><font color=\"#0000ff\" size=\"5\"><span><b><br \/>\n <br \/><\/b><\/span><\/font>\n <\/p>\n<p style=\"margin: 0px;padding: 0px;border: 0px;vertical-align: baseline\"><font color=\"#333333\"><font face=\"Arial, Helvetica, sans-senif, SimSun, \u5b8b\u4f53\"><span style=\"line-height: 18px\">somos distribuidores de produtos de aqu\u00e1rio na China, por isso vendemos os produtos com pre\u00e7o de atacado, tamb\u00e9m podemos fazer um bom neg\u00f3cio com o fabricante<\/span><\/font><\/font>\n <\/p>\n<p><font color=\"#333333\"><font face=\"Arial, Helvetica, sans-senif, SimSun, \u5b8b\u4f53\"><span style=\"line-height: 18px\"> <\/span><\/font><\/font>\n <\/p>\n","protected":false},"excerpt":{"rendered":"<p>Enchimento autom\u00e1tico de \u00e1gua, n\u00e3o precisa de energia, f\u00e1cil instala\u00e7\u00e3o<\/p>\n","protected":false},"featured_media":1498,"comment_status":"open","ping_status":"closed","template":"","meta":[],"product_brand":[],"product_cat":[701],"product_tag":[],"class_list":{"0":"post-32385","1":"product","2":"type-product","3":"status-publish","4":"has-post-thumbnail","6":"product_cat-controlador-de-nivel-de-agua-do-aquario","8":"first","9":"instock","10":"shipping-taxable","11":"purchasable","12":"product-type-simple"},"_links":{"self":[{"href":"https:\/\/www.myaquastore.com\/pt-br\/wp-json\/wp\/v2\/product\/32385","targetHints":{"allow":["GET"]}}],"collection":[{"href":"https:\/\/www.myaquastore.com\/pt-br\/wp-json\/wp\/v2\/product"}],"about":[{"href":"https:\/\/www.myaquastore.com\/pt-br\/wp-json\/wp\/v2\/types\/product"}],"replies":[{"embeddable":true,"href":"https:\/\/www.myaquastore.com\/pt-br\/wp-json\/wp\/v2\/comments?post=32385"}],"wp:featuredmedia":[{"embeddable":true,"href":"https:\/\/www.myaquastore.com\/pt-br\/wp-json\/wp\/v2\/media\/1498"}],"wp:attachment":[{"href":"https:\/\/www.myaquastore.com\/pt-br\/wp-json\/wp\/v2\/media?parent=32385"}],"wp:term":[{"taxonomy":"product_brand","embeddable":true,"href":"https:\/\/www.myaquastore.com\/pt-br\/wp-json\/wp\/v2\/product_brand?post=32385"},{"taxonomy":"product_cat","embeddable":true,"href":"https:\/\/www.myaquastore.com\/pt-br\/wp-json\/wp\/v2\/product_cat?post=32385"},{"taxonomy":"product_tag","embeddable":true,"href":"https:\/\/www.myaquastore.com\/pt-br\/wp-json\/wp\/v2\/product_tag?post=32385"}],"curies":[{"name":"wp","href":"https:\/\/api.w.org\/{rel}","templated":true}]}}