{"id":32386,"date":"2014-07-27T05:14:06","date_gmt":"2014-07-27T05:14:06","guid":{"rendered":"https:\/\/www.myaquastore.com\/product\/songbao-tanque-de-peixes-flutuante-aquario-vidro-magnetico-algas-purificador-ferramenta-escova\/"},"modified":"2025-03-16T08:13:15","modified_gmt":"2025-03-16T08:13:15","slug":"songbao-tanque-de-peixes-flutuante-aquario-vidro-magnetico-algas-purificador-ferramenta-escova","status":"publish","type":"product","link":"https:\/\/www.myaquastore.com\/pt-br\/produto\/songbao-tanque-de-peixes-flutuante-aquario-vidro-magnetico-algas-purificador-ferramenta-escova\/","title":{"rendered":"Songbao tanque de peixes flutuante aqu\u00e1rio vidro magn\u00e9tico algas purificador ferramenta escova"},"content":{"rendered":"<p><span style=\"font-size: large;color: #0000ff\"><strong>Descri\u00e7\u00f5es:<\/strong><\/span><br \/><span style=\"font-size: large;color: #0000ff\"><strong>Boa capacidade de absor\u00e7\u00e3o e poderosa atra\u00e7\u00e3o magn\u00e9tica.<\/strong><\/span><br \/><span style=\"font-size: large;color: #0000ff\"><strong>Conforme voc\u00ea move o \u00edm\u00e3 externo, o \u00edm\u00e3 interno segue, portanto, limpa o vidro.<\/strong><\/span><br \/><span style=\"font-size: large;color: #0000ff\"><strong>A escova interna n\u00e3o afunda nas profundezas do aqu\u00e1rio enquanto est\u00e1 flutuando.<\/strong><\/span><br \/><span style=\"font-size: large;color: #0000ff\"><strong>Especifica\u00e7\u00f5es:<\/strong><\/span><\/p>\n<p><span><strong>Material: material altamente magn\u00e9tico<\/strong><\/span><br \/><span><strong>Tamanho:<br \/>pequeno &#8212;&#8212;&#8211;7,5X4,4X7,2cm<\/strong><\/span><br \/><span><strong>M\u00e9dio&#8212;&#8212;9,8X4,8X7,5cm<\/strong><\/span><br \/><span style=\"font-size: grande\"><strong>grande&#8212;&#8212;&#8212;-10,9X5,9X7,7cm<\/strong><\/span><br \/><span><strong>extra grande &#8212;12X6,3X9,8cm<\/strong><\/span><\/p>\n<p><span style=\"font-size: large;color: #0000ff\"><strong>Pacote inclu\u00eddo:1pcs<\/strong><\/span><\/p>\n<p><span style=\"font-size: large;color: #0000ff\"><strong>1.\u00cdm\u00e3s super fortes para uso com diversas espessuras de vidro.<\/strong><\/span><br \/><span style=\"font-size: large;color: #0000ff\"><strong>2.Flutua evitando a perda de \u00edm\u00e3s no fundo do seu aqu\u00e1rio.<\/strong><\/span><br \/><span style=\"font-size: large;color: #0000ff\"><strong>3.Almofadas de limpeza anti-riscos que s\u00e3o altamente eficientes na remo\u00e7\u00e3o de algas do vidro.<\/strong><\/span><br \/><span style=\"font-size: large color: #0000ff\"><strong>4.Al\u00e7a antiderrapante melhorando a a\u00e7\u00e3o de limpeza.<\/strong><\/span><\/p>\n","protected":false},"excerpt":{"rendered":"<p>uso f\u00e1cil<br \/>\n tanque de limpeza r\u00e1pida<\/p>\n","protected":false},"featured_media":1508,"comment_status":"open","ping_status":"closed","template":"","meta":[],"product_brand":[],"product_cat":[652,656,659],"product_tag":[],"class_list":{"0":"post-32386","1":"product","2":"type-product","3":"status-publish","4":"has-post-thumbnail","6":"product_cat-suprimentos-de-limpeza-e-manutencao","7":"product_cat-agentes-de-limpeza-de-aquarios","8":"product_cat-kits-de-manutencao","10":"first","11":"instock","12":"shipping-taxable","13":"purchasable","14":"product-type-simple"},"_links":{"self":[{"href":"https:\/\/www.myaquastore.com\/pt-br\/wp-json\/wp\/v2\/product\/32386","targetHints":{"allow":["GET"]}}],"collection":[{"href":"https:\/\/www.myaquastore.com\/pt-br\/wp-json\/wp\/v2\/product"}],"about":[{"href":"https:\/\/www.myaquastore.com\/pt-br\/wp-json\/wp\/v2\/types\/product"}],"replies":[{"embeddable":true,"href":"https:\/\/www.myaquastore.com\/pt-br\/wp-json\/wp\/v2\/comments?post=32386"}],"wp:featuredmedia":[{"embeddable":true,"href":"https:\/\/www.myaquastore.com\/pt-br\/wp-json\/wp\/v2\/media\/1508"}],"wp:attachment":[{"href":"https:\/\/www.myaquastore.com\/pt-br\/wp-json\/wp\/v2\/media?parent=32386"}],"wp:term":[{"taxonomy":"product_brand","embeddable":true,"href":"https:\/\/www.myaquastore.com\/pt-br\/wp-json\/wp\/v2\/product_brand?post=32386"},{"taxonomy":"product_cat","embeddable":true,"href":"https:\/\/www.myaquastore.com\/pt-br\/wp-json\/wp\/v2\/product_cat?post=32386"},{"taxonomy":"product_tag","embeddable":true,"href":"https:\/\/www.myaquastore.com\/pt-br\/wp-json\/wp\/v2\/product_tag?post=32386"}],"curies":[{"name":"wp","href":"https:\/\/api.w.org\/{rel}","templated":true}]}}