{"id":32390,"date":"2014-07-29T04:35:31","date_gmt":"2014-07-29T04:35:31","guid":{"rendered":"https:\/\/www.myaquastore.com\/product\/luz-de-clipe-led-bldxbly\/"},"modified":"2025-03-16T08:13:16","modified_gmt":"2025-03-16T08:13:16","slug":"luz-de-clipe-led-bldxbly","status":"publish","type":"product","link":"https:\/\/www.myaquastore.com\/pt-br\/produto\/luz-de-clipe-led-bldxbly\/","title":{"rendered":"Luz de clipe LED Bldxbly"},"content":{"rendered":"<p><span style=\"font-size: large;color: #0000ff\"><strong>volts: 220v\/50zh <\/strong><\/span><\/p>\n<p><span style=\"font-size: large;color: #0000ff\"><strong>quantidade de led: 48<\/strong><\/span><\/p>\n<p><span style=\"font-size: large;color: #0000ff\"><strong>pot\u00eancia:3,5w<\/strong><\/span><\/p>\n<p><span style=\"font-size: large;color: #0000ff\"><strong>cor:8000k<\/strong><\/span><\/p>\n<p><span style=\"font-size: large;color: #0000ff\"><strong>tamanho:28cmX15cmX5cm<\/strong><\/span><\/p>\n<p><span style=\"font-size: large;color: #0000ff\"><strong>adequado para tanque de 30cm a 50cm<\/strong><\/span><\/p>\n","protected":false},"excerpt":{"rendered":"<p>pequena luz de clipe LED, pot\u00eancia de 3,5 W<br \/>\n f\u00e1cil instala\u00e7\u00e3o<\/p>\n","protected":false},"featured_media":1536,"comment_status":"open","ping_status":"closed","template":"","meta":[],"product_brand":[],"product_cat":[635],"product_tag":[],"class_list":{"0":"post-32390","1":"product","2":"type-product","3":"status-publish","4":"has-post-thumbnail","6":"product_cat-sistemas-de-iluminacao","8":"first","9":"instock","10":"shipping-taxable","11":"purchasable","12":"product-type-simple"},"_links":{"self":[{"href":"https:\/\/www.myaquastore.com\/pt-br\/wp-json\/wp\/v2\/product\/32390","targetHints":{"allow":["GET"]}}],"collection":[{"href":"https:\/\/www.myaquastore.com\/pt-br\/wp-json\/wp\/v2\/product"}],"about":[{"href":"https:\/\/www.myaquastore.com\/pt-br\/wp-json\/wp\/v2\/types\/product"}],"replies":[{"embeddable":true,"href":"https:\/\/www.myaquastore.com\/pt-br\/wp-json\/wp\/v2\/comments?post=32390"}],"wp:featuredmedia":[{"embeddable":true,"href":"https:\/\/www.myaquastore.com\/pt-br\/wp-json\/wp\/v2\/media\/1536"}],"wp:attachment":[{"href":"https:\/\/www.myaquastore.com\/pt-br\/wp-json\/wp\/v2\/media?parent=32390"}],"wp:term":[{"taxonomy":"product_brand","embeddable":true,"href":"https:\/\/www.myaquastore.com\/pt-br\/wp-json\/wp\/v2\/product_brand?post=32390"},{"taxonomy":"product_cat","embeddable":true,"href":"https:\/\/www.myaquastore.com\/pt-br\/wp-json\/wp\/v2\/product_cat?post=32390"},{"taxonomy":"product_tag","embeddable":true,"href":"https:\/\/www.myaquastore.com\/pt-br\/wp-json\/wp\/v2\/product_tag?post=32390"}],"curies":[{"name":"wp","href":"https:\/\/api.w.org\/{rel}","templated":true}]}}