{"id":32398,"date":"2014-07-31T15:47:24","date_gmt":"2014-07-31T15:47:24","guid":{"rendered":"https:\/\/www.myaquastore.com\/product\/sunsun-jvp-202a-jvp-202b-dual-power-head-wave-maker-12-000-litros\/"},"modified":"2025-03-16T08:13:18","modified_gmt":"2025-03-16T08:13:18","slug":"sunsun-jvp-202a-jvp-202b-dual-power-head-wave-maker-12-000-litros","status":"publish","type":"product","link":"https:\/\/www.myaquastore.com\/pt-br\/produto\/sunsun-jvp-202a-jvp-202b-dual-power-head-wave-maker-12-000-litros\/","title":{"rendered":"Sunsun JVP 202A JVP-202B Dual Power Head Wave Maker (12.000 litros)"},"content":{"rendered":"<p><span style=\"font-size: large;color: #0000ff\"><strong>Recursos <\/strong><\/span><\/p>\n<p><span style=\"font-size: large;color: #0000ff\"><strong>Alto desempenho! Baixo consumo de energia! <\/strong><\/span><\/p>\n<p><span style=\"font-size: large;color: #0000ff\"><strong>Fornece 360 \u200b\u200bgraus de fluxo de onda 3D para aqu\u00e1rios <\/strong><\/span><\/p>\n<p><span style=\"font-size: large;color: #0000ff\"><strong>O waver pequeno \u00e9 projetado para recifes ou tanques de aqu\u00e1rio (12.000 litros \/ 2.842 gal\u00f5es) <\/strong><\/span><\/p>\n<p><span style=\"font-size: large;color: #0000ff\"><strong>Bomba de onda dupla em um design, fornece as 2 dire\u00e7\u00f5es do fluxo! <\/strong><\/span><\/p>\n<p><span style=\"font-size: large;color: #0000ff\"><strong>use a\u00e7o magn\u00e9tico de boa qualidade, forte absor\u00e7\u00e3o, bomba f\u00e1cil de mover, adequada para fixar superf\u00edcies de vidro. <\/strong><\/span><\/p>\n<p><span style=\"font-size: large;color: #0000ff\"><strong>Especifica\u00e7\u00e3o <\/strong><\/span><\/p>\n<p><span style=\"font-size: large;color: #0000ff\"><strong>Votlage 110V-120V\/220V-240V 50Hz <\/strong><\/span><br \/><span style=\"font-size: large;color: #0000ff\"><strong>Pot\u00eancia 25W <\/strong><\/span><br \/><span style=\"font-size: large;color: #0000ff\"><strong>Altura m\u00e1xima 0,8m <\/strong><\/span><br \/><span style=\"font-size: large;color: #0000ff\"><strong>Tamanho 12,5cm x 7,5 cm x 8 cm<\/strong><\/span><\/p>\n<p><span style=\"font-size: large;color: #0000ff\"><strong>suporte com ventosa ou base magn\u00e9tica<\/strong><\/span><\/p>\n","protected":false},"excerpt":{"rendered":"<p>montagem de ventosa<\/p>\n","protected":false},"featured_media":1574,"comment_status":"open","ping_status":"closed","template":"","meta":[],"product_brand":[],"product_cat":[795],"product_tag":[],"class_list":{"0":"post-32398","1":"product","2":"type-product","3":"status-publish","4":"has-post-thumbnail","6":"product_cat-criadores-de-ondas","8":"first","9":"instock","10":"shipping-taxable","11":"purchasable","12":"product-type-simple"},"_links":{"self":[{"href":"https:\/\/www.myaquastore.com\/pt-br\/wp-json\/wp\/v2\/product\/32398","targetHints":{"allow":["GET"]}}],"collection":[{"href":"https:\/\/www.myaquastore.com\/pt-br\/wp-json\/wp\/v2\/product"}],"about":[{"href":"https:\/\/www.myaquastore.com\/pt-br\/wp-json\/wp\/v2\/types\/product"}],"replies":[{"embeddable":true,"href":"https:\/\/www.myaquastore.com\/pt-br\/wp-json\/wp\/v2\/comments?post=32398"}],"wp:featuredmedia":[{"embeddable":true,"href":"https:\/\/www.myaquastore.com\/pt-br\/wp-json\/wp\/v2\/media\/1574"}],"wp:attachment":[{"href":"https:\/\/www.myaquastore.com\/pt-br\/wp-json\/wp\/v2\/media?parent=32398"}],"wp:term":[{"taxonomy":"product_brand","embeddable":true,"href":"https:\/\/www.myaquastore.com\/pt-br\/wp-json\/wp\/v2\/product_brand?post=32398"},{"taxonomy":"product_cat","embeddable":true,"href":"https:\/\/www.myaquastore.com\/pt-br\/wp-json\/wp\/v2\/product_cat?post=32398"},{"taxonomy":"product_tag","embeddable":true,"href":"https:\/\/www.myaquastore.com\/pt-br\/wp-json\/wp\/v2\/product_tag?post=32398"}],"curies":[{"name":"wp","href":"https:\/\/api.w.org\/{rel}","templated":true}]}}