{"id":32408,"date":"2014-09-05T15:44:42","date_gmt":"2014-09-05T15:44:42","guid":{"rendered":"https:\/\/www.myaquastore.com\/product\/refratometro-de-salinidade-reef-hd-para-aquario-hidrometro\/"},"modified":"2025-03-16T08:13:22","modified_gmt":"2025-03-16T08:13:22","slug":"refratometro-de-salinidade-reef-hd-para-aquario-hidrometro","status":"publish","type":"product","link":"https:\/\/www.myaquastore.com\/pt-br\/produto\/refratometro-de-salinidade-reef-hd-para-aquario-hidrometro\/","title":{"rendered":"Refrat\u00f4metro de salinidade Reef HD para aqu\u00e1rio, hidr\u00f4metro"},"content":{"rendered":"<h3><span style=\"font-size: large;color: #0000ff\"><strong>* Faixas: 0-100 ppt de Salinidade e 1.000 a 1.070 Gravidade Espec\u00edfica <\/strong><\/span><\/h3>\n<p><span style=\"font-size: large;color: #0000ff\"><strong>* Precis\u00e3o: +\/- 1 ppt \/ 0,001 Gravidade Espec\u00edfica <\/strong><\/span><br \/><span style=\"font-size: large;color: #0000ff\"><strong>* Divis\u00f5es: 1 ppt \/ 0,001 Gravidade Espec\u00edfica<\/strong><\/span><br \/><span style=\"font-size: large;color: #0000ff\"><strong>* Compensa\u00e7\u00e3o autom\u00e1tica de temperatura (ATC)<\/strong><\/span><br \/><span style=\"font-size: large;color: #0000ff\"><strong>* Design robusto feito de alum\u00ednio dur\u00e1vel, n\u00e3o de pl\u00e1stico &#8220;carbono&#8221;, garantia de 3 anos<\/strong><\/span><\/p>\n","protected":false},"excerpt":{"rendered":"<p>uso f\u00e1cil<br \/>\n Refrat\u00f4metro de salinidade de precis\u00e3o<\/p>\n","protected":false},"featured_media":1641,"comment_status":"open","ping_status":"closed","template":"","meta":[],"product_brand":[],"product_cat":[766],"product_tag":[],"class_list":{"0":"post-32408","1":"product","2":"type-product","3":"status-publish","4":"has-post-thumbnail","6":"product_cat-refratometros","8":"first","9":"instock","10":"shipping-taxable","11":"purchasable","12":"product-type-simple"},"_links":{"self":[{"href":"https:\/\/www.myaquastore.com\/pt-br\/wp-json\/wp\/v2\/product\/32408","targetHints":{"allow":["GET"]}}],"collection":[{"href":"https:\/\/www.myaquastore.com\/pt-br\/wp-json\/wp\/v2\/product"}],"about":[{"href":"https:\/\/www.myaquastore.com\/pt-br\/wp-json\/wp\/v2\/types\/product"}],"replies":[{"embeddable":true,"href":"https:\/\/www.myaquastore.com\/pt-br\/wp-json\/wp\/v2\/comments?post=32408"}],"wp:featuredmedia":[{"embeddable":true,"href":"https:\/\/www.myaquastore.com\/pt-br\/wp-json\/wp\/v2\/media\/1641"}],"wp:attachment":[{"href":"https:\/\/www.myaquastore.com\/pt-br\/wp-json\/wp\/v2\/media?parent=32408"}],"wp:term":[{"taxonomy":"product_brand","embeddable":true,"href":"https:\/\/www.myaquastore.com\/pt-br\/wp-json\/wp\/v2\/product_brand?post=32408"},{"taxonomy":"product_cat","embeddable":true,"href":"https:\/\/www.myaquastore.com\/pt-br\/wp-json\/wp\/v2\/product_cat?post=32408"},{"taxonomy":"product_tag","embeddable":true,"href":"https:\/\/www.myaquastore.com\/pt-br\/wp-json\/wp\/v2\/product_tag?post=32408"}],"curies":[{"name":"wp","href":"https:\/\/api.w.org\/{rel}","templated":true}]}}