{"id":32414,"date":"2014-09-11T13:14:42","date_gmt":"2014-09-11T13:14:42","guid":{"rendered":"https:\/\/www.myaquastore.com\/product\/balde-de-armazenamento-de-liquido-para-bomba-doseadora-3-divisoes-15l3\/"},"modified":"2025-03-16T08:13:23","modified_gmt":"2025-03-16T08:13:23","slug":"balde-de-armazenamento-de-liquido-para-bomba-doseadora-3-divisoes-15l3","status":"publish","type":"product","link":"https:\/\/www.myaquastore.com\/pt-br\/produto\/balde-de-armazenamento-de-liquido-para-bomba-doseadora-3-divisoes-15l3\/","title":{"rendered":"Balde de armazenamento de l\u00edquido para bomba doseadora, 3 divis\u00f5es 1,5L*3"},"content":{"rendered":"<p><span lang=\"EN-US\"><strong>Especifica\u00e7\u00f5es<\/strong><\/span><\/p>\n<div>\n<ul>\n<li><span style=\"font-size: large;color: #0000ff\"><strong>3 dep\u00f3sitos<br \/> <\/strong><\/span><\/li>\n<li><span style=\"font-size: large;color: #0000ff\"><strong>Capacidade: 1500mL\/cada ambiente<br \/> <\/strong><\/span><\/li>\n<li><span style=\"font-size: large;color: #0000ff\"><strong>Marca de escala <\/strong><\/span><\/li>\n<\/ul><\/div>\n<ul>\n<li><span style=\"font-size: large;color: #0000ff\"><strong>tamanho:31,5 cm (12,6&#8243;) X 11 cm (4,4&#8243;) X 17,5 cm (7&#8243;)<\/strong><\/span><\/li>\n<\/ul>\n","protected":false},"excerpt":{"rendered":"<p>f\u00e1cil uso e instala\u00e7\u00e3o<\/p>\n","protected":false},"featured_media":1670,"comment_status":"open","ping_status":"closed","template":"","meta":[],"product_brand":[],"product_cat":[1257],"product_tag":[],"class_list":{"0":"post-32414","1":"product","2":"type-product","3":"status-publish","4":"has-post-thumbnail","6":"product_cat-bomba-doseadora-e-acessorio","8":"first","9":"instock","10":"shipping-taxable","11":"purchasable","12":"product-type-simple"},"_links":{"self":[{"href":"https:\/\/www.myaquastore.com\/pt-br\/wp-json\/wp\/v2\/product\/32414","targetHints":{"allow":["GET"]}}],"collection":[{"href":"https:\/\/www.myaquastore.com\/pt-br\/wp-json\/wp\/v2\/product"}],"about":[{"href":"https:\/\/www.myaquastore.com\/pt-br\/wp-json\/wp\/v2\/types\/product"}],"replies":[{"embeddable":true,"href":"https:\/\/www.myaquastore.com\/pt-br\/wp-json\/wp\/v2\/comments?post=32414"}],"wp:featuredmedia":[{"embeddable":true,"href":"https:\/\/www.myaquastore.com\/pt-br\/wp-json\/wp\/v2\/media\/1670"}],"wp:attachment":[{"href":"https:\/\/www.myaquastore.com\/pt-br\/wp-json\/wp\/v2\/media?parent=32414"}],"wp:term":[{"taxonomy":"product_brand","embeddable":true,"href":"https:\/\/www.myaquastore.com\/pt-br\/wp-json\/wp\/v2\/product_brand?post=32414"},{"taxonomy":"product_cat","embeddable":true,"href":"https:\/\/www.myaquastore.com\/pt-br\/wp-json\/wp\/v2\/product_cat?post=32414"},{"taxonomy":"product_tag","embeddable":true,"href":"https:\/\/www.myaquastore.com\/pt-br\/wp-json\/wp\/v2\/product_tag?post=32414"}],"curies":[{"name":"wp","href":"https:\/\/api.w.org\/{rel}","templated":true}]}}