{"id":32419,"date":"2014-09-12T12:27:07","date_gmt":"2014-09-12T12:27:07","guid":{"rendered":"https:\/\/www.myaquastore.com\/product\/jebao-wireless-rw-8-wave-maker-powerhead-wp-reef-aquario\/"},"modified":"2025-03-16T08:13:25","modified_gmt":"2025-03-16T08:13:25","slug":"jebao-wireless-rw-8-wave-maker-powerhead-wp-reef-aquario","status":"publish","type":"product","link":"https:\/\/www.myaquastore.com\/pt-br\/produto\/jebao-wireless-rw-8-wave-maker-powerhead-wp-reef-aquario\/","title":{"rendered":"JEBAO WIRELESS RW-8 WAVE MAKER POWERHEAD WP REEF AQU\u00c1RIO"},"content":{"rendered":"<div>\n<p><span style=\"color: #0000ff;font-size: large\"><strong>Recurso (Jebao RW8 Wireless WaveMaker)<\/strong><\/span><\/p>\n<ul>\n<li><span style=\"color: #0000ff;font-size: large\"><strong>8 vaz\u00f5es diferentes (700 &#8211; 8000 litros)<\/strong><\/span><\/li>\n<\/ul>\n<ul>\n<li><span style=\"color: #0000ff;font-size: large\"><strong>Super silencioso. <\/strong><\/span><\/li>\n<li><span style=\"color: #0000ff;font-size: large\"><strong>Controlador sem fio para conectar bomba mestre\/escravo<\/strong><\/span><\/li>\n<li><span style=\"color: #0000ff;font-size: large\"><strong>Pode operar de forma aut\u00f4noma em uma bomba ou sem fio<\/strong><\/span><\/li>\n<li><span style=\"color: #0000ff;font-size: large\"><strong>F\u00e1cil instala\u00e7\u00e3o e manuten\u00e7\u00e3o.<\/strong><\/span><\/li>\n<li><span style=\"color: #0000ff;font-size: large\"><strong>Suporte magn\u00e9tico<\/strong><\/span><\/li>\n<li><span style=\"color: #0000ff;font-size: large\"><strong>Sensor noturno &#8211; detecta automaticamente quando as luzes do tanque se apagam e retarda a bomba.<\/strong><\/span><\/li>\n<li><span style=\"color: #0000ff;font-size: large\"><strong>Modo de alimenta\u00e7\u00e3o com um toque &#8211; retarda a bomba por um per\u00edodo de 10 minutos.<\/strong><\/span><\/li>\n<li><span style=\"color: #0000ff;font-size: large\"><strong>Alto desempenho, fluxo de \u00e1gua potente combinado com baixo consumo de energia.<\/strong><\/span><\/li>\n<li><span style=\"color: #0000ff;font-size: large\"><strong>Eixo de cer\u00e2mica para longa vida e durabilidade<\/strong><\/span><\/li>\n<li><span style=\"color: #0000ff;font-size: large\"><strong>Sistema de controle inteligente para gerar v\u00e1rios padr\u00f5es de ondas adequados ao seu tanque.<\/strong><\/span><\/li>\n<li><span style=\"color: #0000ff;font-size: large\"><strong>Cabo extra longo para facilidade e conforto de coloca\u00e7\u00e3o, mesmo em tanques maiores.<\/strong><\/span><\/li>\n<li><span style=\"color: #0000ff;font-size: large\"><strong>Fonte de alimenta\u00e7\u00e3o de baixa tens\u00e3o, segura e confi\u00e1vel. Adequado para \u00e1gua doce e salgada<\/strong><\/span><\/li>\n<\/ul>\n<div><span style=\"color: #0000ff;font-size: large\"><strong><br \/><\/strong><\/span><\/div>\n<div><span style=\"color: #0000ff;font-size: large\"><strong><br \/><\/strong><\/span><\/div>\n<p><span style=\"color: #0000ff;font-size: large\"><strong>Modo Onda:<\/strong><\/span><\/p>\n<\/p><\/div>\n<div><span style=\"color: #0000ff;font-size: large\"><strong><br \/><\/strong><strong><span lang=\"EN-US\" xml:lang=\"EN-US\">W1<\/span><\/strong><strong><span lang=\"ZH-CN\" xml:lang=\"ZH-CN\">\uff1a<\/span><\/strong><strong><span lang=\"EN-US\" xml:lang=\"EN-US\">Wave Modo<\/span><\/strong><strong><\/strong><\/span><\/div>\n<div>\n<p align=\"left\"><span style=\"color: #0000ff;font-size: large\" lang=\"EN-US\" xml:lang=\"EN-US\">O controle remoto do bot\u00e3o \u00e9 necess\u00e1rio ao operar este modo para ajustar os padr\u00f5es de onda entre uma ou mais bombas ao mesmo tempo. Como o volume de \u00e1gua no tanque \u00e9 diferente da capacidade do tanque, o per\u00edodo das ondas precisava ser ajustado girando o bot\u00e3o. A onda \u00e9 maior quando o comprimento da onda \u00e9 igual ao comprimento do tanque; Aumente o comprimento da onda girando o bot\u00e3o no sentido hor\u00e1rio e reduza no sentido anti-hor\u00e1rio.<\/span><\/p>\n<p align=\"left\"><span style=\"color: #0000ff;font-size: large\"><strong><span lang=\"EN-US\" xml:lang=\"EN-US\">Dicas:<\/span><\/strong><span lang=\"EN-US\" xml:lang=\"EN-US\"> Voc\u00ea deve mudar o bot\u00e3o gradualmente e observar o padr\u00e3o de onda em um determinado per\u00edodo ap\u00f3s cada ajuste. Pressione<\/span><span lang=\"EN-US\" xml:lang=\"EN-US\">\u201cSPEED\/FEED\u201dpara ajustar a taxa de fluxo.<\/span><\/span><\/p>\n<p align=\"left\"><span style=\"color: #0000ff;font-size: large\"> <\/span><\/p>\n<p align=\"left\"><span style=\"color: #0000ff;font-size: large\"><strong><span lang=\"EN-US\" xml:lang=\"EN-US\">W2<\/span><\/strong><strong><span lang=\"ZH-CN\" xml:lang=\"ZH-CN\">\uff1a<\/span><\/strong><strong><span lang=\"EN-US\" xml:lang=\"EN-US\"> Seno Modo<\/span><\/strong><strong><\/strong><\/span><\/p>\n<p align=\"left\"><span style=\"color: #0000ff;font-size: large\"><span lang=\"EN-US\" xml:lang=\"EN-US\">Uma ou mais bombas podem operar ao mesmo tempo neste modo. A varia\u00e7\u00e3o de pot\u00eancia entre <\/span><span lang=\"EN-US\" xml:lang=\"EN-US\">30%-100% e a regula\u00e7\u00e3o parece uma curva senoidal.<\/span><\/span><\/p>\n<p align=\"left\"><span style=\"color: #0000ff;font-size: large\"> <\/span><\/p>\n<p align=\"left\"><span style=\"color: #0000ff;font-size: large\"><strong><span lang=\"EN-US\" xml:lang=\"EN-US\">Outro<\/span><\/strong><strong><span lang=\"ZH-CN\" xml:lang=\"ZH-CN\">\uff1a<\/span><\/strong><strong><span lang=\"EN-US\" xml:lang=\"EN-US\"> Aleat\u00f3rio Modo<\/span><\/strong><strong><\/strong><\/span><\/p>\n<p align=\"left\"><span style=\"color: #0000ff;font-size: large\" lang=\"EN-US\" xml:lang=\"EN-US\">Uma ou mais bombas podem operar ao mesmo tempo. \u00c9 um modo aleat\u00f3rio, pois a pot\u00eancia da bomba muda para dados aleat\u00f3rios o tempo todo, sem regula\u00e7\u00e3o.<\/span><\/p>\n<p align=\"left\"><span style=\"color: #0000ff;font-size: large\"> <\/span><\/p>\n<p align=\"left\"><span style=\"color: #0000ff;font-size: large\"><span lang=\"EN-US\" xml:lang=\"EN-US\"><strong>H<\/strong><\/span><strong><span lang=\"ZH-CN\" xml:lang=\"ZH-CN\">\uff1a<\/span><\/strong><strong><span lang=\"EN-US\" xml:lang=\"EN-US\">Fluxo Modo<\/span><\/strong><strong><\/strong><\/span><\/p>\n<p align=\"left\"><span style=\"color: #0000ff;font-size: large\"><span lang=\"EN-US\" xml:lang=\"EN-US\">Uma ou mais bombas podem operar ao mesmo tempo. Em fluxo constante. A taxa de fluxo pode ser ajustada por <\/span><span lang=\"EN-US\" xml:lang=\"EN-US\">\u201cSPEED\/FEED\u201d<\/span><\/span><\/p>\n<p align=\"left\"><span style=\"color: #0000ff;font-size: large\"> <\/span><\/p>\n<p> <span style=\"color: #0000ff;font-size: large\"><span lang=\"EN-US\" xml:lang=\"EN-US\"><strong>C<\/strong><\/span><strong><span lang=\"ZH-CN\" xml:lang=\"ZH-CN\">\uff1a<\/span><\/strong><strong><span lang=\"EN-US\" xml:lang=\"EN-US\"> Mudar para fluxo modo<\/span><\/strong><\/span><\/p>\n<p align=\"left\"><span style=\"color: #0000ff;font-size: large\"><span lang=\"EN-US\" xml:lang=\"EN-US\">Duas bombas s\u00e3o necess\u00e1rias para operar ao mesmo tempo, quando elas mudam a onda e o fluxo em ciclos. Trabalho P1, parada P2; Trabalho P2, parada P1; Trabalho P1, parada P2. e ciclos como este. Per\u00edodo do ciclo <\/span><span lang=\"ZH-CN\" xml:lang=\"ZH-CN\">\uff08<\/span><span lang=\"EN-US\" xml:lang=\"EN-US\">1s-1min<\/span><span lang=\"ZH-CN\" xml:lang=\"ZH-CN\">\uff09<\/span><span lang=\"EN-US\" xml:lang=\"EN-US\">pode ser ajustado alternando o bot\u00e3o e ajuste a taxa de fluxo pressionando <\/span><span lang=\"EN-US\" xml:lang=\"EN-US\">SPEED\/FEED<\/span><\/span><\/p>\n<\/p><\/div>\n<div><span style=\"color: #0000ff;font-size: large\"><strong><br \/><\/strong><\/span><\/div>\n<div><span style=\"color: #0000ff;font-size: large\"><strong>Especifica\u00e7\u00f5es<\/strong><\/span><\/div>\n<div>\n<ul>\n<li><span style=\"color: #0000ff;font-size: large\"><strong>Tamanho: 9,5 x 7 x 5,5 cm<\/strong><\/span><\/li>\n<li><span style=\"color: #0000ff;font-size: large\"><strong>Alimenta\u00e7\u00e3o 110V a 240 50\/60Hz 8W a 23W<\/strong><\/span><\/li>\n<\/ul><\/div>\n","protected":false},"excerpt":{"rendered":"<p>f\u00e1cil instala\u00e7\u00e3o e configura\u00e7\u00e3o<br \/>\n pode trabalhar com 7 bombas escravas juntas<\/p>\n","protected":false},"featured_media":1695,"comment_status":"open","ping_status":"closed","template":"","meta":[],"product_brand":[],"product_cat":[795],"product_tag":[],"class_list":{"0":"post-32419","1":"product","2":"type-product","3":"status-publish","4":"has-post-thumbnail","6":"product_cat-criadores-de-ondas","8":"first","9":"instock","10":"shipping-taxable","11":"purchasable","12":"product-type-simple"},"_links":{"self":[{"href":"https:\/\/www.myaquastore.com\/pt-br\/wp-json\/wp\/v2\/product\/32419","targetHints":{"allow":["GET"]}}],"collection":[{"href":"https:\/\/www.myaquastore.com\/pt-br\/wp-json\/wp\/v2\/product"}],"about":[{"href":"https:\/\/www.myaquastore.com\/pt-br\/wp-json\/wp\/v2\/types\/product"}],"replies":[{"embeddable":true,"href":"https:\/\/www.myaquastore.com\/pt-br\/wp-json\/wp\/v2\/comments?post=32419"}],"wp:featuredmedia":[{"embeddable":true,"href":"https:\/\/www.myaquastore.com\/pt-br\/wp-json\/wp\/v2\/media\/1695"}],"wp:attachment":[{"href":"https:\/\/www.myaquastore.com\/pt-br\/wp-json\/wp\/v2\/media?parent=32419"}],"wp:term":[{"taxonomy":"product_brand","embeddable":true,"href":"https:\/\/www.myaquastore.com\/pt-br\/wp-json\/wp\/v2\/product_brand?post=32419"},{"taxonomy":"product_cat","embeddable":true,"href":"https:\/\/www.myaquastore.com\/pt-br\/wp-json\/wp\/v2\/product_cat?post=32419"},{"taxonomy":"product_tag","embeddable":true,"href":"https:\/\/www.myaquastore.com\/pt-br\/wp-json\/wp\/v2\/product_tag?post=32419"}],"curies":[{"name":"wp","href":"https:\/\/api.w.org\/{rel}","templated":true}]}}