{"id":32431,"date":"2014-08-20T14:51:19","date_gmt":"2014-08-20T14:51:19","guid":{"rendered":"https:\/\/www.myaquastore.com\/product\/skimmer-interno-de-proteinas-reef-octopus-ps-5000\/"},"modified":"2025-03-16T08:13:31","modified_gmt":"2025-03-16T08:13:31","slug":"skimmer-interno-de-proteinas-reef-octopus-ps-5000","status":"publish","type":"product","link":"https:\/\/www.myaquastore.com\/pt-br\/produto\/skimmer-interno-de-proteinas-reef-octopus-ps-5000\/","title":{"rendered":"Skimmer interno de prote\u00ednas Reef Octopus PS-5000"},"content":{"rendered":"<ul>\n<li><span><strong>O Skimmer em forma de cone fornece efici\u00eancia de processamento de bolhas de acumula\u00e7\u00e3o mais est\u00e1vel.<\/strong><\/span><\/li>\n<li><span><strong>Novo dispositivo silenciador de admiss\u00e3o torna mais silencioso<\/strong><\/span><\/li>\n<\/ul>\n<p><span><strong>Especifica\u00e7\u00e3o<\/strong><\/span><\/p>\n<ul>\n<li><span><strong>Adequado para tanque de 500 litros<\/strong><\/span><\/li>\n<li><span><strong>Bomba BB-5000S com impulsor de malha<\/strong><\/span><\/li>\n<li><span><strong>Fonte de alimenta\u00e7\u00e3o: 220V a 240V 50Hz<\/strong><\/span><\/li>\n<\/ul>\n","protected":false},"excerpt":{"rendered":"<p>excelente skimmer<br \/>\n f\u00e1cil instala\u00e7\u00e3o e configura\u00e7\u00e3o<\/p>\n","protected":false},"featured_media":1803,"comment_status":"open","ping_status":"closed","template":"","meta":[],"product_brand":[],"product_cat":[1272],"product_tag":[],"class_list":{"0":"post-32431","1":"product","2":"type-product","3":"status-publish","4":"has-post-thumbnail","6":"product_cat-escumadores-de-proteina","8":"first","9":"instock","10":"shipping-taxable","11":"purchasable","12":"product-type-simple"},"_links":{"self":[{"href":"https:\/\/www.myaquastore.com\/pt-br\/wp-json\/wp\/v2\/product\/32431","targetHints":{"allow":["GET"]}}],"collection":[{"href":"https:\/\/www.myaquastore.com\/pt-br\/wp-json\/wp\/v2\/product"}],"about":[{"href":"https:\/\/www.myaquastore.com\/pt-br\/wp-json\/wp\/v2\/types\/product"}],"replies":[{"embeddable":true,"href":"https:\/\/www.myaquastore.com\/pt-br\/wp-json\/wp\/v2\/comments?post=32431"}],"wp:featuredmedia":[{"embeddable":true,"href":"https:\/\/www.myaquastore.com\/pt-br\/wp-json\/wp\/v2\/media\/1803"}],"wp:attachment":[{"href":"https:\/\/www.myaquastore.com\/pt-br\/wp-json\/wp\/v2\/media?parent=32431"}],"wp:term":[{"taxonomy":"product_brand","embeddable":true,"href":"https:\/\/www.myaquastore.com\/pt-br\/wp-json\/wp\/v2\/product_brand?post=32431"},{"taxonomy":"product_cat","embeddable":true,"href":"https:\/\/www.myaquastore.com\/pt-br\/wp-json\/wp\/v2\/product_cat?post=32431"},{"taxonomy":"product_tag","embeddable":true,"href":"https:\/\/www.myaquastore.com\/pt-br\/wp-json\/wp\/v2\/product_tag?post=32431"}],"curies":[{"name":"wp","href":"https:\/\/api.w.org\/{rel}","templated":true}]}}