{"id":32439,"date":"2014-08-27T16:12:17","date_gmt":"2014-08-27T16:12:17","guid":{"rendered":"https:\/\/www.myaquastore.com\/product\/evo-24-led-luz-para-aquario-coral-reef-agua-salgada-nano-16x-3w-3-watts-lunar-60-cm\/"},"modified":"2025-03-16T08:13:34","modified_gmt":"2025-03-16T08:13:34","slug":"evo-24-led-luz-para-aquario-coral-reef-agua-salgada-nano-16x-3w-3-watts-lunar-60-cm","status":"publish","type":"product","link":"https:\/\/www.myaquastore.com\/pt-br\/produto\/evo-24-led-luz-para-aquario-coral-reef-agua-salgada-nano-16x-3w-3-watts-lunar-60-cm\/","title":{"rendered":"EVO 24&#8243; LED Luz para Aqu\u00e1rio Coral Reef \u00c1gua Salgada Nano 16x 3W 3 Watts Lunar 60 cm"},"content":{"rendered":"<div>A lumin\u00e1ria LED mar\u00edtima EVO 3W fornece uma lumin\u00e1ria de alta qualidade e com baixo consumo de energia que brilha na \u00e1gua. Use o LED branco 10000K durante o dia e o LED Actinic Blue 460nm durante a noite. A EVO LED \u00e9 uma lumin\u00e1ria elegante e contempor\u00e2nea que far\u00e1 com que qualquer outra luz de aqu\u00e1rio pare\u00e7a chata. LEDs de longa dura\u00e7\u00e3o sem necessidade de substitui\u00e7\u00e3o de l\u00e2mpada.<\/div>\n<div>Suportes extens\u00edveis &#8211; 24&#8243;-30&#8243; (60cm &#8211; 75cm).<\/div>\n<div>Ilumina\u00e7\u00e3o de aqu\u00e1rio marinho e de \u00e1gua doce super eficiente em termos energ\u00e9ticos. N\u00e3o \u00e9 necess\u00e1ria a substitui\u00e7\u00e3o da l\u00e2mpada.<\/div>\n<div>Recursos:<\/div>\n<div>\n<ul>\n<li>Dimens\u00f5es &#8211; 23,00&#8243; x 5,00&#8243; x 1,00&#8243;<\/li>\n<li>Os colchetes adicionam 0,65&#8243; de altura<\/li>\n<li>Inclui 16 LEDs<\/li>\n<li>LED de 3 watts<\/li>\n<li>2.600 l\u00famens<\/li>\n<li>12 LEDs de 10.000K<\/li>\n<li>4 LEDs act\u00ednicos de 460 nm<\/li>\n<li>Design de luz fino e contempor\u00e2neo<\/li>\n<li>Fun\u00e7\u00e3o liga\/desliga de 2 modos para uso diurno e noturno<\/li>\n<li>Modo 1 liga todos os LEDs<\/li>\n<li>O modo 2 liga apenas LEDs Act\u00ednicos<\/li>\n<li>Suporte extens\u00edvel &#8211; extens\u00e3o m\u00e1xima de 24&#8243;-30&#8243;<\/li>\n<li>Suporte extens\u00edvel &#8211; 60cm &#8211; extens\u00e3o m\u00e1xima de 75cm<\/li>\n<li>Carca\u00e7a de alum\u00ednio com revestimento em p\u00f3 n\u00e3o corrosivo<\/li>\n<li>110V &#8211; 220V<\/li>\n<\/ul><\/div>\n<div>A listagem inclui:<\/div>\n<div>\n<ul>\n<li>1 lumin\u00e1ria LED de 24&#8243; 3W<\/li>\n<li>1 fonte de alimenta\u00e7\u00e3o<\/li>\n<\/ul><\/div>\n","protected":false},"excerpt":{"rendered":"<p>A lumin\u00e1ria LED mar\u00edtima EVO 3W fornece uma lumin\u00e1ria de alta qualidade e com baixo consumo de energia que brilha na \u00e1gua. Use o LED branco 10000K durante o dia e o LED Actinic Blue 460nm durante a noite. A EVO LED \u00e9 uma lumin\u00e1ria elegante e contempor\u00e2nea que far\u00e1 com que qualquer outra luz de aqu\u00e1rio pare\u00e7a chata. LEDs de longa dura\u00e7\u00e3o sem necessidade de substitui\u00e7\u00e3o de l\u00e2mpada.<br \/>\n Suportes extens\u00edveis &#8211; 24&#8243;-30&#8243; (60cm &#8211; 75cm).<br \/>\n Ilumina\u00e7\u00e3o de aqu\u00e1rio marinho e de \u00e1gua doce com super efici\u00eancia energ\u00e9tica. N\u00e3o \u00e9 necess\u00e1ria substitui\u00e7\u00e3o de l\u00e2mpada.<\/p>\n","protected":false},"featured_media":1854,"comment_status":"open","ping_status":"closed","template":"","meta":[],"product_brand":[],"product_cat":[1295],"product_tag":[],"class_list":{"0":"post-32439","1":"product","2":"type-product","3":"status-publish","4":"has-post-thumbnail","6":"product_cat-sistemas-led-pt-br","8":"first","9":"instock","10":"shipping-taxable","11":"purchasable","12":"product-type-simple"},"_links":{"self":[{"href":"https:\/\/www.myaquastore.com\/pt-br\/wp-json\/wp\/v2\/product\/32439","targetHints":{"allow":["GET"]}}],"collection":[{"href":"https:\/\/www.myaquastore.com\/pt-br\/wp-json\/wp\/v2\/product"}],"about":[{"href":"https:\/\/www.myaquastore.com\/pt-br\/wp-json\/wp\/v2\/types\/product"}],"replies":[{"embeddable":true,"href":"https:\/\/www.myaquastore.com\/pt-br\/wp-json\/wp\/v2\/comments?post=32439"}],"wp:featuredmedia":[{"embeddable":true,"href":"https:\/\/www.myaquastore.com\/pt-br\/wp-json\/wp\/v2\/media\/1854"}],"wp:attachment":[{"href":"https:\/\/www.myaquastore.com\/pt-br\/wp-json\/wp\/v2\/media?parent=32439"}],"wp:term":[{"taxonomy":"product_brand","embeddable":true,"href":"https:\/\/www.myaquastore.com\/pt-br\/wp-json\/wp\/v2\/product_brand?post=32439"},{"taxonomy":"product_cat","embeddable":true,"href":"https:\/\/www.myaquastore.com\/pt-br\/wp-json\/wp\/v2\/product_cat?post=32439"},{"taxonomy":"product_tag","embeddable":true,"href":"https:\/\/www.myaquastore.com\/pt-br\/wp-json\/wp\/v2\/product_tag?post=32439"}],"curies":[{"name":"wp","href":"https:\/\/api.w.org\/{rel}","templated":true}]}}