{"id":32448,"date":"2014-07-13T19:21:11","date_gmt":"2014-07-13T19:21:11","guid":{"rendered":"https:\/\/www.myaquastore.com\/product\/bomba-de-diafragma-de-bomba-de-ar-370-fonte-de-alimentacao-12v-dc-ideia-para-pesca-e-aquario\/"},"modified":"2025-03-16T08:13:37","modified_gmt":"2025-03-16T08:13:37","slug":"bomba-de-diafragma-de-bomba-de-ar-370-fonte-de-alimentacao-12v-dc-ideia-para-pesca-e-aquario","status":"publish","type":"product","link":"https:\/\/www.myaquastore.com\/pt-br\/produto\/bomba-de-diafragma-de-bomba-de-ar-370-fonte-de-alimentacao-12v-dc-ideia-para-pesca-e-aquario\/","title":{"rendered":"Bomba de diafragma de bomba de ar 370, fonte de alimenta\u00e7\u00e3o 12v DC, ideia para pesca e aqu\u00e1rio"},"content":{"rendered":"<p><span style=\"font-size: large;color: #0000ff\">fonte de alimenta\u00e7\u00e3o:6V DC <\/span><\/p>\n<p><span style=\"font-size: large;color: #0000ff\">corrente: 0,28 A <\/span><\/p>\n","protected":false},"excerpt":{"rendered":"<p>Bomba de diafragma de bomba de ar 370, fonte de alimenta\u00e7\u00e3o 12v DC, ideia para pesca e aqu\u00e1rio<\/p>\n","protected":false},"featured_media":1912,"comment_status":"open","ping_status":"closed","template":"","meta":[],"product_brand":[],"product_cat":[1264],"product_tag":[],"class_list":{"0":"post-32448","1":"product","2":"type-product","3":"status-publish","4":"has-post-thumbnail","6":"product_cat-bombas-de-ar-para-aquario","8":"first","9":"instock","10":"shipping-taxable","11":"purchasable","12":"product-type-simple"},"_links":{"self":[{"href":"https:\/\/www.myaquastore.com\/pt-br\/wp-json\/wp\/v2\/product\/32448","targetHints":{"allow":["GET"]}}],"collection":[{"href":"https:\/\/www.myaquastore.com\/pt-br\/wp-json\/wp\/v2\/product"}],"about":[{"href":"https:\/\/www.myaquastore.com\/pt-br\/wp-json\/wp\/v2\/types\/product"}],"replies":[{"embeddable":true,"href":"https:\/\/www.myaquastore.com\/pt-br\/wp-json\/wp\/v2\/comments?post=32448"}],"wp:featuredmedia":[{"embeddable":true,"href":"https:\/\/www.myaquastore.com\/pt-br\/wp-json\/wp\/v2\/media\/1912"}],"wp:attachment":[{"href":"https:\/\/www.myaquastore.com\/pt-br\/wp-json\/wp\/v2\/media?parent=32448"}],"wp:term":[{"taxonomy":"product_brand","embeddable":true,"href":"https:\/\/www.myaquastore.com\/pt-br\/wp-json\/wp\/v2\/product_brand?post=32448"},{"taxonomy":"product_cat","embeddable":true,"href":"https:\/\/www.myaquastore.com\/pt-br\/wp-json\/wp\/v2\/product_cat?post=32448"},{"taxonomy":"product_tag","embeddable":true,"href":"https:\/\/www.myaquastore.com\/pt-br\/wp-json\/wp\/v2\/product_tag?post=32448"}],"curies":[{"name":"wp","href":"https:\/\/api.w.org\/{rel}","templated":true}]}}