{"id":32453,"date":"2014-09-25T20:44:25","date_gmt":"2014-09-25T20:44:25","guid":{"rendered":"https:\/\/www.myaquastore.com\/product\/bomba-doseadora-bomba-doseadora-peristaltica-para-aquario-diy-cor-branca\/"},"modified":"2025-03-16T08:13:39","modified_gmt":"2025-03-16T08:13:39","slug":"bomba-doseadora-bomba-doseadora-peristaltica-para-aquario-diy-cor-branca","status":"publish","type":"product","link":"https:\/\/www.myaquastore.com\/pt-br\/produto\/bomba-doseadora-bomba-doseadora-peristaltica-para-aquario-diy-cor-branca\/","title":{"rendered":"Bomba doseadora, bomba doseadora perist\u00e1ltica para aqu\u00e1rio DIY cor branca"},"content":{"rendered":"<p><span style=\"font-size: large;color: #0000ff\"><strong>Recurso<\/strong><\/span><\/p>\n<ul>\n<li><span style=\"font-size: large;color: #0000ff\"><strong>Exato e preciso para dosagem de oligoelementos<\/strong><\/span><\/li>\n<li><span style=\"font-size: large;color: #0000ff\"><strong>Tamanho Mini e Nano<\/strong><\/span><\/li>\n<\/ul>\n<p><span style=\"font-size: large;color: #0000ff\"><strong>Especifica\u00e7\u00f5es<\/strong><\/span><\/p>\n<ul>\n<li><span style=\"font-size: large;color: #0000ff\"><strong>tamanho 130 mm x 105 mm x 50 mm<\/strong><\/span><\/li>\n<li><span style=\"font-size: large;color: #0000ff\"><strong>De 15 ml por minuto a 70 ml por minuto ajust\u00e1vel<\/strong><\/span><\/li>\n<li><span style=\"font-size: large;color: #0000ff\"><strong>Altura m\u00e1xima 2M<\/strong><\/span><\/li>\n<li><span style=\"font-size: large;color: #0000ff\"><strong>a fonte de alimenta\u00e7\u00e3o \u00e9 de 110v-240v volts, pode ser usada em todo o mundo<\/strong><\/span><\/li>\n<li><span style=\"font-size: large;color: #0000ff\"><strong>tubo inclui<\/strong><\/span><\/li>\n<\/ul>\n","protected":false},"excerpt":{"rendered":"<p>bomba doseadora pequena para tanque marinho<\/p>\n","protected":false},"featured_media":1946,"comment_status":"open","ping_status":"closed","template":"","meta":[],"product_brand":[],"product_cat":[1257],"product_tag":[],"class_list":{"0":"post-32453","1":"product","2":"type-product","3":"status-publish","4":"has-post-thumbnail","6":"product_cat-bomba-doseadora-e-acessorio","8":"first","9":"instock","10":"shipping-taxable","11":"purchasable","12":"product-type-simple"},"_links":{"self":[{"href":"https:\/\/www.myaquastore.com\/pt-br\/wp-json\/wp\/v2\/product\/32453","targetHints":{"allow":["GET"]}}],"collection":[{"href":"https:\/\/www.myaquastore.com\/pt-br\/wp-json\/wp\/v2\/product"}],"about":[{"href":"https:\/\/www.myaquastore.com\/pt-br\/wp-json\/wp\/v2\/types\/product"}],"replies":[{"embeddable":true,"href":"https:\/\/www.myaquastore.com\/pt-br\/wp-json\/wp\/v2\/comments?post=32453"}],"wp:featuredmedia":[{"embeddable":true,"href":"https:\/\/www.myaquastore.com\/pt-br\/wp-json\/wp\/v2\/media\/1946"}],"wp:attachment":[{"href":"https:\/\/www.myaquastore.com\/pt-br\/wp-json\/wp\/v2\/media?parent=32453"}],"wp:term":[{"taxonomy":"product_brand","embeddable":true,"href":"https:\/\/www.myaquastore.com\/pt-br\/wp-json\/wp\/v2\/product_brand?post=32453"},{"taxonomy":"product_cat","embeddable":true,"href":"https:\/\/www.myaquastore.com\/pt-br\/wp-json\/wp\/v2\/product_cat?post=32453"},{"taxonomy":"product_tag","embeddable":true,"href":"https:\/\/www.myaquastore.com\/pt-br\/wp-json\/wp\/v2\/product_tag?post=32453"}],"curies":[{"name":"wp","href":"https:\/\/api.w.org\/{rel}","templated":true}]}}