{"id":32457,"date":"2016-09-25T22:23:37","date_gmt":"2016-09-25T22:23:37","guid":{"rendered":"https:\/\/www.myaquastore.com\/product\/15-kg-de-meio-filtrante-de-carvao-ativado-de-boa-qualidade-para-aquario-e-lagoa\/"},"modified":"2025-03-16T08:13:41","modified_gmt":"2025-03-16T08:13:41","slug":"15-kg-de-meio-filtrante-de-carvao-ativado-de-boa-qualidade-para-aquario-e-lagoa","status":"publish","type":"product","link":"https:\/\/www.myaquastore.com\/pt-br\/produto\/15-kg-de-meio-filtrante-de-carvao-ativado-de-boa-qualidade-para-aquario-e-lagoa\/","title":{"rendered":"15 kg de meio filtrante de carv\u00e3o ativado de boa qualidade para aqu\u00e1rio e lagoa"},"content":{"rendered":"<article class=\"article richtext richtext-detail AE:disable\" id=\"richTextContainer\">\n<div style=\"clear:both\">\n<p><span style=\"font-family: 'times new roman', times;font-size: 24px\"> 15 kg de m\u00eddia de filtro de carv\u00e3o ativado de boa qualidade para aqu\u00e1rios e lagos <\/span><\/p>\n<p><span style=\"font-family: 'times new roman', times;font-size: 24px\">1.volume \u00e9 15kgs<\/span><\/p>\n<p><span style=\"font-family: 'times new roman', times;font-size: 24px\">2.Size :small<\/span><\/p>\n<p><span style=\"font-family: 'times new roman', times;24px\">3.shape:cylinder<\/span><\/p>\n<p><span style=\"font-family: 'times new roman', times;font-size: 24px\">4.imagem detalhada dele<\/span><\/p>\n<p><img decoding=\"async\" data-alt=\"15kg de m\u00eddia de filtro de carv\u00e3o ativado de boa qualidade para aqu\u00e1rio e lago\" data-src=\"http:\/\/localhost\/media\/import\/detail\/HTB1MCSKHFXXXXXGXpXXq6xXFXXXe.jpg\" src=\"\"><img alt=\"15kg de meio filtrante de carv\u00e3o ativado de boa qualidade para aqu\u00e1rio e lago\"><img decoding=\"async\" alt=\"15kg de meio filtrante de carv\u00e3o ativado de boa qualidade para aqu\u00e1rio e lagoa\" src=\"http:\/\/localhost\/media\/import\/detail\/HTB1zOWBHFXXXXanXVXXq6xXFXXXd.jpg\"><\/p>\n<div style=\"clear:both\"><\/div>\n<\/div>\n<\/article>\n","protected":false},"excerpt":{"rendered":"<p>15 kg de meio filtrante de carv\u00e3o ativado de boa qualidade para aqu\u00e1rio e lagoa<\/p>\n","protected":false},"featured_media":1970,"comment_status":"open","ping_status":"closed","template":"","meta":[],"product_brand":[],"product_cat":[627],"product_tag":[],"class_list":{"0":"post-32457","1":"product","2":"type-product","3":"status-publish","4":"has-post-thumbnail","6":"product_cat-filtros-de-aquario","8":"first","9":"instock","10":"shipping-taxable","11":"purchasable","12":"product-type-simple"},"_links":{"self":[{"href":"https:\/\/www.myaquastore.com\/pt-br\/wp-json\/wp\/v2\/product\/32457","targetHints":{"allow":["GET"]}}],"collection":[{"href":"https:\/\/www.myaquastore.com\/pt-br\/wp-json\/wp\/v2\/product"}],"about":[{"href":"https:\/\/www.myaquastore.com\/pt-br\/wp-json\/wp\/v2\/types\/product"}],"replies":[{"embeddable":true,"href":"https:\/\/www.myaquastore.com\/pt-br\/wp-json\/wp\/v2\/comments?post=32457"}],"wp:featuredmedia":[{"embeddable":true,"href":"https:\/\/www.myaquastore.com\/pt-br\/wp-json\/wp\/v2\/media\/1970"}],"wp:attachment":[{"href":"https:\/\/www.myaquastore.com\/pt-br\/wp-json\/wp\/v2\/media?parent=32457"}],"wp:term":[{"taxonomy":"product_brand","embeddable":true,"href":"https:\/\/www.myaquastore.com\/pt-br\/wp-json\/wp\/v2\/product_brand?post=32457"},{"taxonomy":"product_cat","embeddable":true,"href":"https:\/\/www.myaquastore.com\/pt-br\/wp-json\/wp\/v2\/product_cat?post=32457"},{"taxonomy":"product_tag","embeddable":true,"href":"https:\/\/www.myaquastore.com\/pt-br\/wp-json\/wp\/v2\/product_tag?post=32457"}],"curies":[{"name":"wp","href":"https:\/\/api.w.org\/{rel}","templated":true}]}}