{"id":32480,"date":"2016-09-25T22:23:39","date_gmt":"2016-09-25T22:23:39","guid":{"rendered":"https:\/\/www.myaquastore.com\/product\/filtro-interno-de-canto-aqua-corner-60-para-aquarios-abertos\/"},"modified":"2025-03-16T08:13:47","modified_gmt":"2025-03-16T08:13:47","slug":"filtro-interno-de-canto-aqua-corner-60-para-aquarios-abertos","status":"publish","type":"product","link":"https:\/\/www.myaquastore.com\/pt-br\/produto\/filtro-interno-de-canto-aqua-corner-60-para-aquarios-abertos\/","title":{"rendered":"Filtro interno de canto aqua Corner 60 para aqu\u00e1rios abertos"},"content":{"rendered":"<article class=\"article richtext richtext-detail AE:disable\" id=\"richTextContainer\">\n<div style=\"clear:both\">\n<p> aqua Corner Filtro interno de 60 cantos para aqu\u00e1rios abertos<\/p>\n<p style=\"padding-top: 15px;padding-bottom: 15px;font-size: 14px;line-height: 20px;font-family: Arial, Helvetica, sans-serif\">aqua Corner foi desenvolvido especialmente para pequenos aqu\u00e1rios (tamb\u00e9m nano aqu\u00e1rios). Por ser um filtro de canto, ocupa pouco espa\u00e7o no aqu\u00e1rio. Ele simplesmente fica pendurado no vidro. Fixa-se t\u00e3o perto do vidro que nenhum gado pode ficar preso na abertura. Al\u00e9m disso, sua suc\u00e7\u00e3o \u00e9 ajustada para que pequenas criaturas (por exemplo, camar\u00f5es ou peixes) n\u00e3o sejam sugadas. O aquaCorner pode ser facilmente aberto. Na parte superior h\u00e1 um pr\u00e9-filtro ?C atr\u00e1s dele uma mediabox. Ele vem completamente equipado com m\u00eddia de filtro EHEIM.<\/p>\n<p style=\"padding-top: 15px;padding-bottom: 15px;font-size: 14px;line-height: 20px;font-family: Arial, Helvetica, sans-serif\"><span style=\"background-color: #cee1e1;padding: 0px\">Benef\u00edcios do aqua Canto 60<\/span><\/p>\n<div style=\"margin: 0px;padding: 0px;font-family: Arial, Helvetica, sans-serif;line-height: 16px\">\n<p style=\"margin-top: 0px;margin-right: 0px;margin-bottom: 0px;padding-top: 0px;padding-right: 0px;padding-bottom: 10px\">Filtro interno de canto para aqu\u00e1rios pequenos (e nano aqu\u00e1rios) de 10 a 60 L<\/p>\n<p style=\"margin-top: 0px;margin-right: 0px;padding-top: 0px;padding-right: 0px;padding-bottom: 10px\">Poderoso, mas com suc\u00e7\u00e3o suave (criaturas pequenas) <\/p>\n<p style=\"margin-top: 0px;margin-right: 0px;margin-bottom: 0px;padding-top: 0px;padding-right: 0px;padding-bottom: 10px\">F\u00e1cil de pendurar no vidro<\/p>\n<p style=\"margin-top: 0px;margin-right: 0px;padding-bottom: 10px\">Adequado para espessura de vidro de at\u00e9 5 mm<\/p>\n<p style=\"margin-top: 0px;padding-bottom: 10px\">Filtro f\u00e1cil de abrir<\/p>\n<p style=\"margin-top: 0px;padding-bottom: 10px\">Esponja de filtro como pr\u00e9-filtro integrado na cabe\u00e7a<\/p>\n<p style=\"margin-top: 0px;padding-bottom: 10px\">Mediabox para m\u00eddia de biofiltro, carv\u00e3o ativo, removedor de fosfato etc.<\/p>\n<p style=\"margin-top: 0px;padding-bottom: 10px\">C\u00e2mara de dosagem para tratamentos de \u00e1gua, fertilizantes etc.<\/p>\n<p style=\"margin-top: 0px;padding-bottom: 10px\">A unidade do motor permanece no tanque durante a limpeza<\/p>\n<p style=\"margin-top: 0px;padding-bottom: 10px\">Vem completamente equipado com m\u00eddia de filtro EHEIM original: filter pad e SUBSTRATpro.<\/p>\n<p style=\"margin-top: 0px;padding-bottom: 10px\">\n<\/div>\n<div style=\"clear:both\"><\/article>\n","protected":false},"excerpt":{"rendered":"<p>Filtro interno de canto aqua Corner 60 para aqu\u00e1rios abertos<\/p>\n","protected":false},"featured_media":2042,"comment_status":"open","ping_status":"closed","template":"","meta":[],"product_brand":[],"product_cat":[627],"product_tag":[],"class_list":{"0":"post-32480","1":"product","2":"type-product","3":"status-publish","4":"has-post-thumbnail","6":"product_cat-filtros-de-aquario","8":"first","9":"instock","10":"shipping-taxable","11":"purchasable","12":"product-type-simple"},"_links":{"self":[{"href":"https:\/\/www.myaquastore.com\/pt-br\/wp-json\/wp\/v2\/product\/32480","targetHints":{"allow":["GET"]}}],"collection":[{"href":"https:\/\/www.myaquastore.com\/pt-br\/wp-json\/wp\/v2\/product"}],"about":[{"href":"https:\/\/www.myaquastore.com\/pt-br\/wp-json\/wp\/v2\/types\/product"}],"replies":[{"embeddable":true,"href":"https:\/\/www.myaquastore.com\/pt-br\/wp-json\/wp\/v2\/comments?post=32480"}],"wp:featuredmedia":[{"embeddable":true,"href":"https:\/\/www.myaquastore.com\/pt-br\/wp-json\/wp\/v2\/media\/2042"}],"wp:attachment":[{"href":"https:\/\/www.myaquastore.com\/pt-br\/wp-json\/wp\/v2\/media?parent=32480"}],"wp:term":[{"taxonomy":"product_brand","embeddable":true,"href":"https:\/\/www.myaquastore.com\/pt-br\/wp-json\/wp\/v2\/product_brand?post=32480"},{"taxonomy":"product_cat","embeddable":true,"href":"https:\/\/www.myaquastore.com\/pt-br\/wp-json\/wp\/v2\/product_cat?post=32480"},{"taxonomy":"product_tag","embeddable":true,"href":"https:\/\/www.myaquastore.com\/pt-br\/wp-json\/wp\/v2\/product_tag?post=32480"}],"curies":[{"name":"wp","href":"https:\/\/api.w.org\/{rel}","templated":true}]}}