{"id":32496,"date":"2016-09-25T22:23:39","date_gmt":"2016-09-25T22:23:39","guid":{"rendered":"https:\/\/www.myaquastore.com\/product\/bomba-de-agua-para-lago-ecologico-de-frequencia-variavel-adaptativa-boyu\/"},"modified":"2025-03-16T08:13:50","modified_gmt":"2025-03-16T08:13:50","slug":"bomba-de-agua-para-lago-ecologico-de-frequencia-variavel-adaptativa-boyu","status":"publish","type":"product","link":"https:\/\/www.myaquastore.com\/pt-br\/produto\/bomba-de-agua-para-lago-ecologico-de-frequencia-variavel-adaptativa-boyu\/","title":{"rendered":"Bomba de \u00e1gua para lago ecol\u00f3gico de frequ\u00eancia vari\u00e1vel adaptativa BOYU"},"content":{"rendered":"<article class=\"article richtext richtext-detail AE:disable\" id=\"richTextContainer\">\n<div style=\"clear:both\">\n<p><span style=\"font-family: 'times new roman', times;font-size: 24px\"> BOYU Adaptive Variable-frequency eco pond Water Pump <\/span><\/p>\n<p style=\"font-family: Tahoma;color: #333333\"><span style=\"font-family: 'times new roman', times;font-size: 24px\">1.Modo gradiente de fluxo: Em ciclos, a pot\u00eancia, a press\u00e3o de \u00e1gua e o fluxo de \u00e1gua s\u00e3o alterados de pequeno para grande. Bom para recursos de \u00e1gua de jardinagem.<\/span><\/p>\n<p style=\"font-family: Tahoma;color: #333333\"><span style=\"font-family: 'times new roman', times;font-size: 24px\">2.Modo de regula\u00e7\u00e3o: Fluxo de \u00e1gua multisage ajustado manualmente para atender a diferentes demandas.<\/span><\/p>\n<p style=\"font-family: Tahoma\"><span style=\"font-family: 'times new roman', times;font-size: 24px\">3.Projetado pela tecnologia de convers\u00e3o de frequ\u00eancia DC, com efici\u00eancia energ\u00e9tica. <\/span><\/p>\n<p style=\"font-family: Tahoma;color: #333333\"><span style=\"font-family: 'times new roman', times;font-size: 24px\">4.<strong>Motor trif\u00e1sico de seis p\u00f3los .<\/span><\/p>\n<p style=\"font-family: Tahoma;color: #333333\"><span style=\"font-family: 'times new roman', times;font-size: 24px\">5.Usou o controle de computador de chip \u00fanico: com v\u00e1rias fun\u00e7\u00f5es de prote\u00e7\u00e3o. buchas, adequadas para \u00e1gua doce, \u00e1gua do mar e uso anf\u00edbio.<\/span><\/p>\n<div style=\"clear:both\"><\/article>\n","protected":false},"excerpt":{"rendered":"<p>Bomba de \u00e1gua para lago ecol\u00f3gico de frequ\u00eancia vari\u00e1vel adaptativa BOYU<\/p>\n","protected":false},"featured_media":2081,"comment_status":"open","ping_status":"closed","template":"","meta":[],"product_brand":[],"product_cat":[627],"product_tag":[],"class_list":{"0":"post-32496","1":"product","2":"type-product","3":"status-publish","4":"has-post-thumbnail","6":"product_cat-filtros-de-aquario","8":"first","9":"instock","10":"shipping-taxable","11":"purchasable","12":"product-type-simple"},"_links":{"self":[{"href":"https:\/\/www.myaquastore.com\/pt-br\/wp-json\/wp\/v2\/product\/32496","targetHints":{"allow":["GET"]}}],"collection":[{"href":"https:\/\/www.myaquastore.com\/pt-br\/wp-json\/wp\/v2\/product"}],"about":[{"href":"https:\/\/www.myaquastore.com\/pt-br\/wp-json\/wp\/v2\/types\/product"}],"replies":[{"embeddable":true,"href":"https:\/\/www.myaquastore.com\/pt-br\/wp-json\/wp\/v2\/comments?post=32496"}],"wp:featuredmedia":[{"embeddable":true,"href":"https:\/\/www.myaquastore.com\/pt-br\/wp-json\/wp\/v2\/media\/2081"}],"wp:attachment":[{"href":"https:\/\/www.myaquastore.com\/pt-br\/wp-json\/wp\/v2\/media?parent=32496"}],"wp:term":[{"taxonomy":"product_brand","embeddable":true,"href":"https:\/\/www.myaquastore.com\/pt-br\/wp-json\/wp\/v2\/product_brand?post=32496"},{"taxonomy":"product_cat","embeddable":true,"href":"https:\/\/www.myaquastore.com\/pt-br\/wp-json\/wp\/v2\/product_cat?post=32496"},{"taxonomy":"product_tag","embeddable":true,"href":"https:\/\/www.myaquastore.com\/pt-br\/wp-json\/wp\/v2\/product_tag?post=32496"}],"curies":[{"name":"wp","href":"https:\/\/api.w.org\/{rel}","templated":true}]}}