{"id":32510,"date":"2016-09-25T22:48:05","date_gmt":"2016-09-25T22:48:05","guid":{"rendered":"https:\/\/www.myaquastore.com\/product\/fabricante-de-nevoa-de-3-cabecas-no-atacado-para-aquario-e-jardim-de-pedras\/"},"modified":"2025-03-16T08:13:53","modified_gmt":"2025-03-16T08:13:53","slug":"fabricante-de-nevoa-de-3-cabecas-no-atacado-para-aquario-e-jardim-de-pedras","status":"publish","type":"product","link":"https:\/\/www.myaquastore.com\/pt-br\/produto\/fabricante-de-nevoa-de-3-cabecas-no-atacado-para-aquario-e-jardim-de-pedras\/","title":{"rendered":"Fabricante de n\u00e9voa de 3 cabe\u00e7as no atacado para aqu\u00e1rio e jardim de pedras"},"content":{"rendered":"<article class=\"article richtext richtext-detail AE:disable\" id=\"richTextContainer\">\n<div style=\"clear:both\">\n<p><span style=\"font-family: 'times new roman', times;font-size: 24px\"> fabricante de n\u00e9voa de 3 cabe\u00e7as no atacado para aqu\u00e1rio e jardim de pedras<\/span><\/p>\n<p><span style=\"font-family: 'times new roman', times;font-size: 24px\">1. taxa de evapora\u00e7\u00e3o m\u00e1xima \u00e9 900ml\/H<\/span><\/p>\n<p><span style=\"font-family: 'times new roman', times;font-size: 24px\">2.A temperatura de trabalho \u00e9 +1??~45??<\/span><\/p>\n<p><span style=\"font-family: 'times new roman', times;font-size: 24px\">3. temperatura protetora \u00e9 50?? <\/span><\/p>\n<p><span style=\"font-family: 'times new roman', times;font-size: 24px\">4. a n\u00e9voa pode ser pequena nos primeiros minutos em que come\u00e7a a funcionar e se estabilizar\u00e1 ap\u00f3s alguns minutos. O tempo frio afetar\u00e1 a quantidade de spray, voc\u00ea pode adicionar um pouco de \u00e1gua quente para acelerar a n\u00e9voa.<\/span><\/p>\n<p><span style=\"font-family: 'times new roman', times;font-size: 24px\">5. certifique-se de que haja \u00e1gua suficiente para resfriar o calor produzido pelo criador de n\u00e9voa<\/span><\/p>\n<p><span style=\"font-family: 'times new roman', times;font-size: 24px\">6.deve desligar a energia se voc\u00ea n\u00e3o usar o gerador de n\u00e9voa por um longo per\u00edodo<\/span><\/p>\n<div style=\"clear:both\"><\/article>\n","protected":false},"excerpt":{"rendered":"<p>Fabricante de n\u00e9voa de 3 cabe\u00e7as no atacado para aqu\u00e1rio e jardim de pedras<\/p>\n","protected":false},"featured_media":2114,"comment_status":"open","ping_status":"closed","template":"","meta":[],"product_brand":[],"product_cat":[627],"product_tag":[],"class_list":{"0":"post-32510","1":"product","2":"type-product","3":"status-publish","4":"has-post-thumbnail","6":"product_cat-filtros-de-aquario","8":"first","9":"instock","10":"shipping-taxable","11":"purchasable","12":"product-type-simple"},"_links":{"self":[{"href":"https:\/\/www.myaquastore.com\/pt-br\/wp-json\/wp\/v2\/product\/32510","targetHints":{"allow":["GET"]}}],"collection":[{"href":"https:\/\/www.myaquastore.com\/pt-br\/wp-json\/wp\/v2\/product"}],"about":[{"href":"https:\/\/www.myaquastore.com\/pt-br\/wp-json\/wp\/v2\/types\/product"}],"replies":[{"embeddable":true,"href":"https:\/\/www.myaquastore.com\/pt-br\/wp-json\/wp\/v2\/comments?post=32510"}],"wp:featuredmedia":[{"embeddable":true,"href":"https:\/\/www.myaquastore.com\/pt-br\/wp-json\/wp\/v2\/media\/2114"}],"wp:attachment":[{"href":"https:\/\/www.myaquastore.com\/pt-br\/wp-json\/wp\/v2\/media?parent=32510"}],"wp:term":[{"taxonomy":"product_brand","embeddable":true,"href":"https:\/\/www.myaquastore.com\/pt-br\/wp-json\/wp\/v2\/product_brand?post=32510"},{"taxonomy":"product_cat","embeddable":true,"href":"https:\/\/www.myaquastore.com\/pt-br\/wp-json\/wp\/v2\/product_cat?post=32510"},{"taxonomy":"product_tag","embeddable":true,"href":"https:\/\/www.myaquastore.com\/pt-br\/wp-json\/wp\/v2\/product_tag?post=32510"}],"curies":[{"name":"wp","href":"https:\/\/api.w.org\/{rel}","templated":true}]}}