{"id":32511,"date":"2016-09-25T22:48:05","date_gmt":"2016-09-25T22:48:05","guid":{"rendered":"https:\/\/www.myaquastore.com\/product\/88g-de-comida-para-peixes-tropicais-de-aquario-de-golfinhos\/"},"modified":"2025-03-16T08:13:53","modified_gmt":"2025-03-16T08:13:53","slug":"88g-de-comida-para-peixes-tropicais-de-aquario-de-golfinhos","status":"publish","type":"product","link":"https:\/\/www.myaquastore.com\/pt-br\/produto\/88g-de-comida-para-peixes-tropicais-de-aquario-de-golfinhos\/","title":{"rendered":"88g de comida para peixes tropicais de aqu\u00e1rio de golfinhos"},"content":{"rendered":"<article class=\"article richtext richtext-detail AE:disable\" id=\"richTextContainer\">\n<div style=\"clear:both\">\n<p><span style=\"font-family: 'times new roman', times;font-size: 24px\"> 88g de comida para peixes tropicais de aqu\u00e1rio de golfinhos<\/span><br \/><span style=\"font-family: 'times new roman', times;font-size: 24px\">1. excelente qualidade<\/span><br \/><span style=\"font-family: 'times new roman', times;font-size: 24px\">2. pre\u00e7o razo\u00e1vel. peixe<\/span><\/p>\n<p><span style=\"font-family: 'times new roman', times;font-size: 24px\">5. o alimento cont\u00e9m todos os ingredientes para um crescimento r\u00e1pido, cores espl\u00eandidas e sa\u00fade atrav\u00e9s da melhoria do desempenho do sistema imunol\u00f3gico<\/span><\/p>\n<div style=\"clear:both\"><\/article>\n","protected":false},"excerpt":{"rendered":"<p>88g de comida para peixes tropicais de aqu\u00e1rio de golfinhos<\/p>\n","protected":false},"featured_media":2116,"comment_status":"open","ping_status":"closed","template":"","meta":[],"product_brand":[],"product_cat":[627],"product_tag":[],"class_list":{"0":"post-32511","1":"product","2":"type-product","3":"status-publish","4":"has-post-thumbnail","6":"product_cat-filtros-de-aquario","8":"first","9":"instock","10":"shipping-taxable","11":"purchasable","12":"product-type-simple"},"_links":{"self":[{"href":"https:\/\/www.myaquastore.com\/pt-br\/wp-json\/wp\/v2\/product\/32511","targetHints":{"allow":["GET"]}}],"collection":[{"href":"https:\/\/www.myaquastore.com\/pt-br\/wp-json\/wp\/v2\/product"}],"about":[{"href":"https:\/\/www.myaquastore.com\/pt-br\/wp-json\/wp\/v2\/types\/product"}],"replies":[{"embeddable":true,"href":"https:\/\/www.myaquastore.com\/pt-br\/wp-json\/wp\/v2\/comments?post=32511"}],"wp:featuredmedia":[{"embeddable":true,"href":"https:\/\/www.myaquastore.com\/pt-br\/wp-json\/wp\/v2\/media\/2116"}],"wp:attachment":[{"href":"https:\/\/www.myaquastore.com\/pt-br\/wp-json\/wp\/v2\/media?parent=32511"}],"wp:term":[{"taxonomy":"product_brand","embeddable":true,"href":"https:\/\/www.myaquastore.com\/pt-br\/wp-json\/wp\/v2\/product_brand?post=32511"},{"taxonomy":"product_cat","embeddable":true,"href":"https:\/\/www.myaquastore.com\/pt-br\/wp-json\/wp\/v2\/product_cat?post=32511"},{"taxonomy":"product_tag","embeddable":true,"href":"https:\/\/www.myaquastore.com\/pt-br\/wp-json\/wp\/v2\/product_tag?post=32511"}],"curies":[{"name":"wp","href":"https:\/\/api.w.org\/{rel}","templated":true}]}}