{"id":32534,"date":"2016-09-25T22:48:05","date_gmt":"2016-09-25T22:48:05","guid":{"rendered":"https:\/\/www.myaquastore.com\/product\/bonus-350g-flor-chifre-coloracao-comida-de-peixe-b01040\/"},"modified":"2025-03-16T08:13:58","modified_gmt":"2025-03-16T08:13:58","slug":"bonus-350g-flor-chifre-coloracao-comida-de-peixe-b01040","status":"publish","type":"product","link":"https:\/\/www.myaquastore.com\/pt-br\/produto\/bonus-350g-flor-chifre-coloracao-comida-de-peixe-b01040\/","title":{"rendered":"B\u00d4NUS 350G flor chifre colora\u00e7\u00e3o comida de peixe B01040"},"content":{"rendered":"<article class=\"article richtext richtext-detail AE:disable\" id=\"richTextContainer\">\n<div style=\"clear:both\">\n<p><span style=\"font-size: 18px\">350G B\u00d4NUS flor chifre colora\u00e7\u00e3o comida de peixe B01040 <br \/><\/span><\/p>\n<\/p>\n<p><span style=\"font-size: 18px\">Benef\u00edcio:<\/span><\/p>\n<p style=\"border: 0px;font-family: Arial,Helvetica;line-height: 0px;font-family: font-size: 18px;isso\">1.A f\u00f3rmula com alto teor de prete\u00edna, rica em amino\u00e1cidos e \u00e1cidos graxos insaturados, aumenta rapidamente a cabe\u00e7a do chifre da flor;<\/span><\/p>\n<p><span style=\"font-family: Arial\"><span style=\"line-height: 24px\">2. Spirulina natural e astacina podem fazer peixes mais bonitos<\/span><\/span><span style=\"color: #333333\">;<\/span><\/span><\/p>\n<p style=\"border: 0px;color: #333333\"><span style=\"vertical-align: linha de base\">3. Os polissacar\u00eddeos imunol\u00f3gicos melhoram a imunidade dos peixes.<\/span><\/p>\n<div style=\"clear:both\"><\/article>\n","protected":false},"excerpt":{"rendered":"<p>B\u00d4NUS 350G flor chifre colora\u00e7\u00e3o comida de peixe B01040<\/p>\n","protected":false},"featured_media":2163,"comment_status":"open","ping_status":"closed","template":"","meta":[],"product_brand":[],"product_cat":[627],"product_tag":[],"class_list":{"0":"post-32534","1":"product","2":"type-product","3":"status-publish","4":"has-post-thumbnail","6":"product_cat-filtros-de-aquario","8":"first","9":"instock","10":"shipping-taxable","11":"purchasable","12":"product-type-simple"},"_links":{"self":[{"href":"https:\/\/www.myaquastore.com\/pt-br\/wp-json\/wp\/v2\/product\/32534","targetHints":{"allow":["GET"]}}],"collection":[{"href":"https:\/\/www.myaquastore.com\/pt-br\/wp-json\/wp\/v2\/product"}],"about":[{"href":"https:\/\/www.myaquastore.com\/pt-br\/wp-json\/wp\/v2\/types\/product"}],"replies":[{"embeddable":true,"href":"https:\/\/www.myaquastore.com\/pt-br\/wp-json\/wp\/v2\/comments?post=32534"}],"wp:featuredmedia":[{"embeddable":true,"href":"https:\/\/www.myaquastore.com\/pt-br\/wp-json\/wp\/v2\/media\/2163"}],"wp:attachment":[{"href":"https:\/\/www.myaquastore.com\/pt-br\/wp-json\/wp\/v2\/media?parent=32534"}],"wp:term":[{"taxonomy":"product_brand","embeddable":true,"href":"https:\/\/www.myaquastore.com\/pt-br\/wp-json\/wp\/v2\/product_brand?post=32534"},{"taxonomy":"product_cat","embeddable":true,"href":"https:\/\/www.myaquastore.com\/pt-br\/wp-json\/wp\/v2\/product_cat?post=32534"},{"taxonomy":"product_tag","embeddable":true,"href":"https:\/\/www.myaquastore.com\/pt-br\/wp-json\/wp\/v2\/product_tag?post=32534"}],"curies":[{"name":"wp","href":"https:\/\/api.w.org\/{rel}","templated":true}]}}