{"id":32540,"date":"2016-09-25T22:48:05","date_gmt":"2016-09-25T22:48:05","guid":{"rendered":"https:\/\/www.myaquastore.com\/product\/40w-65l-min-jebao-eletrica-super-bastante-bomba-de-ar-para-lago-pa60\/"},"modified":"2025-03-16T08:13:59","modified_gmt":"2025-03-16T08:13:59","slug":"40w-65l-min-jebao-eletrica-super-bastante-bomba-de-ar-para-lago-pa60","status":"publish","type":"product","link":"https:\/\/www.myaquastore.com\/pt-br\/produto\/40w-65l-min-jebao-eletrica-super-bastante-bomba-de-ar-para-lago-pa60\/","title":{"rendered":"40W 65L\/min Jebao el\u00e9trica super bastante bomba de ar para lago PA60"},"content":{"rendered":"<article class=\"article richtext richtext-detail AE:disable\" id=\"richTextContainer\">\n<div style=\"clear:both\">\n<p><span style=\"font-family: 'times new roman', times;font-size: 24px\"> 40W 65L\/min Jebao el\u00e9trica super bastante lagoa bomba de ar PA60<\/span><br \/><span style=\"font-family: 'times new roman', times\">1. F\u00e1cil configura\u00e7\u00e3o e manuten\u00e7\u00e3o<\/span><br \/><span style=\"font-family: 'times new roman', times;font-size: 24px\">2. seguro<\/span><br \/><span style=\"font-family: 'times new roman', times;font-size: 24px\">3. o ru\u00eddo \u00e9 de cerca de 35dBA<\/span><\/p>\n<p><span style=\"font-family: 'times new roman', times;font-size: 24px\">4. a embalagem \u00e9 de 4 pe\u00e7as\/caixa<\/span><\/p>\n<p><span style=\"font-family: 'times new roman', times;font-size: 24px\">5.Tamanho pequeno<\/span><\/p>\n<p><span style=\"font-family: 'times new roman', times;font-size: 24px\">6.alto desempenho:40% maior que a bomba de ar normal<\/span><\/p>\n<p><span style=\"font-family: 'times new roman', times;font-size: 24px\">7.economia de energia 30%<\/span><\/p>\n<p><span style=\"font-family: 'times new roman', times;font-size: 24px\">8.com eixo de cer\u00e2mica resistente ao desgaste, vida \u00fatil mais longa<\/span><\/p>\n<p><span style=\"font-family: 'times new roman', times;font-size: 24px\"><img decoding=\"async\" data-alt=\"40W 65L\/min Jebao el\u00e9trica super bastante bomba de ar para lago PA60\" data-src=\"http:\/\/localhost\/media\/import\/detail\/HTB1IkhpHFXXXXXeXVXXq6xXFXXXt.jpg\" src=\"\"><img decoding=\"async\" alt=\"40W 65L\/min Jebao el\u00e9trica super bastante bomba de ar para lagoa PA60\" src=\"http:\/\/localhost\/media\/import\/detail\/HTB1IkhpHFXXXXXeXVXXq6xXFXXXt.jpg\"><img decoding=\"async\" data-alt=\"40W 65L\/min Jebao el\u00e9trica super bastante bomba de ar para lagoa PA60\" data-src=\"http:\/\/localhost\/media\/import\/detail\/HTB1Dw4sHFXXXXXhXFXXq6xXFXXXY.jpg\" src=\"\"><img decoding=\"async\" alt=\"40W 65L\/min Jebao el\u00e9trica super bastante bomba de ar para lago PA60\" src=\"http:\/\/localhost\/media\/import\/detail\/HTB1Dw4sHFXXXXXhXFXXq6xXFXXXY.jpg\"><img decoding=\"async\" data-alt=\"40W 65L\/min Jebao el\u00e9trica super bastante bomba de ar para lago PA60\" data-src=\"http:\/\/localhost\/media\/import\/detail\/HTB1gF0oHFXXXXbGXVXXq6xXFXXX8.jpg\" src=\"\"><img decoding=\"async\" alt=\"40W 65L\/min Jebao el\u00e9trica super bastante bomba de ar para lago PA60\" src=\"http:\/\/localhost\/media\/import\/detail\/HTB1gF0oHFXXXXbGXVXXq6xXFXXX8.jpg\"><\/span><\/p>\n<\/p>\n<div style=\"clear:both\"><\/div>\n<\/div>\n<\/article>\n","protected":false},"excerpt":{"rendered":"<p>40W 65L\/min Jebao el\u00e9trica super bastante bomba de ar para lago PA60<\/p>\n","protected":false},"featured_media":2034,"comment_status":"open","ping_status":"closed","template":"","meta":[],"product_brand":[],"product_cat":[627],"product_tag":[],"class_list":{"0":"post-32540","1":"product","2":"type-product","3":"status-publish","4":"has-post-thumbnail","6":"product_cat-filtros-de-aquario","8":"first","9":"instock","10":"shipping-taxable","11":"purchasable","12":"product-type-simple"},"_links":{"self":[{"href":"https:\/\/www.myaquastore.com\/pt-br\/wp-json\/wp\/v2\/product\/32540","targetHints":{"allow":["GET"]}}],"collection":[{"href":"https:\/\/www.myaquastore.com\/pt-br\/wp-json\/wp\/v2\/product"}],"about":[{"href":"https:\/\/www.myaquastore.com\/pt-br\/wp-json\/wp\/v2\/types\/product"}],"replies":[{"embeddable":true,"href":"https:\/\/www.myaquastore.com\/pt-br\/wp-json\/wp\/v2\/comments?post=32540"}],"wp:featuredmedia":[{"embeddable":true,"href":"https:\/\/www.myaquastore.com\/pt-br\/wp-json\/wp\/v2\/media\/2034"}],"wp:attachment":[{"href":"https:\/\/www.myaquastore.com\/pt-br\/wp-json\/wp\/v2\/media?parent=32540"}],"wp:term":[{"taxonomy":"product_brand","embeddable":true,"href":"https:\/\/www.myaquastore.com\/pt-br\/wp-json\/wp\/v2\/product_brand?post=32540"},{"taxonomy":"product_cat","embeddable":true,"href":"https:\/\/www.myaquastore.com\/pt-br\/wp-json\/wp\/v2\/product_cat?post=32540"},{"taxonomy":"product_tag","embeddable":true,"href":"https:\/\/www.myaquastore.com\/pt-br\/wp-json\/wp\/v2\/product_tag?post=32540"}],"curies":[{"name":"wp","href":"https:\/\/api.w.org\/{rel}","templated":true}]}}