{"id":32547,"date":"2016-09-25T22:48:05","date_gmt":"2016-09-25T22:48:05","guid":{"rendered":"https:\/\/www.myaquastore.com\/product\/2015-novos-bonus-de-500g-sangue-papagaio-coloracao-comida-de-peixe-b01045\/"},"modified":"2025-03-16T08:14:01","modified_gmt":"2025-03-16T08:14:01","slug":"2015-novos-bonus-de-500g-sangue-papagaio-coloracao-comida-de-peixe-b01045","status":"publish","type":"product","link":"https:\/\/www.myaquastore.com\/pt-br\/produto\/2015-novos-bonus-de-500g-sangue-papagaio-coloracao-comida-de-peixe-b01045\/","title":{"rendered":"2015 novos b\u00f4nus de 500g sangue papagaio colora\u00e7\u00e3o comida de peixe b01045"},"content":{"rendered":"<article class=\"article richtext richtext-detail AE:disable\" id=\"richTextContainer\">\n<div style=\"clear:both\">\n<p><span style=\"font-size: 18px\">2015 novos b\u00f4nus de 500G para colorir papagaio de sangue comida de peixe B01045 <br \/><\/span><\/p>\n<\/p>\n<p><span style=\"font-size: 18px\">Benef\u00edcio:<\/span><\/p>\n<p>&lt;p style=&quot;border: 0px; font-family: Arial,Helvetica; line-height: 0px; font-family: font-size: 18px; isso; PESTO DE FONTE: Herite; : 0px; Potding: 0px; Rot enlame vermelho 7 dias e n\u00e3o suje a \u00e1gua<\/span><\/span><span style=\"color: #333333\">;<\/span><br \/><\/span><\/p>\n<div style=\"clear:both\"><\/article>\n","protected":false},"excerpt":{"rendered":"<p>2015 novos b\u00f4nus de 500g sangue papagaio colora\u00e7\u00e3o comida de peixe b01045<\/p>\n","protected":false},"featured_media":2187,"comment_status":"open","ping_status":"closed","template":"","meta":[],"product_brand":[],"product_cat":[627],"product_tag":[],"class_list":{"0":"post-32547","1":"product","2":"type-product","3":"status-publish","4":"has-post-thumbnail","6":"product_cat-filtros-de-aquario","8":"first","9":"instock","10":"shipping-taxable","11":"purchasable","12":"product-type-simple"},"_links":{"self":[{"href":"https:\/\/www.myaquastore.com\/pt-br\/wp-json\/wp\/v2\/product\/32547","targetHints":{"allow":["GET"]}}],"collection":[{"href":"https:\/\/www.myaquastore.com\/pt-br\/wp-json\/wp\/v2\/product"}],"about":[{"href":"https:\/\/www.myaquastore.com\/pt-br\/wp-json\/wp\/v2\/types\/product"}],"replies":[{"embeddable":true,"href":"https:\/\/www.myaquastore.com\/pt-br\/wp-json\/wp\/v2\/comments?post=32547"}],"wp:featuredmedia":[{"embeddable":true,"href":"https:\/\/www.myaquastore.com\/pt-br\/wp-json\/wp\/v2\/media\/2187"}],"wp:attachment":[{"href":"https:\/\/www.myaquastore.com\/pt-br\/wp-json\/wp\/v2\/media?parent=32547"}],"wp:term":[{"taxonomy":"product_brand","embeddable":true,"href":"https:\/\/www.myaquastore.com\/pt-br\/wp-json\/wp\/v2\/product_brand?post=32547"},{"taxonomy":"product_cat","embeddable":true,"href":"https:\/\/www.myaquastore.com\/pt-br\/wp-json\/wp\/v2\/product_cat?post=32547"},{"taxonomy":"product_tag","embeddable":true,"href":"https:\/\/www.myaquastore.com\/pt-br\/wp-json\/wp\/v2\/product_tag?post=32547"}],"curies":[{"name":"wp","href":"https:\/\/api.w.org\/{rel}","templated":true}]}}