{"id":32560,"date":"2016-09-25T23:27:40","date_gmt":"2016-09-25T23:27:40","guid":{"rendered":"https:\/\/www.myaquastore.com\/product\/lampada-de-clipe-led-degenbao-mais-barata-lampada-de-clipe-led-dgled01\/"},"modified":"2025-03-16T08:20:03","modified_gmt":"2025-03-16T08:20:03","slug":"lampada-de-clipe-led-degenbao-mais-barata-lampada-de-clipe-led-dgled01","status":"publish","type":"product","link":"https:\/\/www.myaquastore.com\/pt-br\/produto\/lampada-de-clipe-led-degenbao-mais-barata-lampada-de-clipe-led-dgled01\/","title":{"rendered":"L\u00e2mpada de clipe LED Degenbao mais barata L\u00e2mpada de clipe LED DGLED01"},"content":{"rendered":"<article class=\"article richtext richtext-detail AE:disable\" id=\"richTextContainer\">\n<div style=\"clear:both\">\n<p><span style=\"font-size: 18px\"> Luz de clipe LED Degenbao mais barata L\u00e2mpada de clipe LED DGLED01 <\/span><\/p>\n<p style=\"border: 0px\"><span>1. Diferente comprimento<\/span><br \/><span>2.economia de energia<\/span><\/p>\n<p style=\"border: 0px;font-family: Arial, Helvetica\"><span style=\"vertical-align: baseline\">3.a embalagem \u00e9 de 24 pe\u00e7as\/caixa<\/span><\/p>\n<p style=\"border: 0px;color: #333333\"><span>4.temperatura de trabalho: -20-60 graus<\/span><\/p>\n<p style=\"border: 0px;color: #333333\"><span>5. tens\u00e3o de alimenta\u00e7\u00e3o: tens\u00e3o DC12V e segura para uso<\/span><\/p>\n<p style=\"border: 0px;color: #333333\"><span>6.output:tr\u00eas sa\u00eddas de drenagem CMOS abertas<\/span><\/p>\n<p style=\"border: 0px;color: #333333\"><span>7. modo de conex\u00e3o: \u00e2nodo comum<\/span><\/p>\n<p style=\"border: 0px;color: #333333\"><span>8.As tiras de LED s\u00e3o feitas pela linha de montagem autom\u00e1tica importada do Jap\u00e3o e o processo de fabrica\u00e7\u00e3o \u00e9 controlado por computador<\/span><\/p>\n<p style=\"border: 0px;color: #333333\"><span style=\"vertical-align: baseline\"> T\u00e9cnicas finas e quantidade est\u00e1vel<\/span><\/p>\n<p style=\"border: 0px;color: #333333\"><span style=\"font-family: 'times new roman', times;font-size: x-large\"><span style=\"line-height: 36px\">9.Baixo consumo de energia, alta efic\u00e1cia de luz, longa vida \u00fatil<\/span><\/span><\/p>\n<div style=\"clear:both\"><\/article>\n","protected":false},"excerpt":{"rendered":"<p>L\u00e2mpada de clipe LED Degenbao mais barata L\u00e2mpada de clipe LED DGLED01<\/p>\n","protected":false},"featured_media":2213,"comment_status":"open","ping_status":"closed","template":"","meta":[],"product_brand":[],"product_cat":[627],"product_tag":[],"class_list":{"0":"post-32560","1":"product","2":"type-product","3":"status-publish","4":"has-post-thumbnail","6":"product_cat-filtros-de-aquario","8":"first","9":"instock","10":"shipping-taxable","11":"purchasable","12":"product-type-simple"},"_links":{"self":[{"href":"https:\/\/www.myaquastore.com\/pt-br\/wp-json\/wp\/v2\/product\/32560","targetHints":{"allow":["GET"]}}],"collection":[{"href":"https:\/\/www.myaquastore.com\/pt-br\/wp-json\/wp\/v2\/product"}],"about":[{"href":"https:\/\/www.myaquastore.com\/pt-br\/wp-json\/wp\/v2\/types\/product"}],"replies":[{"embeddable":true,"href":"https:\/\/www.myaquastore.com\/pt-br\/wp-json\/wp\/v2\/comments?post=32560"}],"wp:featuredmedia":[{"embeddable":true,"href":"https:\/\/www.myaquastore.com\/pt-br\/wp-json\/wp\/v2\/media\/2213"}],"wp:attachment":[{"href":"https:\/\/www.myaquastore.com\/pt-br\/wp-json\/wp\/v2\/media?parent=32560"}],"wp:term":[{"taxonomy":"product_brand","embeddable":true,"href":"https:\/\/www.myaquastore.com\/pt-br\/wp-json\/wp\/v2\/product_brand?post=32560"},{"taxonomy":"product_cat","embeddable":true,"href":"https:\/\/www.myaquastore.com\/pt-br\/wp-json\/wp\/v2\/product_cat?post=32560"},{"taxonomy":"product_tag","embeddable":true,"href":"https:\/\/www.myaquastore.com\/pt-br\/wp-json\/wp\/v2\/product_tag?post=32560"}],"curies":[{"name":"wp","href":"https:\/\/api.w.org\/{rel}","templated":true}]}}