{"id":32564,"date":"2016-09-25T23:27:40","date_gmt":"2016-09-25T23:27:40","guid":{"rendered":"https:\/\/www.myaquastore.com\/product\/luz-led-submersivel-de-cor-amarela-7w-93cm-para-aruana\/"},"modified":"2025-03-16T08:20:04","modified_gmt":"2025-03-16T08:20:04","slug":"luz-led-submersivel-de-cor-amarela-7w-93cm-para-aruana","status":"publish","type":"product","link":"https:\/\/www.myaquastore.com\/pt-br\/produto\/luz-led-submersivel-de-cor-amarela-7w-93cm-para-aruana\/","title":{"rendered":"Luz LED submers\u00edvel de cor amarela 7W 93CM para aruan\u00e3"},"content":{"rendered":"<article class=\"article richtext richtext-detail AE:disable\" id=\"richTextContainer\">\n<div style=\"clear:both\">\n<p><span style=\"font-family: 'times new roman', times;font-size: 24px\">7W 93CM luz LED submers\u00edvel de cor amarela para aruan\u00e3<\/span><br \/><span style=\"font-family: 'times new roman', times;font-size: 24px\">1.uma \u00fanica linha<\/span><br \/><span style=\"font-family: 'times new roman', times;font-size: 24px\">2.comprimento diferente(18cm 23cm 33cm 43cm 53cm 73cm 93cm 113cm)<\/span><br \/><span style=\"font-family: 'times new roman', times;24px\">3.economia de energia<\/span><\/p>\n<p><span style=\"font-family: 'times new roman', times\">4.a embalagem \u00e9 de 20 pe\u00e7as\/caixa<\/span><\/p>\n<p>&lt;span style=&quot;font-family: &#039;times new roman&#039;, times; grau<\/span><\/p>\n<p><span style=\"font-family: 'times new roman', times\">6.tens\u00e3o de alimenta\u00e7\u00e3o: DC12V<\/span><\/p>\n<p><span style=\"font-family: 'times new roman', times\">7.Tamanho do produto:53*22*12mm<\/span><\/p>\n<p><span style=\"font-family: 'times new roman', times\">8 cores dispon\u00edveis: vermelho, branco, amarelo<\/span><\/p>\n<div style=\"clear:both\"><\/article>\n","protected":false},"excerpt":{"rendered":"<p>Luz LED submers\u00edvel de cor amarela 7W 93CM para aruan\u00e3<\/p>\n","protected":false},"featured_media":2221,"comment_status":"open","ping_status":"closed","template":"","meta":[],"product_brand":[],"product_cat":[627],"product_tag":[],"class_list":{"0":"post-32564","1":"product","2":"type-product","3":"status-publish","4":"has-post-thumbnail","6":"product_cat-filtros-de-aquario","8":"first","9":"instock","10":"shipping-taxable","11":"purchasable","12":"product-type-simple"},"_links":{"self":[{"href":"https:\/\/www.myaquastore.com\/pt-br\/wp-json\/wp\/v2\/product\/32564","targetHints":{"allow":["GET"]}}],"collection":[{"href":"https:\/\/www.myaquastore.com\/pt-br\/wp-json\/wp\/v2\/product"}],"about":[{"href":"https:\/\/www.myaquastore.com\/pt-br\/wp-json\/wp\/v2\/types\/product"}],"replies":[{"embeddable":true,"href":"https:\/\/www.myaquastore.com\/pt-br\/wp-json\/wp\/v2\/comments?post=32564"}],"wp:featuredmedia":[{"embeddable":true,"href":"https:\/\/www.myaquastore.com\/pt-br\/wp-json\/wp\/v2\/media\/2221"}],"wp:attachment":[{"href":"https:\/\/www.myaquastore.com\/pt-br\/wp-json\/wp\/v2\/media?parent=32564"}],"wp:term":[{"taxonomy":"product_brand","embeddable":true,"href":"https:\/\/www.myaquastore.com\/pt-br\/wp-json\/wp\/v2\/product_brand?post=32564"},{"taxonomy":"product_cat","embeddable":true,"href":"https:\/\/www.myaquastore.com\/pt-br\/wp-json\/wp\/v2\/product_cat?post=32564"},{"taxonomy":"product_tag","embeddable":true,"href":"https:\/\/www.myaquastore.com\/pt-br\/wp-json\/wp\/v2\/product_tag?post=32564"}],"curies":[{"name":"wp","href":"https:\/\/api.w.org\/{rel}","templated":true}]}}