{"id":32571,"date":"2016-09-25T23:27:40","date_gmt":"2016-09-25T23:27:40","guid":{"rendered":"https:\/\/www.myaquastore.com\/product\/aquecedor-de-vidro-redondo-hopar-100w-com-tampa-de-protecao-yx-28\/"},"modified":"2025-03-16T08:20:05","modified_gmt":"2025-03-16T08:20:05","slug":"aquecedor-de-vidro-redondo-hopar-100w-com-tampa-de-protecao-yx-28","status":"publish","type":"product","link":"https:\/\/www.myaquastore.com\/pt-br\/produto\/aquecedor-de-vidro-redondo-hopar-100w-com-tampa-de-protecao-yx-28\/","title":{"rendered":"Aquecedor de vidro redondo HOPAR 100W com tampa de prote\u00e7\u00e3o YX-28"},"content":{"rendered":"<article class=\"article richtext richtext-detail AE:disable\" id=\"richTextContainer\">\n<div style=\"clear:both\">\n<p><span style=\"font-family: 'times new roman', times;font-size: 24px\">Aquecedor de vidro redondo HOPAR 100W com tampa de prote\u00e7\u00e3o YX-28 <\/span><\/p>\n<p><span style=\"font-family: 'times new roman', times;font-size: 24px\">1 vidro \u00e0 prova de explos\u00e3o<\/span><br \/><span style=\"font-family: 'times new roman', times;font-size: 24px\">2 display digital LED de temperatura<\/span><br \/><span style=\"font-family: 'times new roman', times;font-size: 24px\">3 Design ultracompacto, alta resist\u00eancia<\/span><br \/><span style=\"font-family: 'times new roman', times;font-size: 24px\">4 Precis\u00e3o de temperatura segura e confi\u00e1vel<\/span><br \/><span style=\"font-family: 'times new roman', times;font-size: 24px\">5 Adequado para \u00e1gua doce e salgada<\/span><\/p>\n<p><span style=\"font-family: 'times new roman', times;font-size: 24px\">6 Prote\u00e7\u00e3o externa, aprimorada seguran\u00e7a<\/span><\/p>\n<p><img decoding=\"async\" data-alt=\"100W HOPAR redondo aquecedor de vidro com tampa de prote\u00e7\u00e3o YX-28\" data-src=\"http:\/\/localhost\/media\/import\/detail\/HTB1MzQAHpXXXXXcXpXXq6xXFXXXR.jpg\" src=\"\"><img decoding=\"async\" alt=\"100W HOPAR redondo aquecedor de vidro com tampa de prote\u00e7\u00e3o YX-28\" src=\"http:\/\/localhost\/media\/import\/detail\/HTB1MzQAHpXXXXXcXpXXq6xXFXXXR.jpg\"><img decoding=\"async\" data-alt=\"100W HOPAR aquecedor de vidro redondo com tampa de prote\u00e7\u00e3o YX-28\" data-src=\"http:\/\/localhost\/media\/import\/detail\/HTB10wsyHpXXXXchXpXXq6xXFXXXf.jpg\" src=\"\"><img decoding=\"async\" alt=\"100W Aquecedor de vidro redondo HOPAR com tampa de prote\u00e7\u00e3o YX-28\" src=\"http:\/\/localhost\/media\/import\/detail\/HTB10wsyHpXXXXchXpXXq6xXFXXXf.jpg\"><\/p>\n<div style=\"clear:both\"><\/div>\n<\/div>\n<\/article>\n","protected":false},"excerpt":{"rendered":"<p>Aquecedor de vidro redondo HOPAR 100W com tampa de prote\u00e7\u00e3o YX-28<\/p>\n","protected":false},"featured_media":2235,"comment_status":"open","ping_status":"closed","template":"","meta":[],"product_brand":[],"product_cat":[627],"product_tag":[],"class_list":{"0":"post-32571","1":"product","2":"type-product","3":"status-publish","4":"has-post-thumbnail","6":"product_cat-filtros-de-aquario","8":"first","9":"instock","10":"shipping-taxable","11":"purchasable","12":"product-type-simple"},"_links":{"self":[{"href":"https:\/\/www.myaquastore.com\/pt-br\/wp-json\/wp\/v2\/product\/32571","targetHints":{"allow":["GET"]}}],"collection":[{"href":"https:\/\/www.myaquastore.com\/pt-br\/wp-json\/wp\/v2\/product"}],"about":[{"href":"https:\/\/www.myaquastore.com\/pt-br\/wp-json\/wp\/v2\/types\/product"}],"replies":[{"embeddable":true,"href":"https:\/\/www.myaquastore.com\/pt-br\/wp-json\/wp\/v2\/comments?post=32571"}],"wp:featuredmedia":[{"embeddable":true,"href":"https:\/\/www.myaquastore.com\/pt-br\/wp-json\/wp\/v2\/media\/2235"}],"wp:attachment":[{"href":"https:\/\/www.myaquastore.com\/pt-br\/wp-json\/wp\/v2\/media?parent=32571"}],"wp:term":[{"taxonomy":"product_brand","embeddable":true,"href":"https:\/\/www.myaquastore.com\/pt-br\/wp-json\/wp\/v2\/product_brand?post=32571"},{"taxonomy":"product_cat","embeddable":true,"href":"https:\/\/www.myaquastore.com\/pt-br\/wp-json\/wp\/v2\/product_cat?post=32571"},{"taxonomy":"product_tag","embeddable":true,"href":"https:\/\/www.myaquastore.com\/pt-br\/wp-json\/wp\/v2\/product_tag?post=32571"}],"curies":[{"name":"wp","href":"https:\/\/api.w.org\/{rel}","templated":true}]}}