{"id":32580,"date":"2016-09-25T23:27:40","date_gmt":"2016-09-25T23:27:40","guid":{"rendered":"https:\/\/www.myaquastore.com\/product\/aquecedor-de-vidro-a-prova-de-exposicao-300w-bt805\/"},"modified":"2025-03-16T08:20:07","modified_gmt":"2025-03-16T08:20:07","slug":"aquecedor-de-vidro-a-prova-de-exposicao-300w-bt805","status":"publish","type":"product","link":"https:\/\/www.myaquastore.com\/pt-br\/produto\/aquecedor-de-vidro-a-prova-de-exposicao-300w-bt805\/","title":{"rendered":"Aquecedor de vidro \u00e0 prova de exposi\u00e7\u00e3o 300W BT805"},"content":{"rendered":"<article class=\"article richtext richtext-detail AE:disable\" id=\"richTextContainer\">\n<div style=\"clear:both\">\n<p><span style=\"font-family: 'times new roman', times;font-size: 24px\">Aquecedor de vidro \u00e0 prova de exposi\u00e7\u00e3o de 300W BT805 <\/span><\/p>\n<p><span style=\"font-family: 'times new roman', times;font-size: 24px\">1 Vidro \u00e0 prova de explos\u00e3o<\/span><br \/><span style=\"font-family: 'times new roman', times;font-size: 24px\">2 Isolamento duplo<\/span><br \/><span style=\"font-family: 'times new roman', times;font-size: 24px\">3 Design compacto, alta resist\u00eancia<\/span><br \/><span style=\"font-family: 'times new roman', times;font-size: 24px\">4 Precis\u00e3o de temperatura segura e confi\u00e1vel<\/span><br \/><span style=\"font-family: 'times new roman', times;font-size: 24px\">5 Adequado para \u00e1gua doce e salgada<\/span><\/p>\n<div style=\"clear:both\"><\/article>\n","protected":false},"excerpt":{"rendered":"<p>Aquecedor de vidro \u00e0 prova de exposi\u00e7\u00e3o 300W BT805<\/p>\n","protected":false},"featured_media":2253,"comment_status":"open","ping_status":"closed","template":"","meta":[],"product_brand":[],"product_cat":[627],"product_tag":[],"class_list":{"0":"post-32580","1":"product","2":"type-product","3":"status-publish","4":"has-post-thumbnail","6":"product_cat-filtros-de-aquario","8":"first","9":"instock","10":"shipping-taxable","11":"purchasable","12":"product-type-simple"},"_links":{"self":[{"href":"https:\/\/www.myaquastore.com\/pt-br\/wp-json\/wp\/v2\/product\/32580","targetHints":{"allow":["GET"]}}],"collection":[{"href":"https:\/\/www.myaquastore.com\/pt-br\/wp-json\/wp\/v2\/product"}],"about":[{"href":"https:\/\/www.myaquastore.com\/pt-br\/wp-json\/wp\/v2\/types\/product"}],"replies":[{"embeddable":true,"href":"https:\/\/www.myaquastore.com\/pt-br\/wp-json\/wp\/v2\/comments?post=32580"}],"wp:featuredmedia":[{"embeddable":true,"href":"https:\/\/www.myaquastore.com\/pt-br\/wp-json\/wp\/v2\/media\/2253"}],"wp:attachment":[{"href":"https:\/\/www.myaquastore.com\/pt-br\/wp-json\/wp\/v2\/media?parent=32580"}],"wp:term":[{"taxonomy":"product_brand","embeddable":true,"href":"https:\/\/www.myaquastore.com\/pt-br\/wp-json\/wp\/v2\/product_brand?post=32580"},{"taxonomy":"product_cat","embeddable":true,"href":"https:\/\/www.myaquastore.com\/pt-br\/wp-json\/wp\/v2\/product_cat?post=32580"},{"taxonomy":"product_tag","embeddable":true,"href":"https:\/\/www.myaquastore.com\/pt-br\/wp-json\/wp\/v2\/product_tag?post=32580"}],"curies":[{"name":"wp","href":"https:\/\/api.w.org\/{rel}","templated":true}]}}