{"id":32584,"date":"2016-09-25T23:27:40","date_gmt":"2016-09-25T23:27:40","guid":{"rendered":"https:\/\/www.myaquastore.com\/product\/aquecedores-de-aquario-de-aco-inoxidavel-100w-bt802\/"},"modified":"2025-03-16T08:20:08","modified_gmt":"2025-03-16T08:20:08","slug":"aquecedores-de-aquario-de-aco-inoxidavel-100w-bt802","status":"publish","type":"product","link":"https:\/\/www.myaquastore.com\/pt-br\/produto\/aquecedores-de-aquario-de-aco-inoxidavel-100w-bt802\/","title":{"rendered":"Aquecedores de aqu\u00e1rio de a\u00e7o inoxid\u00e1vel 100W BT802"},"content":{"rendered":"<article class=\"article richtext richtext-detail AE:disable\" id=\"richTextContainer\">\n<div style=\"clear:both\">\n<p><span style=\"font-family: 'times new roman', times;font-size: 24px\">Aquecedores de aqu\u00e1rio de a\u00e7o inoxid\u00e1vel 100W BT802 <\/span><\/p>\n<p><span style=\"font-family: 'times new roman', times;font-size: 24px\">1 Vidro \u00e0 prova de explos\u00e3o<\/span><br \/><span style=\"font-family: 'times new roman', times;font-size: 24px\">2 Isolamento duplo<\/span><br \/><span style=\"font-family: 'times new roman', times;font-size: 24px\">3 Design compacto, alta resist\u00eancia<\/span><br \/><span style=\"font-family: 'times new roman', times;font-size: 24px\">4 Precis\u00e3o de temperatura segura e confi\u00e1vel<\/span><br \/><span style=\"font-family: 'times new roman', times;font-size: 24px\">5 Adequado para \u00e1gua doce e salgada<\/span><\/p>\n<p><span style=\"font-family: 'times new roman', times\"><img decoding=\"async\" data-alt=\"Aquecedores de aqu\u00e1rio de a\u00e7o inoxid\u00e1vel de 100W BT802\" data-src=\"http:\/\/localhost\/media\/import\/detail\/HTB1KIcrHpXXXXXLaXXXq6xXFXXXq.jpg\" src=\"\"><img decoding=\"async\" alt=\"100W aquecedores de aqu\u00e1rio em a\u00e7o inoxid\u00e1vel BT802\" src=\"http:\/\/localhost\/media\/import\/detail\/HTB1KIcrHpXXXXXLaXXXq6xXFXXXq.jpg\"><img decoding=\"async\" data-alt=\"Aquecedores de aqu\u00e1rio de a\u00e7o inoxid\u00e1vel 100W BT802\" data-src=\"http:\/\/localhost\/media\/import\/detail\/HTB1e13wHpXXXXaCXFXXq6xXFXXXA.jpg\" src=\"\"><img decoding=\"async\" alt=\"100W aquecedores de aqu\u00e1rio em a\u00e7o inoxid\u00e1vel BT802\" src=\"http:\/\/localhost\/media\/import\/detail\/HTB1e13wHpXXXXaCXFXXq6xXFXXXA.jpg\"><img decoding=\"async\" data-alt=\"100W a\u00e7o inoxid\u00e1vel aquecedores de aqu\u00e1rio BT802\" data-src=\"http:\/\/localhost\/media\/import\/detail\/HTB1dVkxHpXXXXcWXpXXq6xXFXXX4.jpg\" src=\"\"><img decoding=\"async\" alt=\"100W aquecedores de aqu\u00e1rio de a\u00e7o inoxid\u00e1vel BT802\" src=\"http:\/\/localhost\/media\/import\/detail\/HTB1dVkxHpXXXXcWXpXXq6xXFXXX4.jpg\"><\/span><\/p>\n<div style=\"clear:both\"><\/div>\n<\/div>\n<\/article>\n","protected":false},"excerpt":{"rendered":"<p>Aquecedores de aqu\u00e1rio de a\u00e7o inoxid\u00e1vel 100W BT802<\/p>\n","protected":false},"featured_media":2261,"comment_status":"open","ping_status":"closed","template":"","meta":[],"product_brand":[],"product_cat":[627],"product_tag":[],"class_list":{"0":"post-32584","1":"product","2":"type-product","3":"status-publish","4":"has-post-thumbnail","6":"product_cat-filtros-de-aquario","8":"first","9":"instock","10":"shipping-taxable","11":"purchasable","12":"product-type-simple"},"_links":{"self":[{"href":"https:\/\/www.myaquastore.com\/pt-br\/wp-json\/wp\/v2\/product\/32584","targetHints":{"allow":["GET"]}}],"collection":[{"href":"https:\/\/www.myaquastore.com\/pt-br\/wp-json\/wp\/v2\/product"}],"about":[{"href":"https:\/\/www.myaquastore.com\/pt-br\/wp-json\/wp\/v2\/types\/product"}],"replies":[{"embeddable":true,"href":"https:\/\/www.myaquastore.com\/pt-br\/wp-json\/wp\/v2\/comments?post=32584"}],"wp:featuredmedia":[{"embeddable":true,"href":"https:\/\/www.myaquastore.com\/pt-br\/wp-json\/wp\/v2\/media\/2261"}],"wp:attachment":[{"href":"https:\/\/www.myaquastore.com\/pt-br\/wp-json\/wp\/v2\/media?parent=32584"}],"wp:term":[{"taxonomy":"product_brand","embeddable":true,"href":"https:\/\/www.myaquastore.com\/pt-br\/wp-json\/wp\/v2\/product_brand?post=32584"},{"taxonomy":"product_cat","embeddable":true,"href":"https:\/\/www.myaquastore.com\/pt-br\/wp-json\/wp\/v2\/product_cat?post=32584"},{"taxonomy":"product_tag","embeddable":true,"href":"https:\/\/www.myaquastore.com\/pt-br\/wp-json\/wp\/v2\/product_tag?post=32584"}],"curies":[{"name":"wp","href":"https:\/\/api.w.org\/{rel}","templated":true}]}}