{"id":32591,"date":"2016-09-25T23:27:40","date_gmt":"2016-09-25T23:27:40","guid":{"rendered":"https:\/\/www.myaquastore.com\/product\/limpador-raspador-magnetico-forte-hakawin\/"},"modified":"2025-03-16T08:20:09","modified_gmt":"2025-03-16T08:20:09","slug":"limpador-raspador-magnetico-forte-hakawin","status":"publish","type":"product","link":"https:\/\/www.myaquastore.com\/pt-br\/produto\/limpador-raspador-magnetico-forte-hakawin\/","title":{"rendered":"Limpador raspador magn\u00e9tico forte HAKAWIN"},"content":{"rendered":"<article class=\"article richtext richtext-detail AE:disable\" id=\"richTextContainer\">\n<div style=\"clear:both\">\n<p><span style=\"font-family: 'times new roman', times;font-size: 24px\"> Limpador raspador magn\u00e9tico forte HAKAWIN<\/span><\/p>\n<p><span style=\"font-family: 'times new roman', times;font-size: 24px\">1.conjunto de facas de a\u00e7o inoxid\u00e1vel pode ser montado facilmente<\/span><\/p>\n<p><span style=\"font-family: 'times new roman', times\">2.suit para tanque de aqu\u00e1rio de 3-10mm de espessura<\/span><\/p>\n<p><span style=\"font-family: 'times new roman', times\">3.a faca de pl\u00e1stico pode ser adequada para acr\u00edlico aqu\u00e1rio<\/span><\/p>\n<p><span style=\"font-family: 'times new roman', times;font-size: 24px\">4.packing \u00e9 48 <\/span><span style=\"line-height: 36px;font-family: 'times new roman', times;font-size: 24px\">pcs\/box<\/span><\/p>\n<\/p>\n<p><span style=\"line-height: 36px;font-family: 'times new roman', times;font-size: 24px\">5.embalagem elegante<\/span><\/p>\n<\/p>\n<p><span style=\"line-height: 36px;font-family: 'times new roman', times;font-size: 24px\">6.cores para escolha: azul.orange.and amarelo<\/span><\/p>\n<p><img decoding=\"async\" data-alt=\"HAKAWIN limpador de raspador magn\u00e9tico forte\" data-src=\"http:\/\/localhost\/media\/import\/detail\/HTB14dIyHpXXXXcRXXXXq6xXFXXXz.jpg\" src=\"\"><img decoding=\"async\" alt=\"Limpador raspador magn\u00e9tico forte HAKAWIN\" src=\"http:\/\/localhost\/media\/import\/detail\/HTB14dIyHpXXXXcRXXXXq6xXFXXXz.jpg\"><img decoding=\"async\" data-alt=\"Limpador raspador magn\u00e9tico forte HAKAWIN\" data-src=\"http:\/\/localhost\/media\/import\/detail\/HTB1JSorHpXXXXX2aXXXq6xXFXXXX.jpg\" src=\"\"><img decoding=\"async\" alt=\"HAKAWIN limpador de raspador magn\u00e9tico forte\" src=\"http:\/\/localhost\/media\/import\/detail\/HTB1JSorHpXXXXX2aXXXq6xXFXXXX.jpg\"><img decoding=\"async\" data-alt=\"HAKAWIN limpador de raspador magn\u00e9tico forte\" data-src=\"http:\/\/localhost\/media\/import\/detail\/HTB1IQczHpXXXXaqXXXXq6xXFXXXv.jpg\" src=\"\"><img decoding=\"async\" alt=\"HAKAWIN limpador de raspador magn\u00e9tico forte\" src=\"http:\/\/localhost\/media\/import\/detail\/HTB1IQczHpXXXXaqXXXXq6xXFXXXv.jpg\"><\/p>\n<div style=\"clear:both\"><\/div>\n<\/div>\n<\/article>\n","protected":false},"excerpt":{"rendered":"<p>Limpador raspador magn\u00e9tico forte HAKAWIN<\/p>\n","protected":false},"featured_media":2275,"comment_status":"open","ping_status":"closed","template":"","meta":[],"product_brand":[],"product_cat":[627],"product_tag":[],"class_list":{"0":"post-32591","1":"product","2":"type-product","3":"status-publish","4":"has-post-thumbnail","6":"product_cat-filtros-de-aquario","8":"first","9":"instock","10":"shipping-taxable","11":"purchasable","12":"product-type-simple"},"_links":{"self":[{"href":"https:\/\/www.myaquastore.com\/pt-br\/wp-json\/wp\/v2\/product\/32591","targetHints":{"allow":["GET"]}}],"collection":[{"href":"https:\/\/www.myaquastore.com\/pt-br\/wp-json\/wp\/v2\/product"}],"about":[{"href":"https:\/\/www.myaquastore.com\/pt-br\/wp-json\/wp\/v2\/types\/product"}],"replies":[{"embeddable":true,"href":"https:\/\/www.myaquastore.com\/pt-br\/wp-json\/wp\/v2\/comments?post=32591"}],"wp:featuredmedia":[{"embeddable":true,"href":"https:\/\/www.myaquastore.com\/pt-br\/wp-json\/wp\/v2\/media\/2275"}],"wp:attachment":[{"href":"https:\/\/www.myaquastore.com\/pt-br\/wp-json\/wp\/v2\/media?parent=32591"}],"wp:term":[{"taxonomy":"product_brand","embeddable":true,"href":"https:\/\/www.myaquastore.com\/pt-br\/wp-json\/wp\/v2\/product_brand?post=32591"},{"taxonomy":"product_cat","embeddable":true,"href":"https:\/\/www.myaquastore.com\/pt-br\/wp-json\/wp\/v2\/product_cat?post=32591"},{"taxonomy":"product_tag","embeddable":true,"href":"https:\/\/www.myaquastore.com\/pt-br\/wp-json\/wp\/v2\/product_tag?post=32591"}],"curies":[{"name":"wp","href":"https:\/\/api.w.org\/{rel}","templated":true}]}}